{"id":951,"date":"2019-10-24T12:12:23","date_gmt":"2019-10-24T12:12:23","guid":{"rendered":"http:\/\/www.kmetijstvo-polanec.si\/?page_id=951"},"modified":"2020-03-17T13:28:21","modified_gmt":"2020-03-17T13:28:21","slug":"vredo","status":"publish","type":"page","link":"http:\/\/www.kmetijstvo-polanec.si\/index.php\/vredo\/","title":{"rendered":"Vredo"},"content":{"rendered":"\t\t<div data-elementor-type=\"wp-page\" data-elementor-id=\"951\" class=\"elementor elementor-951\" data-elementor-settings=\"[]\">\n\t\t\t\t\t\t<div class=\"elementor-inner\">\n\t\t\t\t\t\t\t<div class=\"elementor-section-wrap\">\n\t\t\t\t\t\t\t<section class=\"elementor-section elementor-top-section elementor-element elementor-element-95d3968 elementor-section-boxed elementor-section-height-default elementor-section-height-default\" data-id=\"95d3968\" data-element_type=\"section\">\n\t\t\t\t\t\t<div class=\"elementor-container elementor-column-gap-default\">\n\t\t\t\t\t\t\t<div class=\"elementor-row\">\n\t\t\t\t\t<div class=\"elementor-column elementor-col-100 elementor-top-column elementor-element elementor-element-5085ab9\" data-id=\"5085ab9\" data-element_type=\"column\">\n\t\t\t<div class=\"elementor-column-wrap elementor-element-populated\">\n\t\t\t\t\t\t\t<div class=\"elementor-widget-wrap\">\n\t\t\t\t\t\t<div class=\"elementor-element elementor-element-470c4b2 elementor-widget elementor-widget-image\" data-id=\"470c4b2\" data-element_type=\"widget\" data-widget_type=\"image.default\">\n\t\t\t\t<div class=\"elementor-widget-container\">\n\t\t\t\t\t<div class=\"elementor-image\">\n\t\t\t\t\t\t\t\t\t\t<img width=\"700\" height=\"377\" src=\"http:\/\/www.kmetijstvo-polanec.si\/wp-content\/uploads\/2019\/10\/vredo.png\" class=\"attachment-medium_large size-medium_large\" alt=\"\" srcset=\"http:\/\/www.kmetijstvo-polanec.si\/wp-content\/uploads\/2019\/10\/vredo.png 700w, http:\/\/www.kmetijstvo-polanec.si\/wp-content\/uploads\/2019\/10\/vredo-300x162.png 300w\" sizes=\"(max-width: 700px) 100vw, 700px\" \/>\t\t\t\t\t\t\t\t\t\t\t<\/div>\n\t\t\t\t<\/div>\n\t\t\t\t<\/div>\n\t\t\t\t<div class=\"elementor-element elementor-element-76a4040 elementor-widget elementor-widget-htmega-imagegrid-addons\" data-id=\"76a4040\" data-element_type=\"widget\" data-widget_type=\"htmega-imagegrid-addons.default\">\n\t\t\t\t<div class=\"elementor-widget-container\">\n\t\t\t            <div class=\"htmega-gridimage-area htmega-image-gridstyle-2\" >\n                <div class=\"htb-row\">\n                                                <div class=\"htb-col-md-12 htb-col-sm-6 htb-col-12\">\n                                <div class=\"htmega-singleimage-grid htmega-singleimage-gridstyle-2\" >\n                                    <div class=\"thumb\">\n                                        <a href=\"http:\/\/www.kmetijstvo-polanec.si\/index.php\/serija-agri\/\"><img width=\"750\" height=\"500\" src=\"http:\/\/www.kmetijstvo-polanec.si\/wp-content\/uploads\/2019\/10\/Agri_4.jpg\" class=\"attachment-medium_large size-medium_large\" alt=\"\" srcset=\"http:\/\/www.kmetijstvo-polanec.si\/wp-content\/uploads\/2019\/10\/Agri_4.jpg 750w, http:\/\/www.kmetijstvo-polanec.si\/wp-content\/uploads\/2019\/10\/Agri_4-300x200.jpg 300w\" sizes=\"(max-width: 750px) 100vw, 750px\" \/><\/a>                                    <\/div>\n                                                                            <div class=\"image-grid-content\">\n                                            <div class=\"hover-action\">\n                                                <h2>Serija Agri<\/h2><a class=\"read-btn\" href=\"http:\/\/www.kmetijstvo-polanec.si\/index.php\/serija-agri\/\">Preberi ve\u010d<\/a>                                            <\/div>\n                                        <\/div>\n                                                                    <\/div>\n                            <\/div>\n\n                                        <\/div>\n            <\/div>\n\n        \t\t<\/div>\n\t\t\t\t<\/div>\n\t\t\t\t<div class=\"elementor-element elementor-element-6b34600 elementor-widget elementor-widget-htmega-imagegrid-addons\" data-id=\"6b34600\" data-element_type=\"widget\" data-widget_type=\"htmega-imagegrid-addons.default\">\n\t\t\t\t<div class=\"elementor-widget-container\">\n\t\t\t            <div class=\"htmega-gridimage-area htmega-image-gridstyle-2\" >\n                <div class=\"htb-row\">\n                                                <div class=\"htb-col-md-6 htb-col-sm-6 htb-col-12\">\n                                <div class=\"htmega-singleimage-grid htmega-singleimage-gridstyle-2\" >\n                                    <div class=\"thumb\">\n                                        <a href=\"http:\/\/www.kmetijstvo-polanec.si\/index.php\/serija-agri-air\/\"><img width=\"640\" height=\"480\" src=\"http:\/\/www.kmetijstvo-polanec.si\/wp-content\/uploads\/2019\/10\/Agri_AIR_7-640x480.jpg\" class=\"attachment-post-thumbnail size-post-thumbnail\" alt=\"\" \/><\/a>                                    <\/div>\n                                                                            <div class=\"image-grid-content\">\n                                            <div class=\"hover-action\">\n                                                <h2>Serija Agri AIR<\/h2><a class=\"read-btn\" href=\"http:\/\/www.kmetijstvo-polanec.si\/index.php\/serija-agri-air\/\">Preberi ve\u010d<\/a>                                            <\/div>\n                                        <\/div>\n                                                                    <\/div>\n                            <\/div>\n\n                                                    <div class=\"htb-col-md-6 htb-col-sm-6 htb-col-12\">\n                                <div class=\"htmega-singleimage-grid htmega-singleimage-gridstyle-2\" >\n                                    <div class=\"thumb\">\n                                        <a href=\"http:\/\/www.kmetijstvo-polanec.si\/index.php\/serija-compact\/\"><img width=\"640\" height=\"480\" src=\"http:\/\/www.kmetijstvo-polanec.si\/wp-content\/uploads\/2019\/10\/Compact_1-640x480.jpg\" class=\"attachment-post-thumbnail size-post-thumbnail\" alt=\"\" \/><\/a>                                    <\/div>\n                                                                            <div class=\"image-grid-content\">\n                                            <div class=\"hover-action\">\n                                                <h2>Serija Compact<\/h2><a class=\"read-btn\" href=\"http:\/\/www.kmetijstvo-polanec.si\/index.php\/serija-compact\/\">Preberi ve\u010d<\/a>                                            <\/div>\n                                        <\/div>\n                                                                    <\/div>\n                            <\/div>\n\n                                        <\/div>\n            <\/div>\n\n        \t\t<\/div>\n\t\t\t\t<\/div>\n\t\t\t\t\t\t<\/div>\n\t\t\t\t\t<\/div>\n\t\t<\/div>\n\t\t\t\t\t\t\t\t<\/div>\n\t\t\t\t\t<\/div>\n\t\t<\/section>\n\t\t\t\t\t\t<\/div>\n\t\t\t\t\t\t<\/div>\n\t\t\t\t\t<\/div>\n\t\t","protected":false},"excerpt":{"rendered":"<p>Serija Agri Preberi ve\u010d Serija Agri AIR Preberi ve\u010d Serija Compact Preberi ve\u010d<\/p>\n","protected":false},"author":1,"featured_media":0,"parent":0,"menu_order":0,"comment_status":"closed","ping_status":"closed","template":"elementor_header_footer","meta":[],"_links":{"self":[{"href":"http:\/\/www.kmetijstvo-polanec.si\/index.php\/wp-json\/wp\/v2\/pages\/951"}],"collection":[{"href":"http:\/\/www.kmetijstvo-polanec.si\/index.php\/wp-json\/wp\/v2\/pages"}],"about":[{"href":"http:\/\/www.kmetijstvo-polanec.si\/index.php\/wp-json\/wp\/v2\/types\/page"}],"author":[{"embeddable":true,"href":"http:\/\/www.kmetijstvo-polanec.si\/index.php\/wp-json\/wp\/v2\/users\/1"}],"replies":[{"embeddable":true,"href":"http:\/\/www.kmetijstvo-polanec.si\/index.php\/wp-json\/wp\/v2\/comments?post=951"}],"version-history":[{"count":8,"href":"http:\/\/www.kmetijstvo-polanec.si\/index.php\/wp-json\/wp\/v2\/pages\/951\/revisions"}],"predecessor-version":[{"id":2099,"href":"http:\/\/www.kmetijstvo-polanec.si\/index.php\/wp-json\/wp\/v2\/pages\/951\/revisions\/2099"}],"wp:attachment":[{"href":"http:\/\/www.kmetijstvo-polanec.si\/index.php\/wp-json\/wp\/v2\/media?parent=951"}],"curies":[{"name":"wp","href":"https:\/\/api.w.org\/{rel}","templated":true}]}}