{"id":805,"date":"2019-09-28T13:30:12","date_gmt":"2019-09-28T13:30:12","guid":{"rendered":"http:\/\/www.kmetijstvo-polanec.si\/?page_id=805"},"modified":"2020-02-21T09:21:55","modified_gmt":"2020-02-21T09:21:55","slug":"nakladalniki","status":"publish","type":"page","link":"http:\/\/www.kmetijstvo-polanec.si\/index.php\/nakladalniki\/","title":{"rendered":"Nakladalniki"},"content":{"rendered":"\t\t<div data-elementor-type=\"wp-page\" data-elementor-id=\"805\" class=\"elementor elementor-805\" data-elementor-settings=\"[]\">\n\t\t\t\t\t\t<div class=\"elementor-inner\">\n\t\t\t\t\t\t\t<div class=\"elementor-section-wrap\">\n\t\t\t\t\t\t\t<section class=\"elementor-section elementor-top-section elementor-element elementor-element-f69dec9 elementor-hidden-tablet elementor-hidden-phone elementor-section-boxed elementor-section-height-default elementor-section-height-default\" data-id=\"f69dec9\" data-element_type=\"section\">\n\t\t\t\t\t\t<div class=\"elementor-container elementor-column-gap-default\">\n\t\t\t\t\t\t\t<div class=\"elementor-row\">\n\t\t\t\t\t<div class=\"elementor-column elementor-col-100 elementor-top-column elementor-element elementor-element-4724e32\" data-id=\"4724e32\" data-element_type=\"column\">\n\t\t\t<div class=\"elementor-column-wrap elementor-element-populated\">\n\t\t\t\t\t\t\t<div class=\"elementor-widget-wrap\">\n\t\t\t\t\t\t<div class=\"elementor-element elementor-element-96c1014 elementor-hidden-tablet elementor-hidden-phone elementor-widget elementor-widget-spacer\" data-id=\"96c1014\" data-element_type=\"widget\" data-widget_type=\"spacer.default\">\n\t\t\t\t<div class=\"elementor-widget-container\">\n\t\t\t\t\t<div class=\"elementor-spacer\">\n\t\t\t<div class=\"elementor-spacer-inner\"><\/div>\n\t\t<\/div>\n\t\t\t\t<\/div>\n\t\t\t\t<\/div>\n\t\t\t\t\t\t<\/div>\n\t\t\t\t\t<\/div>\n\t\t<\/div>\n\t\t\t\t\t\t\t\t<\/div>\n\t\t\t\t\t<\/div>\n\t\t<\/section>\n\t\t\t\t<section class=\"elementor-section elementor-top-section elementor-element elementor-element-00249ce elementor-section-boxed elementor-section-height-default elementor-section-height-default\" data-id=\"00249ce\" data-element_type=\"section\">\n\t\t\t\t\t\t<div class=\"elementor-container elementor-column-gap-default\">\n\t\t\t\t\t\t\t<div class=\"elementor-row\">\n\t\t\t\t\t<div class=\"elementor-column elementor-col-66 elementor-top-column elementor-element elementor-element-b9805b8\" data-id=\"b9805b8\" data-element_type=\"column\">\n\t\t\t<div class=\"elementor-column-wrap elementor-element-populated\">\n\t\t\t\t\t\t\t<div class=\"elementor-widget-wrap\">\n\t\t\t\t\t\t<div class=\"elementor-element elementor-element-abf5687 animated-slow elementor-invisible elementor-widget elementor-widget-image\" data-id=\"abf5687\" data-element_type=\"widget\" data-settings=\"{&quot;_animation&quot;:&quot;fadeInLeft&quot;,&quot;_animation_delay&quot;:600}\" data-widget_type=\"image.default\">\n\t\t\t\t<div class=\"elementor-widget-container\">\n\t\t\t\t\t<div class=\"elementor-image\">\n\t\t\t\t\t\t\t\t\t\t\t<a href=\"http:\/\/www.kmetijstvo-polanec.si\/wp-content\/uploads\/2020\/02\/Letak-13-TLF-Letak-SLO-Mail.pdf\" target=\"_blank\">\n\t\t\t\t\t\t\t<img src=\"http:\/\/www.kmetijstvo-polanec.si\/wp-content\/uploads\/elementor\/thumbs\/nakladalniki-ojp88ldd102bkscpcnzhb0f9am37en7lyty8lq5w5c.png\" title=\"nakladalniki\" alt=\"nakladalniki\" class=\"elementor-animation-grow-rotate\" \/>\t\t\t\t\t\t\t\t<\/a>\n\t\t\t\t\t\t\t\t\t\t\t<\/div>\n\t\t\t\t<\/div>\n\t\t\t\t<\/div>\n\t\t\t\t\t\t<\/div>\n\t\t\t\t\t<\/div>\n\t\t<\/div>\n\t\t\t\t<div class=\"elementor-column elementor-col-33 elementor-top-column elementor-element elementor-element-afefab4\" data-id=\"afefab4\" data-element_type=\"column\">\n\t\t\t<div class=\"elementor-column-wrap elementor-element-populated\">\n\t\t\t\t\t\t\t<div class=\"elementor-widget-wrap\">\n\t\t\t\t\t\t<div class=\"elementor-element elementor-element-3d9afbf elementor-widget elementor-widget-spacer\" data-id=\"3d9afbf\" data-element_type=\"widget\" data-widget_type=\"spacer.default\">\n\t\t\t\t<div class=\"elementor-widget-container\">\n\t\t\t\t\t<div class=\"elementor-spacer\">\n\t\t\t<div class=\"elementor-spacer-inner\"><\/div>\n\t\t<\/div>\n\t\t\t\t<\/div>\n\t\t\t\t<\/div>\n\t\t\t\t<div class=\"elementor-element elementor-element-5a9ae44 animated-slow elementor-invisible elementor-widget elementor-widget-heading\" data-id=\"5a9ae44\" data-element_type=\"widget\" data-settings=\"{&quot;_animation&quot;:&quot;fadeInRight&quot;}\" data-widget_type=\"heading.default\">\n\t\t\t\t<div class=\"elementor-widget-container\">\n\t\t\t<h2 class=\"elementor-heading-title elementor-size-default\">Nakladalniki<\/h2>\t\t<\/div>\n\t\t\t\t<\/div>\n\t\t\t\t<div class=\"elementor-element elementor-element-2662a7b elementor-widget elementor-widget-spacer\" data-id=\"2662a7b\" data-element_type=\"widget\" data-widget_type=\"spacer.default\">\n\t\t\t\t<div class=\"elementor-widget-container\">\n\t\t\t\t\t<div class=\"elementor-spacer\">\n\t\t\t<div class=\"elementor-spacer-inner\"><\/div>\n\t\t<\/div>\n\t\t\t\t<\/div>\n\t\t\t\t<\/div>\n\t\t\t\t<div class=\"elementor-element elementor-element-f1eedb8 animated-slow elementor-invisible elementor-widget elementor-widget-text-editor\" data-id=\"f1eedb8\" data-element_type=\"widget\" data-settings=\"{&quot;_animation&quot;:&quot;fadeInRight&quot;,&quot;_animation_delay&quot;:300}\" data-widget_type=\"text-editor.default\">\n\t\t\t\t<div class=\"elementor-widget-container\">\n\t\t\t\t\t<div class=\"elementor-text-editor elementor-clearfix\"><p>Danes si je te\u017eko predstavljati kme\u010dka, gradbena in komunalna dela brez kvalitetnega \u010delnega nakladalca. V zadnjih letih so postali \u010delni nakladalci nepogre\u0161ljivi za vse, ki \u017eelijo uspe\u0161no in u\u010dinkovito opravljati dela v kmetijstvu. Tovarna Trac-Lift \u017ee 30 let konstruira in proizvaja \u010delne nakladalce. Svoje izdelke prilagaja potrebam uporabnikov.\u00a0<\/p><p>Serija \u010delnih nakladalcev Trac-Lift Profi Line, je sedaj na voljo tudi na slovenskem trgu. \u00bb\u010celne nakladalce s \u0161iroko paleto priklju\u010dkov je mogo\u010de montirati na razli\u010dne znamke traktorjev (Zetor, Case, New Holland, John Deere, Belarus).\u00a0<\/p><\/div>\n\t\t\t\t<\/div>\n\t\t\t\t<\/div>\n\t\t\t\t<div class=\"elementor-element elementor-element-9c080dd animated-slow elementor-invisible elementor-widget elementor-widget-image\" data-id=\"9c080dd\" data-element_type=\"widget\" data-settings=\"{&quot;_animation&quot;:&quot;fadeInRight&quot;}\" data-widget_type=\"image.default\">\n\t\t\t\t<div class=\"elementor-widget-container\">\n\t\t\t\t\t<div class=\"elementor-image\">\n\t\t\t\t\t\t\t\t\t\t<img width=\"920\" height=\"267\" src=\"http:\/\/www.kmetijstvo-polanec.si\/wp-content\/uploads\/2019\/09\/1280px-Logo_Zetor-1024x297.png\" class=\"attachment-large size-large\" alt=\"\" srcset=\"http:\/\/www.kmetijstvo-polanec.si\/wp-content\/uploads\/2019\/09\/1280px-Logo_Zetor-1024x297.png 1024w, http:\/\/www.kmetijstvo-polanec.si\/wp-content\/uploads\/2019\/09\/1280px-Logo_Zetor-300x87.png 300w, http:\/\/www.kmetijstvo-polanec.si\/wp-content\/uploads\/2019\/09\/1280px-Logo_Zetor-768x223.png 768w, http:\/\/www.kmetijstvo-polanec.si\/wp-content\/uploads\/2019\/09\/1280px-Logo_Zetor.png 1280w\" sizes=\"(max-width: 920px) 100vw, 920px\" \/>\t\t\t\t\t\t\t\t\t\t\t<\/div>\n\t\t\t\t<\/div>\n\t\t\t\t<\/div>\n\t\t\t\t\t\t<\/div>\n\t\t\t\t\t<\/div>\n\t\t<\/div>\n\t\t\t\t\t\t\t\t<\/div>\n\t\t\t\t\t<\/div>\n\t\t<\/section>\n\t\t\t\t\t\t<\/div>\n\t\t\t\t\t\t<\/div>\n\t\t\t\t\t<\/div>\n\t\t","protected":false},"excerpt":{"rendered":"<p>Nakladalniki Danes si je te\u017eko predstavljati kme\u010dka, gradbena in komunalna dela brez kvalitetnega \u010delnega nakladalca. V zadnjih letih so postali \u010delni nakladalci nepogre\u0161ljivi za vse, ki \u017eelijo uspe\u0161no in u\u010dinkovito<\/p>\n<p class=\"more-link\"><a href=\"http:\/\/www.kmetijstvo-polanec.si\/index.php\/nakladalniki\/\" class=\"readmore\">Ve\u010d<svg class=\"icon icon-angle-right\" aria-hidden=\"true\" role=\"img\"> <use href=\"#icon-angle-right\" xlink:href=\"#icon-angle-right\"><\/use> <\/svg><span class=\"screen-reader-text\">Nakladalniki<\/span><\/a><\/p>\n","protected":false},"author":1,"featured_media":0,"parent":0,"menu_order":0,"comment_status":"closed","ping_status":"closed","template":"elementor_header_footer","meta":[],"_links":{"self":[{"href":"http:\/\/www.kmetijstvo-polanec.si\/index.php\/wp-json\/wp\/v2\/pages\/805"}],"collection":[{"href":"http:\/\/www.kmetijstvo-polanec.si\/index.php\/wp-json\/wp\/v2\/pages"}],"about":[{"href":"http:\/\/www.kmetijstvo-polanec.si\/index.php\/wp-json\/wp\/v2\/types\/page"}],"author":[{"embeddable":true,"href":"http:\/\/www.kmetijstvo-polanec.si\/index.php\/wp-json\/wp\/v2\/users\/1"}],"replies":[{"embeddable":true,"href":"http:\/\/www.kmetijstvo-polanec.si\/index.php\/wp-json\/wp\/v2\/comments?post=805"}],"version-history":[{"count":12,"href":"http:\/\/www.kmetijstvo-polanec.si\/index.php\/wp-json\/wp\/v2\/pages\/805\/revisions"}],"predecessor-version":[{"id":1576,"href":"http:\/\/www.kmetijstvo-polanec.si\/index.php\/wp-json\/wp\/v2\/pages\/805\/revisions\/1576"}],"wp:attachment":[{"href":"http:\/\/www.kmetijstvo-polanec.si\/index.php\/wp-json\/wp\/v2\/media?parent=805"}],"curies":[{"name":"wp","href":"https:\/\/api.w.org\/{rel}","templated":true}]}}