{"id":417,"date":"2019-09-24T20:46:41","date_gmt":"2019-09-24T20:46:41","guid":{"rendered":"http:\/\/www.kmetijstvo-polanec.si\/?page_id=417"},"modified":"2020-02-21T09:19:04","modified_gmt":"2020-02-21T09:19:04","slug":"traktor-proxima","status":"publish","type":"page","link":"http:\/\/www.kmetijstvo-polanec.si\/index.php\/traktor-proxima\/","title":{"rendered":"Traktor Proxima"},"content":{"rendered":"\t\t<div data-elementor-type=\"wp-page\" data-elementor-id=\"417\" class=\"elementor elementor-417\" data-elementor-settings=\"[]\">\n\t\t\t\t\t\t<div class=\"elementor-inner\">\n\t\t\t\t\t\t\t<div class=\"elementor-section-wrap\">\n\t\t\t\t\t\t\t<section class=\"elementor-section elementor-top-section elementor-element elementor-element-b38ec21 elementor-section-boxed elementor-section-height-default elementor-section-height-default\" data-id=\"b38ec21\" data-element_type=\"section\" data-settings=\"{&quot;background_background&quot;:&quot;classic&quot;}\">\n\t\t\t\t\t\t<div class=\"elementor-container elementor-column-gap-default\">\n\t\t\t\t\t\t\t<div class=\"elementor-row\">\n\t\t\t\t\t<div class=\"elementor-column elementor-col-100 elementor-top-column elementor-element elementor-element-9d22365\" data-id=\"9d22365\" data-element_type=\"column\">\n\t\t\t<div class=\"elementor-column-wrap elementor-element-populated\">\n\t\t\t\t\t\t\t<div class=\"elementor-widget-wrap\">\n\t\t\t\t\t\t<div class=\"elementor-element elementor-element-c96ea87 elementor-hidden-tablet elementor-hidden-phone elementor-widget elementor-widget-spacer\" data-id=\"c96ea87\" data-element_type=\"widget\" data-widget_type=\"spacer.default\">\n\t\t\t\t<div class=\"elementor-widget-container\">\n\t\t\t\t\t<div class=\"elementor-spacer\">\n\t\t\t<div class=\"elementor-spacer-inner\"><\/div>\n\t\t<\/div>\n\t\t\t\t<\/div>\n\t\t\t\t<\/div>\n\t\t\t\t<div class=\"elementor-element elementor-element-21c2a8e animated-slow elementor-invisible elementor-widget elementor-widget-heading\" data-id=\"21c2a8e\" data-element_type=\"widget\" data-settings=\"{&quot;_animation&quot;:&quot;fadeInLeft&quot;}\" data-widget_type=\"heading.default\">\n\t\t\t\t<div class=\"elementor-widget-container\">\n\t\t\t<h2 class=\"elementor-heading-title elementor-size-default\"><span data-elementor-setting-key=\"title\" data-pen-placeholder=\"Type Here...\" style=\"clear: both; text-rendering: optimizeLegibility; font-size: 2.25rem; color: rgb(247, 53, 0);\">Traktor Proxima<\/span><\/h2>\t\t<\/div>\n\t\t\t\t<\/div>\n\t\t\t\t<div class=\"elementor-element elementor-element-a092e30 elementor-widget elementor-widget-spacer\" data-id=\"a092e30\" data-element_type=\"widget\" data-widget_type=\"spacer.default\">\n\t\t\t\t<div class=\"elementor-widget-container\">\n\t\t\t\t\t<div class=\"elementor-spacer\">\n\t\t\t<div class=\"elementor-spacer-inner\"><\/div>\n\t\t<\/div>\n\t\t\t\t<\/div>\n\t\t\t\t<\/div>\n\t\t\t\t<div class=\"elementor-element elementor-element-f4bd029 animated-slow elementor-invisible elementor-widget elementor-widget-text-editor\" data-id=\"f4bd029\" data-element_type=\"widget\" data-settings=\"{&quot;_animation&quot;:&quot;fadeInLeft&quot;,&quot;_animation_delay&quot;:300}\" data-widget_type=\"text-editor.default\">\n\t\t\t\t<div class=\"elementor-widget-container\">\n\t\t\t\t\t<div class=\"elementor-text-editor elementor-clearfix\"><p>Traktorji serije Zetor Proxima so na voljo z odli\u010dnimi turbodizelskimi motorji, mo\u010di 65, 76, 89 in 97 KM. Motorji izpolnjujejo pogoje evropskih direktiv o porabi goriva in izpu\u0161nih plinov. Traktorje te serije odlikujejo predvsem zanesljivost, visoka zmogljivost in nizki stro\u0161ki vzdr\u017eevanja. Kot vsi ostali traktorji Zetor so \u017ee v osnovnem modelu opremljeni s kompresorjem in avtomatsko kljuko za enoosno prikolico, nastavljivim volanom, sovoznikovim sede\u017eem, delovnimi lu\u010dmi in \u0161estimi hidravli\u010dnih priklju\u010dki s sistemom za lovljenje olja.<\/p><\/div>\n\t\t\t\t<\/div>\n\t\t\t\t<\/div>\n\t\t\t\t<section class=\"elementor-section elementor-inner-section elementor-element elementor-element-b41d3a2 elementor-section-boxed elementor-section-height-default elementor-section-height-default\" data-id=\"b41d3a2\" data-element_type=\"section\">\n\t\t\t\t\t\t<div class=\"elementor-container elementor-column-gap-default\">\n\t\t\t\t\t\t\t<div class=\"elementor-row\">\n\t\t\t\t\t<div class=\"elementor-column elementor-col-50 elementor-inner-column elementor-element elementor-element-92437d2\" data-id=\"92437d2\" data-element_type=\"column\">\n\t\t\t<div class=\"elementor-column-wrap elementor-element-populated\">\n\t\t\t\t\t\t\t<div class=\"elementor-widget-wrap\">\n\t\t\t\t\t\t<div class=\"elementor-element elementor-element-4ebf6ae animated-slow elementor-invisible elementor-widget elementor-widget-image\" data-id=\"4ebf6ae\" data-element_type=\"widget\" data-settings=\"{&quot;_animation&quot;:&quot;fadeInLeft&quot;,&quot;_animation_delay&quot;:600}\" data-widget_type=\"image.default\">\n\t\t\t\t<div class=\"elementor-widget-container\">\n\t\t\t\t\t<div class=\"elementor-image\">\n\t\t\t\t\t\t\t<figure class=\"wp-caption\">\n\t\t\t\t\t\t\t\t\t\t\t<a href=\"http:\/\/www.kmetijstvo-polanec.si\/wp-content\/uploads\/2020\/02\/Letak-2-LETAK_PROXIMA_SLO.pdf\" target=\"_blank\">\n\t\t\t\t\t\t\t<img src=\"http:\/\/www.kmetijstvo-polanec.si\/wp-content\/uploads\/elementor\/thumbs\/Proxima-1-ojp9dqr07wdxlxwrweza72opay1kqokznrcjxbvym8.png\" title=\"Proxima\" alt=\"Proxima\" class=\"elementor-animation-grow-rotate\" \/>\t\t\t\t\t\t\t\t<\/a>\n\t\t\t\t\t\t\t\t\t\t\t<figcaption class=\"widget-image-caption wp-caption-text\">PDF<\/figcaption>\n\t\t\t\t\t\t\t\t\t\t<\/figure>\n\t\t\t\t\t<\/div>\n\t\t\t\t<\/div>\n\t\t\t\t<\/div>\n\t\t\t\t\t\t<\/div>\n\t\t\t\t\t<\/div>\n\t\t<\/div>\n\t\t\t\t<div class=\"elementor-column elementor-col-50 elementor-inner-column elementor-element elementor-element-dc594df\" data-id=\"dc594df\" data-element_type=\"column\">\n\t\t\t<div class=\"elementor-column-wrap elementor-element-populated\">\n\t\t\t\t\t\t\t<div class=\"elementor-widget-wrap\">\n\t\t\t\t\t\t<div class=\"elementor-element elementor-element-5b90517 elementor-widget elementor-widget-spacer\" data-id=\"5b90517\" data-element_type=\"widget\" data-widget_type=\"spacer.default\">\n\t\t\t\t<div class=\"elementor-widget-container\">\n\t\t\t\t\t<div class=\"elementor-spacer\">\n\t\t\t<div class=\"elementor-spacer-inner\"><\/div>\n\t\t<\/div>\n\t\t\t\t<\/div>\n\t\t\t\t<\/div>\n\t\t\t\t<div class=\"elementor-element elementor-element-610813b animated-slow elementor-invisible elementor-widget elementor-widget-text-editor\" data-id=\"610813b\" data-element_type=\"widget\" data-settings=\"{&quot;_animation&quot;:&quot;fadeInRight&quot;,&quot;_animation_delay&quot;:300}\" data-widget_type=\"text-editor.default\">\n\t\t\t\t<div class=\"elementor-widget-container\">\n\t\t\t\t\t<div class=\"elementor-text-editor elementor-clearfix\"><p>Traktorje serije PROXIMA je mogo\u010de prilagoditi za vse vrste terena in opremiti tudi za razli\u010dne namene uporabe.<\/p><p>Modeli Zetor PROXIMA PLUS se uvr\u0161\u010dajo v kategorijo srednje te\u017ekih traktorjev in uporabniku prina\u0161ajo predvsem PLUSE! Na voljo so z motorji mo\u010di: 89, 97 in 108 KM. PROXIMA PLUS ima menjalnik 16+16 s &#8221;polovi\u010dkami&#8221; ter mehansko spreminjanje smeri vo\u017enje naprej &#8211; nazaj. Opcijsko je na voljo EHR hidravlika, klima, pnevmatski sede\u017e in \u0161e veliko druge dodatne opreme.<\/p><p>Modeli Zetor PROXIMA POWER so \u0161e mo\u010dnej\u0161i: z motorji mo\u010di od 89 do 117 KM. Prednosti Proxime Power so hlajena sklopka, zni\u017ean nivo hrupa in nizka poraba goriva in predvsem menjalnik powership 24\/24 (3-stopenjski) z EH invertorjem, ki omogo\u010da izredno natan\u010dno izbiro \u017eelene delovne ali potovalne hitrosti. Ro\u010dica EH invertorja je priro\u010dno name\u0161\u010dena na levi strani volana, Power shuttle sistem pa omogo\u010da vozniku traktorja prestavljanje brez uporabe sklopke.<\/p><p>\u00a0<\/p><\/div>\n\t\t\t\t<\/div>\n\t\t\t\t<\/div>\n\t\t\t\t\t\t<\/div>\n\t\t\t\t\t<\/div>\n\t\t<\/div>\n\t\t\t\t\t\t\t\t<\/div>\n\t\t\t\t\t<\/div>\n\t\t<\/section>\n\t\t\t\t<section class=\"elementor-section elementor-inner-section elementor-element elementor-element-a52f5f0 elementor-section-boxed elementor-section-height-default elementor-section-height-default\" data-id=\"a52f5f0\" data-element_type=\"section\">\n\t\t\t\t\t\t<div class=\"elementor-container elementor-column-gap-default\">\n\t\t\t\t\t\t\t<div class=\"elementor-row\">\n\t\t\t\t\t<div class=\"elementor-column elementor-col-100 elementor-inner-column elementor-element elementor-element-ceed2fe\" data-id=\"ceed2fe\" data-element_type=\"column\">\n\t\t\t<div class=\"elementor-column-wrap elementor-element-populated\">\n\t\t\t\t\t\t\t<div class=\"elementor-widget-wrap\">\n\t\t\t\t\t\t<div class=\"elementor-element elementor-element-5954afb animated-slow elementor-invisible elementor-widget elementor-widget-htmega-thumbgallery-addons\" data-id=\"5954afb\" data-element_type=\"widget\" data-settings=\"{&quot;_animation&quot;:&quot;fadeIn&quot;}\" data-widget_type=\"htmega-thumbgallery-addons.default\">\n\t\t\t\t<div class=\"elementor-widget-container\">\n\t\t\t            <div class=\"htmega-sliderarea htmega-thumbnails-style-1\" >\n                <div class=\"htb-row row--5 htb-align-items-center mt--40\">\n\n                                            <div class=\"htb-col-lg-10 htb-col-md-10 htb-col-sm-10\">\n                            <div class=\"ht-thumb-gallery\">\n                                <ul class=\"htmega-thumbgallery-for htmega-arrow-1\" data-settings=\"{&quot;arrows&quot;:true,&quot;arrow_prev_txt&quot;:&quot;&lt;i aria-hidden=\\&quot;true\\&quot; class=\\&quot;fas fa-angle-left\\&quot;&gt;&lt;\\\/i&gt;&quot;,&quot;arrow_next_txt&quot;:&quot;&lt;i aria-hidden=\\&quot;true\\&quot; class=\\&quot;fas fa-angle-right\\&quot;&gt;&lt;\\\/i&gt;&quot;,&quot;dots&quot;:false,&quot;autoplay&quot;:true,&quot;autoplay_speed&quot;:3000,&quot;animation_speed&quot;:300,&quot;pause_on_hover&quot;:true,&quot;center_mode&quot;:false,&quot;center_padding&quot;:0,&quot;display_columns&quot;:1,&quot;scroll_columns&quot;:1,&quot;tablet_width&quot;:750,&quot;tablet_display_columns&quot;:1,&quot;tablet_scroll_columns&quot;:1,&quot;mobile_width&quot;:480,&quot;mobile_display_columns&quot;:1,&quot;mobile_scroll_columns&quot;:1}\">\n                                                                            <li>\n                                            <img width=\"920\" height=\"650\" src=\"http:\/\/www.kmetijstvo-polanec.si\/wp-content\/uploads\/2019\/09\/Proxima_2-1-1024x723.jpg\" class=\"attachment-large size-large\" alt=\"\" srcset=\"http:\/\/www.kmetijstvo-polanec.si\/wp-content\/uploads\/2019\/09\/Proxima_2-1-1024x723.jpg 1024w, http:\/\/www.kmetijstvo-polanec.si\/wp-content\/uploads\/2019\/09\/Proxima_2-1-300x212.jpg 300w, http:\/\/www.kmetijstvo-polanec.si\/wp-content\/uploads\/2019\/09\/Proxima_2-1-768x542.jpg 768w, http:\/\/www.kmetijstvo-polanec.si\/wp-content\/uploads\/2019\/09\/Proxima_2-1.jpg 1200w\" sizes=\"(max-width: 920px) 100vw, 920px\" \/>                                        <\/li>\n                                                                            <li>\n                                            <img width=\"920\" height=\"657\" src=\"http:\/\/www.kmetijstvo-polanec.si\/wp-content\/uploads\/2019\/09\/Proxima_1-1024x731.jpg\" class=\"attachment-large size-large\" alt=\"\" srcset=\"http:\/\/www.kmetijstvo-polanec.si\/wp-content\/uploads\/2019\/09\/Proxima_1-1024x731.jpg 1024w, http:\/\/www.kmetijstvo-polanec.si\/wp-content\/uploads\/2019\/09\/Proxima_1-300x214.jpg 300w, http:\/\/www.kmetijstvo-polanec.si\/wp-content\/uploads\/2019\/09\/Proxima_1-768x548.jpg 768w, http:\/\/www.kmetijstvo-polanec.si\/wp-content\/uploads\/2019\/09\/Proxima_1.jpg 1200w\" sizes=\"(max-width: 920px) 100vw, 920px\" \/>                                        <\/li>\n                                                                            <li>\n                                            <img width=\"920\" height=\"766\" src=\"http:\/\/www.kmetijstvo-polanec.si\/wp-content\/uploads\/2019\/09\/Proxima_3-1024x853.jpg\" class=\"attachment-large size-large\" alt=\"\" srcset=\"http:\/\/www.kmetijstvo-polanec.si\/wp-content\/uploads\/2019\/09\/Proxima_3-1024x853.jpg 1024w, http:\/\/www.kmetijstvo-polanec.si\/wp-content\/uploads\/2019\/09\/Proxima_3-300x250.jpg 300w, http:\/\/www.kmetijstvo-polanec.si\/wp-content\/uploads\/2019\/09\/Proxima_3-768x640.jpg 768w, http:\/\/www.kmetijstvo-polanec.si\/wp-content\/uploads\/2019\/09\/Proxima_3.jpg 1200w\" sizes=\"(max-width: 920px) 100vw, 920px\" \/>                                        <\/li>\n                                                                    <\/ul>\n\n                            <\/div>\n                        <\/div>\n\n                        <div class=\"htb-col-lg-2 htb-col-md-2 htb-col-sm-2\">\n                            <div class=\"htmega-thumbgallery-nav \" data-navsettings=\"{&quot;navarrows&quot;:true,&quot;navarrow_prev_txt&quot;:&quot;&lt;i aria-hidden=\\&quot;true\\&quot; class=\\&quot;fas fa-angle-left\\&quot;&gt;&lt;\\\/i&gt;&quot;,&quot;navarrow_next_txt&quot;:&quot;&lt;i aria-hidden=\\&quot;true\\&quot; class=\\&quot;fas fa-angle-right\\&quot;&gt;&lt;\\\/i&gt;&quot;,&quot;navdots&quot;:false,&quot;navvertical&quot;:true,&quot;navautoplay&quot;:true,&quot;navautoplay_speed&quot;:3000,&quot;navanimation_speed&quot;:300,&quot;navpause_on_hover&quot;:true,&quot;navcenter_mode&quot;:false,&quot;navcenter_padding&quot;:0,&quot;navdisplay_columns&quot;:4,&quot;navscroll_columns&quot;:1,&quot;navtablet_width&quot;:750,&quot;navtablet_display_columns&quot;:1,&quot;navtablet_scroll_columns&quot;:1,&quot;navmobile_width&quot;:480,&quot;navmobile_display_columns&quot;:1,&quot;navmobile_scroll_columns&quot;:1}\" >\n                                                                    <div class=\"small-thumb\">\n                                        <img width=\"920\" height=\"650\" src=\"http:\/\/www.kmetijstvo-polanec.si\/wp-content\/uploads\/2019\/09\/Proxima_2-1-1024x723.jpg\" class=\"attachment-large size-large\" alt=\"\" srcset=\"http:\/\/www.kmetijstvo-polanec.si\/wp-content\/uploads\/2019\/09\/Proxima_2-1-1024x723.jpg 1024w, http:\/\/www.kmetijstvo-polanec.si\/wp-content\/uploads\/2019\/09\/Proxima_2-1-300x212.jpg 300w, http:\/\/www.kmetijstvo-polanec.si\/wp-content\/uploads\/2019\/09\/Proxima_2-1-768x542.jpg 768w, http:\/\/www.kmetijstvo-polanec.si\/wp-content\/uploads\/2019\/09\/Proxima_2-1.jpg 1200w\" sizes=\"(max-width: 920px) 100vw, 920px\" \/>                                    <\/div>\n                                                                    <div class=\"small-thumb\">\n                                        <img width=\"920\" height=\"657\" src=\"http:\/\/www.kmetijstvo-polanec.si\/wp-content\/uploads\/2019\/09\/Proxima_1-1024x731.jpg\" class=\"attachment-large size-large\" alt=\"\" srcset=\"http:\/\/www.kmetijstvo-polanec.si\/wp-content\/uploads\/2019\/09\/Proxima_1-1024x731.jpg 1024w, http:\/\/www.kmetijstvo-polanec.si\/wp-content\/uploads\/2019\/09\/Proxima_1-300x214.jpg 300w, http:\/\/www.kmetijstvo-polanec.si\/wp-content\/uploads\/2019\/09\/Proxima_1-768x548.jpg 768w, http:\/\/www.kmetijstvo-polanec.si\/wp-content\/uploads\/2019\/09\/Proxima_1.jpg 1200w\" sizes=\"(max-width: 920px) 100vw, 920px\" \/>                                    <\/div>\n                                                                    <div class=\"small-thumb\">\n                                        <img width=\"920\" height=\"766\" src=\"http:\/\/www.kmetijstvo-polanec.si\/wp-content\/uploads\/2019\/09\/Proxima_3-1024x853.jpg\" class=\"attachment-large size-large\" alt=\"\" srcset=\"http:\/\/www.kmetijstvo-polanec.si\/wp-content\/uploads\/2019\/09\/Proxima_3-1024x853.jpg 1024w, http:\/\/www.kmetijstvo-polanec.si\/wp-content\/uploads\/2019\/09\/Proxima_3-300x250.jpg 300w, http:\/\/www.kmetijstvo-polanec.si\/wp-content\/uploads\/2019\/09\/Proxima_3-768x640.jpg 768w, http:\/\/www.kmetijstvo-polanec.si\/wp-content\/uploads\/2019\/09\/Proxima_3.jpg 1200w\" sizes=\"(max-width: 920px) 100vw, 920px\" \/>                                    <\/div>\n                                                            <\/div>\n                        <\/div>\n                    \n                    <!-- End Thumb Gallery -->\n                <\/div>\n            <\/div>\n\n        \t\t<\/div>\n\t\t\t\t<\/div>\n\t\t\t\t\t\t<\/div>\n\t\t\t\t\t<\/div>\n\t\t<\/div>\n\t\t\t\t\t\t\t\t<\/div>\n\t\t\t\t\t<\/div>\n\t\t<\/section>\n\t\t\t\t\t\t<\/div>\n\t\t\t\t\t<\/div>\n\t\t<\/div>\n\t\t\t\t\t\t\t\t<\/div>\n\t\t\t\t\t<\/div>\n\t\t<\/section>\n\t\t\t\t\t\t<\/div>\n\t\t\t\t\t\t<\/div>\n\t\t\t\t\t<\/div>\n\t\t","protected":false},"excerpt":{"rendered":"<p>Traktor Proxima Traktorji serije Zetor Proxima so na voljo z odli\u010dnimi turbodizelskimi motorji, mo\u010di 65, 76, 89 in 97 KM. Motorji izpolnjujejo pogoje evropskih direktiv o porabi goriva in izpu\u0161nih<\/p>\n<p class=\"more-link\"><a href=\"http:\/\/www.kmetijstvo-polanec.si\/index.php\/traktor-proxima\/\" class=\"readmore\">Ve\u010d<svg class=\"icon icon-angle-right\" aria-hidden=\"true\" role=\"img\"> <use href=\"#icon-angle-right\" xlink:href=\"#icon-angle-right\"><\/use> <\/svg><span class=\"screen-reader-text\">Traktor Proxima<\/span><\/a><\/p>\n","protected":false},"author":1,"featured_media":0,"parent":0,"menu_order":0,"comment_status":"closed","ping_status":"closed","template":"elementor_header_footer","meta":[],"_links":{"self":[{"href":"http:\/\/www.kmetijstvo-polanec.si\/index.php\/wp-json\/wp\/v2\/pages\/417"}],"collection":[{"href":"http:\/\/www.kmetijstvo-polanec.si\/index.php\/wp-json\/wp\/v2\/pages"}],"about":[{"href":"http:\/\/www.kmetijstvo-polanec.si\/index.php\/wp-json\/wp\/v2\/types\/page"}],"author":[{"embeddable":true,"href":"http:\/\/www.kmetijstvo-polanec.si\/index.php\/wp-json\/wp\/v2\/users\/1"}],"replies":[{"embeddable":true,"href":"http:\/\/www.kmetijstvo-polanec.si\/index.php\/wp-json\/wp\/v2\/comments?post=417"}],"version-history":[{"count":13,"href":"http:\/\/www.kmetijstvo-polanec.si\/index.php\/wp-json\/wp\/v2\/pages\/417\/revisions"}],"predecessor-version":[{"id":1571,"href":"http:\/\/www.kmetijstvo-polanec.si\/index.php\/wp-json\/wp\/v2\/pages\/417\/revisions\/1571"}],"wp:attachment":[{"href":"http:\/\/www.kmetijstvo-polanec.si\/index.php\/wp-json\/wp\/v2\/media?parent=417"}],"curies":[{"name":"wp","href":"https:\/\/api.w.org\/{rel}","templated":true}]}}