{"id":409,"date":"2019-09-24T20:44:34","date_gmt":"2019-09-24T20:44:34","guid":{"rendered":"http:\/\/www.kmetijstvo-polanec.si\/?page_id=409"},"modified":"2020-02-21T09:20:58","modified_gmt":"2020-02-21T09:20:58","slug":"forterra","status":"publish","type":"page","link":"http:\/\/www.kmetijstvo-polanec.si\/index.php\/forterra\/","title":{"rendered":"Traktor Forterra"},"content":{"rendered":"\t\t<div data-elementor-type=\"wp-page\" data-elementor-id=\"409\" class=\"elementor elementor-409\" data-elementor-settings=\"[]\">\n\t\t\t\t\t\t<div class=\"elementor-inner\">\n\t\t\t\t\t\t\t<div class=\"elementor-section-wrap\">\n\t\t\t\t\t\t\t<section class=\"elementor-section elementor-top-section elementor-element elementor-element-5288f95 elementor-section-boxed elementor-section-height-default elementor-section-height-default\" data-id=\"5288f95\" data-element_type=\"section\" data-settings=\"{&quot;background_background&quot;:&quot;classic&quot;}\">\n\t\t\t\t\t\t<div class=\"elementor-container elementor-column-gap-default\">\n\t\t\t\t\t\t\t<div class=\"elementor-row\">\n\t\t\t\t\t<div class=\"elementor-column elementor-col-100 elementor-top-column elementor-element elementor-element-735365b\" data-id=\"735365b\" data-element_type=\"column\">\n\t\t\t<div class=\"elementor-column-wrap elementor-element-populated\">\n\t\t\t\t\t\t\t<div class=\"elementor-widget-wrap\">\n\t\t\t\t\t\t<div class=\"elementor-element elementor-element-d7b0663 animated-slow elementor-invisible elementor-widget elementor-widget-heading\" data-id=\"d7b0663\" data-element_type=\"widget\" data-settings=\"{&quot;_animation&quot;:&quot;fadeInLeft&quot;}\" data-widget_type=\"heading.default\">\n\t\t\t\t<div class=\"elementor-widget-container\">\n\t\t\t<h2 class=\"elementor-heading-title elementor-size-default\"><span data-elementor-setting-key=\"title\" data-pen-placeholder=\"Type Here...\" style=\"clear: both; text-rendering: optimizeLegibility; font-size: 2.25rem; color: rgb(247, 53, 0);\">Traktor Forterra<\/span><\/h2>\t\t<\/div>\n\t\t\t\t<\/div>\n\t\t\t\t<div class=\"elementor-element elementor-element-7f8c9b4 elementor-widget elementor-widget-spacer\" data-id=\"7f8c9b4\" data-element_type=\"widget\" data-widget_type=\"spacer.default\">\n\t\t\t\t<div class=\"elementor-widget-container\">\n\t\t\t\t\t<div class=\"elementor-spacer\">\n\t\t\t<div class=\"elementor-spacer-inner\"><\/div>\n\t\t<\/div>\n\t\t\t\t<\/div>\n\t\t\t\t<\/div>\n\t\t\t\t<div class=\"elementor-element elementor-element-c4586dc animated-slow elementor-invisible elementor-widget elementor-widget-text-editor\" data-id=\"c4586dc\" data-element_type=\"widget\" data-settings=\"{&quot;_animation&quot;:&quot;fadeInLeft&quot;,&quot;_animation_delay&quot;:300}\" data-widget_type=\"text-editor.default\">\n\t\t\t\t<div class=\"elementor-widget-container\">\n\t\t\t\t\t<div class=\"elementor-text-editor elementor-clearfix\"><p>Dru\u017eino traktorjev Zetor FORTERRA \u00a0odlikuje mo\u010d, vzdr\u017eljivost, zanesljivost, visoka storilnost in nizki stro\u0161ki vzdr\u017eevanja. V Forterrah so vgrajeni Zetorjevi turbodizelski ECO motorji z mo\u010djo od 97 do 136 KM in so na voljo v 5 razli\u010dnih izvedbah. Inovativen sistem Hitchtronic avtomatsko prilagaja zadnjo hidravliko pri oranju in s tem omogo\u010da vozniku, da svojo pozornost povsem posveti vo\u017enji. Vozniku je \u00a0v pomo\u010d tudi avtomatska sklopka na prestavni ro\u010dici, s katero lahko izbira prestave brez pritiskanja stopalke sklopke. Bogata standardna oprema in preizku\u0161ena Zetor tehnologija sta dodaten razlog za nakup.<\/p><\/div>\n\t\t\t\t<\/div>\n\t\t\t\t<\/div>\n\t\t\t\t<section class=\"elementor-section elementor-inner-section elementor-element elementor-element-efa7b12 elementor-section-boxed elementor-section-height-default elementor-section-height-default\" data-id=\"efa7b12\" data-element_type=\"section\">\n\t\t\t\t\t\t<div class=\"elementor-container elementor-column-gap-default\">\n\t\t\t\t\t\t\t<div class=\"elementor-row\">\n\t\t\t\t\t<div class=\"elementor-column elementor-col-50 elementor-inner-column elementor-element elementor-element-47a66c4\" data-id=\"47a66c4\" data-element_type=\"column\">\n\t\t\t<div class=\"elementor-column-wrap elementor-element-populated\">\n\t\t\t\t\t\t\t<div class=\"elementor-widget-wrap\">\n\t\t\t\t\t\t<div class=\"elementor-element elementor-element-4ea5e9b animated-slow elementor-invisible elementor-widget elementor-widget-image\" data-id=\"4ea5e9b\" data-element_type=\"widget\" data-settings=\"{&quot;_animation&quot;:&quot;fadeInLeft&quot;,&quot;_animation_delay&quot;:600}\" data-widget_type=\"image.default\">\n\t\t\t\t<div class=\"elementor-widget-container\">\n\t\t\t\t\t<div class=\"elementor-image\">\n\t\t\t\t\t\t\t<figure class=\"wp-caption\">\n\t\t\t\t\t\t\t\t\t\t\t<a href=\"http:\/\/www.kmetijstvo-polanec.si\/wp-content\/uploads\/2020\/02\/Letak-5-LETAK_FORTERRA_SLO.pdf\" target=\"_blank\">\n\t\t\t\t\t\t\t<img src=\"http:\/\/www.kmetijstvo-polanec.si\/wp-content\/uploads\/elementor\/thumbs\/Forterra-2-ojp9ebfge95o8rqg7l8m6tmtzkrg64vwh47eggicjk.png\" title=\"Forterra\" alt=\"Forterra\" class=\"elementor-animation-grow-rotate\" \/>\t\t\t\t\t\t\t\t<\/a>\n\t\t\t\t\t\t\t\t\t\t\t<figcaption class=\"widget-image-caption wp-caption-text\">PDF<\/figcaption>\n\t\t\t\t\t\t\t\t\t\t<\/figure>\n\t\t\t\t\t<\/div>\n\t\t\t\t<\/div>\n\t\t\t\t<\/div>\n\t\t\t\t\t\t<\/div>\n\t\t\t\t\t<\/div>\n\t\t<\/div>\n\t\t\t\t<div class=\"elementor-column elementor-col-50 elementor-inner-column elementor-element elementor-element-5b54dd3\" data-id=\"5b54dd3\" data-element_type=\"column\">\n\t\t\t<div class=\"elementor-column-wrap elementor-element-populated\">\n\t\t\t\t\t\t\t<div class=\"elementor-widget-wrap\">\n\t\t\t\t\t\t<div class=\"elementor-element elementor-element-f2e0942 animated-slow elementor-invisible elementor-widget elementor-widget-text-editor\" data-id=\"f2e0942\" data-element_type=\"widget\" data-settings=\"{&quot;_animation&quot;:&quot;fadeInRight&quot;,&quot;_animation_delay&quot;:300}\" data-widget_type=\"text-editor.default\">\n\t\t\t\t<div class=\"elementor-widget-container\">\n\t\t\t\t\t<div class=\"elementor-text-editor elementor-clearfix\"><p>Modele Zetor FORTERRA HSX \u00a0odlikuje inovativen sistem HITCHTRONIC, ki avtomatsko prilagaja zadnjo hidravliko pri oranju in s tem omogo\u010da upravljavcu traktorja, da svojo pozornost usmeri na vo\u017enjo in ostale stvari, hkrati pa sistem Hitchtronic, zaradi svoje optimalnosti in avtomatike, pripomore tudi k zmanj\u0161ani porabi goriva. Odli\u010den menjalnik 30\/30 z EH invertorjem in tretjinkami ter avtomatska sklopka, so zagotovilo, da boste \u0161e tako te\u017eko delo opravili z lahkoto in uspe\u0161no.<\/p><p>Modeli Zetor FORTERRA HD nudijo vzmeteno sprednjo premo in vzmeteno kabino, velika medosno razdaljo, klimatsko napravo, pnevmatski sede\u017e za voznika, izredno mo\u010dno hidravli\u010dno dvigalo in 16-ventilske motorje mo\u010di do 150 KM. Uvr\u0161\u010dajo se v sam vrh najvar\u010dnej\u0161ih traktorjev v svojem razredu. Novost pri Forterri HD je ergonomsko oblikovana, lahko dosegljiva ve\u010dnamenska nadzorna plo\u0161\u010da na desni strani voznikovega sede\u017ea. Oja\u010dano ohi\u0161je pogona in podalj\u0161ana zadnja os zagotavljata \u0161e ve\u010djo nosilnost in preneseta najve\u010dje bremenitve.<\/p><\/div>\n\t\t\t\t<\/div>\n\t\t\t\t<\/div>\n\t\t\t\t\t\t<\/div>\n\t\t\t\t\t<\/div>\n\t\t<\/div>\n\t\t\t\t\t\t\t\t<\/div>\n\t\t\t\t\t<\/div>\n\t\t<\/section>\n\t\t\t\t<section class=\"elementor-section elementor-inner-section elementor-element elementor-element-5e809a1 elementor-section-boxed elementor-section-height-default elementor-section-height-default\" data-id=\"5e809a1\" data-element_type=\"section\">\n\t\t\t\t\t\t<div class=\"elementor-container elementor-column-gap-default\">\n\t\t\t\t\t\t\t<div class=\"elementor-row\">\n\t\t\t\t\t<div class=\"elementor-column elementor-col-100 elementor-inner-column elementor-element elementor-element-56fe31d\" data-id=\"56fe31d\" data-element_type=\"column\">\n\t\t\t<div class=\"elementor-column-wrap elementor-element-populated\">\n\t\t\t\t\t\t\t<div class=\"elementor-widget-wrap\">\n\t\t\t\t\t\t<div class=\"elementor-element elementor-element-38ddd05 animated-slow elementor-invisible elementor-widget elementor-widget-htmega-thumbgallery-addons\" data-id=\"38ddd05\" data-element_type=\"widget\" data-settings=\"{&quot;_animation&quot;:&quot;fadeIn&quot;}\" data-widget_type=\"htmega-thumbgallery-addons.default\">\n\t\t\t\t<div class=\"elementor-widget-container\">\n\t\t\t            <div class=\"htmega-sliderarea htmega-thumbnails-style-1\" >\n                <div class=\"htb-row row--5 htb-align-items-center mt--40\">\n\n                                            <div class=\"htb-col-lg-10 htb-col-md-10 htb-col-sm-10\">\n                            <div class=\"ht-thumb-gallery\">\n                                <ul class=\"htmega-thumbgallery-for htmega-arrow-1\" data-settings=\"{&quot;arrows&quot;:true,&quot;arrow_prev_txt&quot;:&quot;&lt;i aria-hidden=\\&quot;true\\&quot; class=\\&quot;fas fa-angle-left\\&quot;&gt;&lt;\\\/i&gt;&quot;,&quot;arrow_next_txt&quot;:&quot;&lt;i aria-hidden=\\&quot;true\\&quot; class=\\&quot;fas fa-angle-right\\&quot;&gt;&lt;\\\/i&gt;&quot;,&quot;dots&quot;:false,&quot;autoplay&quot;:true,&quot;autoplay_speed&quot;:3000,&quot;animation_speed&quot;:300,&quot;pause_on_hover&quot;:true,&quot;center_mode&quot;:false,&quot;center_padding&quot;:0,&quot;display_columns&quot;:1,&quot;scroll_columns&quot;:1,&quot;tablet_width&quot;:750,&quot;tablet_display_columns&quot;:1,&quot;tablet_scroll_columns&quot;:1,&quot;mobile_width&quot;:480,&quot;mobile_display_columns&quot;:1,&quot;mobile_scroll_columns&quot;:1}\">\n                                                                            <li>\n                                            <img width=\"920\" height=\"736\" src=\"http:\/\/www.kmetijstvo-polanec.si\/wp-content\/uploads\/2019\/09\/Forterra_3-1-1024x819.jpg\" class=\"attachment-large size-large\" alt=\"\" srcset=\"http:\/\/www.kmetijstvo-polanec.si\/wp-content\/uploads\/2019\/09\/Forterra_3-1-1024x819.jpg 1024w, http:\/\/www.kmetijstvo-polanec.si\/wp-content\/uploads\/2019\/09\/Forterra_3-1-300x240.jpg 300w, http:\/\/www.kmetijstvo-polanec.si\/wp-content\/uploads\/2019\/09\/Forterra_3-1-768x614.jpg 768w, http:\/\/www.kmetijstvo-polanec.si\/wp-content\/uploads\/2019\/09\/Forterra_3-1.jpg 1200w\" sizes=\"(max-width: 920px) 100vw, 920px\" \/>                                        <\/li>\n                                                                            <li>\n                                            <img width=\"920\" height=\"920\" src=\"http:\/\/www.kmetijstvo-polanec.si\/wp-content\/uploads\/2019\/09\/Forterra_4-1-1024x1024.jpg\" class=\"attachment-large size-large\" alt=\"\" srcset=\"http:\/\/www.kmetijstvo-polanec.si\/wp-content\/uploads\/2019\/09\/Forterra_4-1-1024x1024.jpg 1024w, http:\/\/www.kmetijstvo-polanec.si\/wp-content\/uploads\/2019\/09\/Forterra_4-1-150x150.jpg 150w, http:\/\/www.kmetijstvo-polanec.si\/wp-content\/uploads\/2019\/09\/Forterra_4-1-300x300.jpg 300w, http:\/\/www.kmetijstvo-polanec.si\/wp-content\/uploads\/2019\/09\/Forterra_4-1-768x768.jpg 768w, http:\/\/www.kmetijstvo-polanec.si\/wp-content\/uploads\/2019\/09\/Forterra_4-1-70x70.jpg 70w, http:\/\/www.kmetijstvo-polanec.si\/wp-content\/uploads\/2019\/09\/Forterra_4-1.jpg 1200w\" sizes=\"(max-width: 920px) 100vw, 920px\" \/>                                        <\/li>\n                                                                            <li>\n                                            <img width=\"920\" height=\"766\" src=\"http:\/\/www.kmetijstvo-polanec.si\/wp-content\/uploads\/2019\/09\/Forterra_2-1024x853.jpg\" class=\"attachment-large size-large\" alt=\"\" srcset=\"http:\/\/www.kmetijstvo-polanec.si\/wp-content\/uploads\/2019\/09\/Forterra_2-1024x853.jpg 1024w, http:\/\/www.kmetijstvo-polanec.si\/wp-content\/uploads\/2019\/09\/Forterra_2-300x250.jpg 300w, http:\/\/www.kmetijstvo-polanec.si\/wp-content\/uploads\/2019\/09\/Forterra_2-768x640.jpg 768w, http:\/\/www.kmetijstvo-polanec.si\/wp-content\/uploads\/2019\/09\/Forterra_2.jpg 1200w\" sizes=\"(max-width: 920px) 100vw, 920px\" \/>                                        <\/li>\n                                                                            <li>\n                                            <img width=\"920\" height=\"766\" src=\"http:\/\/www.kmetijstvo-polanec.si\/wp-content\/uploads\/2019\/09\/Forterra_1-1024x853.jpg\" class=\"attachment-large size-large\" alt=\"\" srcset=\"http:\/\/www.kmetijstvo-polanec.si\/wp-content\/uploads\/2019\/09\/Forterra_1-1024x853.jpg 1024w, http:\/\/www.kmetijstvo-polanec.si\/wp-content\/uploads\/2019\/09\/Forterra_1-300x250.jpg 300w, http:\/\/www.kmetijstvo-polanec.si\/wp-content\/uploads\/2019\/09\/Forterra_1-768x640.jpg 768w, http:\/\/www.kmetijstvo-polanec.si\/wp-content\/uploads\/2019\/09\/Forterra_1.jpg 1200w\" sizes=\"(max-width: 920px) 100vw, 920px\" \/>                                        <\/li>\n                                                                    <\/ul>\n\n                            <\/div>\n                        <\/div>\n\n                        <div class=\"htb-col-lg-2 htb-col-md-2 htb-col-sm-2\">\n                            <div class=\"htmega-thumbgallery-nav \" data-navsettings=\"{&quot;navarrows&quot;:true,&quot;navarrow_prev_txt&quot;:&quot;&lt;i aria-hidden=\\&quot;true\\&quot; class=\\&quot;fas fa-angle-left\\&quot;&gt;&lt;\\\/i&gt;&quot;,&quot;navarrow_next_txt&quot;:&quot;&lt;i aria-hidden=\\&quot;true\\&quot; class=\\&quot;fas fa-angle-right\\&quot;&gt;&lt;\\\/i&gt;&quot;,&quot;navdots&quot;:false,&quot;navvertical&quot;:true,&quot;navautoplay&quot;:false,&quot;navautoplay_speed&quot;:3000,&quot;navanimation_speed&quot;:300,&quot;navpause_on_hover&quot;:true,&quot;navcenter_mode&quot;:false,&quot;navcenter_padding&quot;:0,&quot;navdisplay_columns&quot;:4,&quot;navscroll_columns&quot;:1,&quot;navtablet_width&quot;:750,&quot;navtablet_display_columns&quot;:1,&quot;navtablet_scroll_columns&quot;:1,&quot;navmobile_width&quot;:480,&quot;navmobile_display_columns&quot;:1,&quot;navmobile_scroll_columns&quot;:1}\" >\n                                                                    <div class=\"small-thumb\">\n                                        <img width=\"920\" height=\"736\" src=\"http:\/\/www.kmetijstvo-polanec.si\/wp-content\/uploads\/2019\/09\/Forterra_3-1-1024x819.jpg\" class=\"attachment-large size-large\" alt=\"\" srcset=\"http:\/\/www.kmetijstvo-polanec.si\/wp-content\/uploads\/2019\/09\/Forterra_3-1-1024x819.jpg 1024w, http:\/\/www.kmetijstvo-polanec.si\/wp-content\/uploads\/2019\/09\/Forterra_3-1-300x240.jpg 300w, http:\/\/www.kmetijstvo-polanec.si\/wp-content\/uploads\/2019\/09\/Forterra_3-1-768x614.jpg 768w, http:\/\/www.kmetijstvo-polanec.si\/wp-content\/uploads\/2019\/09\/Forterra_3-1.jpg 1200w\" sizes=\"(max-width: 920px) 100vw, 920px\" \/>                                    <\/div>\n                                                                    <div class=\"small-thumb\">\n                                        <img width=\"920\" height=\"920\" src=\"http:\/\/www.kmetijstvo-polanec.si\/wp-content\/uploads\/2019\/09\/Forterra_4-1-1024x1024.jpg\" class=\"attachment-large size-large\" alt=\"\" srcset=\"http:\/\/www.kmetijstvo-polanec.si\/wp-content\/uploads\/2019\/09\/Forterra_4-1-1024x1024.jpg 1024w, http:\/\/www.kmetijstvo-polanec.si\/wp-content\/uploads\/2019\/09\/Forterra_4-1-150x150.jpg 150w, http:\/\/www.kmetijstvo-polanec.si\/wp-content\/uploads\/2019\/09\/Forterra_4-1-300x300.jpg 300w, http:\/\/www.kmetijstvo-polanec.si\/wp-content\/uploads\/2019\/09\/Forterra_4-1-768x768.jpg 768w, http:\/\/www.kmetijstvo-polanec.si\/wp-content\/uploads\/2019\/09\/Forterra_4-1-70x70.jpg 70w, http:\/\/www.kmetijstvo-polanec.si\/wp-content\/uploads\/2019\/09\/Forterra_4-1.jpg 1200w\" sizes=\"(max-width: 920px) 100vw, 920px\" \/>                                    <\/div>\n                                                                    <div class=\"small-thumb\">\n                                        <img width=\"920\" height=\"766\" src=\"http:\/\/www.kmetijstvo-polanec.si\/wp-content\/uploads\/2019\/09\/Forterra_2-1024x853.jpg\" class=\"attachment-large size-large\" alt=\"\" srcset=\"http:\/\/www.kmetijstvo-polanec.si\/wp-content\/uploads\/2019\/09\/Forterra_2-1024x853.jpg 1024w, http:\/\/www.kmetijstvo-polanec.si\/wp-content\/uploads\/2019\/09\/Forterra_2-300x250.jpg 300w, http:\/\/www.kmetijstvo-polanec.si\/wp-content\/uploads\/2019\/09\/Forterra_2-768x640.jpg 768w, http:\/\/www.kmetijstvo-polanec.si\/wp-content\/uploads\/2019\/09\/Forterra_2.jpg 1200w\" sizes=\"(max-width: 920px) 100vw, 920px\" \/>                                    <\/div>\n                                                                    <div class=\"small-thumb\">\n                                        <img width=\"920\" height=\"766\" src=\"http:\/\/www.kmetijstvo-polanec.si\/wp-content\/uploads\/2019\/09\/Forterra_1-1024x853.jpg\" class=\"attachment-large size-large\" alt=\"\" srcset=\"http:\/\/www.kmetijstvo-polanec.si\/wp-content\/uploads\/2019\/09\/Forterra_1-1024x853.jpg 1024w, http:\/\/www.kmetijstvo-polanec.si\/wp-content\/uploads\/2019\/09\/Forterra_1-300x250.jpg 300w, http:\/\/www.kmetijstvo-polanec.si\/wp-content\/uploads\/2019\/09\/Forterra_1-768x640.jpg 768w, http:\/\/www.kmetijstvo-polanec.si\/wp-content\/uploads\/2019\/09\/Forterra_1.jpg 1200w\" sizes=\"(max-width: 920px) 100vw, 920px\" \/>                                    <\/div>\n                                                            <\/div>\n                        <\/div>\n                    \n                    <!-- End Thumb Gallery -->\n                <\/div>\n            <\/div>\n\n        \t\t<\/div>\n\t\t\t\t<\/div>\n\t\t\t\t\t\t<\/div>\n\t\t\t\t\t<\/div>\n\t\t<\/div>\n\t\t\t\t\t\t\t\t<\/div>\n\t\t\t\t\t<\/div>\n\t\t<\/section>\n\t\t\t\t\t\t<\/div>\n\t\t\t\t\t<\/div>\n\t\t<\/div>\n\t\t\t\t\t\t\t\t<\/div>\n\t\t\t\t\t<\/div>\n\t\t<\/section>\n\t\t\t\t\t\t<\/div>\n\t\t\t\t\t\t<\/div>\n\t\t\t\t\t<\/div>\n\t\t","protected":false},"excerpt":{"rendered":"<p>Traktor Forterra Dru\u017eino traktorjev Zetor FORTERRA \u00a0odlikuje mo\u010d, vzdr\u017eljivost, zanesljivost, visoka storilnost in nizki stro\u0161ki vzdr\u017eevanja. V Forterrah so vgrajeni Zetorjevi turbodizelski ECO motorji z mo\u010djo od 97 do 136<\/p>\n<p class=\"more-link\"><a href=\"http:\/\/www.kmetijstvo-polanec.si\/index.php\/forterra\/\" class=\"readmore\">Ve\u010d<svg class=\"icon icon-angle-right\" aria-hidden=\"true\" role=\"img\"> <use href=\"#icon-angle-right\" xlink:href=\"#icon-angle-right\"><\/use> <\/svg><span class=\"screen-reader-text\">Traktor Forterra<\/span><\/a><\/p>\n","protected":false},"author":1,"featured_media":0,"parent":0,"menu_order":0,"comment_status":"closed","ping_status":"closed","template":"elementor_header_footer","meta":[],"_links":{"self":[{"href":"http:\/\/www.kmetijstvo-polanec.si\/index.php\/wp-json\/wp\/v2\/pages\/409"}],"collection":[{"href":"http:\/\/www.kmetijstvo-polanec.si\/index.php\/wp-json\/wp\/v2\/pages"}],"about":[{"href":"http:\/\/www.kmetijstvo-polanec.si\/index.php\/wp-json\/wp\/v2\/types\/page"}],"author":[{"embeddable":true,"href":"http:\/\/www.kmetijstvo-polanec.si\/index.php\/wp-json\/wp\/v2\/users\/1"}],"replies":[{"embeddable":true,"href":"http:\/\/www.kmetijstvo-polanec.si\/index.php\/wp-json\/wp\/v2\/comments?post=409"}],"version-history":[{"count":12,"href":"http:\/\/www.kmetijstvo-polanec.si\/index.php\/wp-json\/wp\/v2\/pages\/409\/revisions"}],"predecessor-version":[{"id":1575,"href":"http:\/\/www.kmetijstvo-polanec.si\/index.php\/wp-json\/wp\/v2\/pages\/409\/revisions\/1575"}],"wp:attachment":[{"href":"http:\/\/www.kmetijstvo-polanec.si\/index.php\/wp-json\/wp\/v2\/media?parent=409"}],"curies":[{"name":"wp","href":"https:\/\/api.w.org\/{rel}","templated":true}]}}