{"id":405,"date":"2019-09-24T20:41:58","date_gmt":"2019-09-24T20:41:58","guid":{"rendered":"http:\/\/www.kmetijstvo-polanec.si\/?page_id=405"},"modified":"2020-02-21T09:28:11","modified_gmt":"2020-02-21T09:28:11","slug":"gorski-traktorji","status":"publish","type":"page","link":"http:\/\/www.kmetijstvo-polanec.si\/index.php\/gorski-traktorji\/","title":{"rendered":"Gorski traktorji"},"content":{"rendered":"\t\t<div data-elementor-type=\"wp-page\" data-elementor-id=\"405\" class=\"elementor elementor-405\" data-elementor-settings=\"[]\">\n\t\t\t\t\t\t<div class=\"elementor-inner\">\n\t\t\t\t\t\t\t<div class=\"elementor-section-wrap\">\n\t\t\t\t\t\t\t<section class=\"elementor-section elementor-top-section elementor-element elementor-element-67dccfd9 elementor-section-boxed elementor-section-height-default elementor-section-height-default\" data-id=\"67dccfd9\" data-element_type=\"section\" data-settings=\"{&quot;background_background&quot;:&quot;classic&quot;}\">\n\t\t\t\t\t\t<div class=\"elementor-container elementor-column-gap-default\">\n\t\t\t\t\t\t\t<div class=\"elementor-row\">\n\t\t\t\t\t<div class=\"elementor-column elementor-col-100 elementor-top-column elementor-element elementor-element-1fcfe3c1\" data-id=\"1fcfe3c1\" data-element_type=\"column\">\n\t\t\t<div class=\"elementor-column-wrap elementor-element-populated\">\n\t\t\t\t\t\t\t<div class=\"elementor-widget-wrap\">\n\t\t\t\t\t\t<div class=\"elementor-element elementor-element-2da8a319 animated-slow elementor-invisible elementor-widget elementor-widget-image\" data-id=\"2da8a319\" data-element_type=\"widget\" data-settings=\"{&quot;_animation&quot;:&quot;fadeInLeft&quot;,&quot;_animation_delay&quot;:600}\" data-widget_type=\"image.default\">\n\t\t\t\t<div class=\"elementor-widget-container\">\n\t\t\t\t\t<div class=\"elementor-image\">\n\t\t\t\t\t\t\t<figure class=\"wp-caption\">\n\t\t\t\t\t\t\t\t\t\t\t<a href=\"http:\/\/www.kmetijstvo-polanec.si\/wp-content\/uploads\/2020\/02\/Gorski_traktorji.pdf\" target=\"_blank\">\n\t\t\t\t\t\t\t<img width=\"920\" height=\"642\" src=\"http:\/\/www.kmetijstvo-polanec.si\/wp-content\/uploads\/2020\/02\/Gorski_traktorji-1024x715.png\" class=\"elementor-animation-grow-rotate attachment-large size-large\" alt=\"\" srcset=\"http:\/\/www.kmetijstvo-polanec.si\/wp-content\/uploads\/2020\/02\/Gorski_traktorji-1024x715.png 1024w, http:\/\/www.kmetijstvo-polanec.si\/wp-content\/uploads\/2020\/02\/Gorski_traktorji-300x209.png 300w, http:\/\/www.kmetijstvo-polanec.si\/wp-content\/uploads\/2020\/02\/Gorski_traktorji-768x536.png 768w, http:\/\/www.kmetijstvo-polanec.si\/wp-content\/uploads\/2020\/02\/Gorski_traktorji-1536x1073.png 1536w, http:\/\/www.kmetijstvo-polanec.si\/wp-content\/uploads\/2020\/02\/Gorski_traktorji-2048x1430.png 2048w\" sizes=\"(max-width: 920px) 100vw, 920px\" \/>\t\t\t\t\t\t\t\t<\/a>\n\t\t\t\t\t\t\t\t\t\t\t<figcaption class=\"widget-image-caption wp-caption-text\">PDF<\/figcaption>\n\t\t\t\t\t\t\t\t\t\t<\/figure>\n\t\t\t\t\t<\/div>\n\t\t\t\t<\/div>\n\t\t\t\t<\/div>\n\t\t\t\t<div class=\"elementor-element elementor-element-29576b01 elementor-hidden-tablet elementor-hidden-phone elementor-widget elementor-widget-spacer\" data-id=\"29576b01\" data-element_type=\"widget\" data-widget_type=\"spacer.default\">\n\t\t\t\t<div class=\"elementor-widget-container\">\n\t\t\t\t\t<div class=\"elementor-spacer\">\n\t\t\t<div class=\"elementor-spacer-inner\"><\/div>\n\t\t<\/div>\n\t\t\t\t<\/div>\n\t\t\t\t<\/div>\n\t\t\t\t<div class=\"elementor-element elementor-element-208191cf animated-slow elementor-invisible elementor-widget elementor-widget-heading\" data-id=\"208191cf\" data-element_type=\"widget\" data-settings=\"{&quot;_animation&quot;:&quot;fadeInRight&quot;}\" data-widget_type=\"heading.default\">\n\t\t\t\t<div class=\"elementor-widget-container\">\n\t\t\t<h2 class=\"elementor-heading-title elementor-size-default\">Gorski traktorji<\/h2>\t\t<\/div>\n\t\t\t\t<\/div>\n\t\t\t\t<div class=\"elementor-element elementor-element-79ba1092 animated-slow elementor-invisible elementor-widget elementor-widget-text-editor\" data-id=\"79ba1092\" data-element_type=\"widget\" data-settings=\"{&quot;_animation&quot;:&quot;fadeInRight&quot;,&quot;_animation_delay&quot;:300}\" data-widget_type=\"text-editor.default\">\n\t\t\t\t<div class=\"elementor-widget-container\">\n\t\t\t\t\t<div class=\"elementor-text-editor elementor-clearfix\"><p>Aebi Terratrac &#8211; specialist v strmem pobo\u010dju. Terratrac by Aebi je vsestransko opremljen stroj za naklone s sprednjim in zadnjim trito\u010dkovnim hidravli\u010dnim priklju\u010dkom.\u00a0Zaradi lahke, \u0161iroke in nizke konstrukcije ter vsestransko prilagodljivim krmiljenjem so izredno stabilni na strmih pobo\u010djih in prijazni do tal.<\/p><\/div>\n\t\t\t\t<\/div>\n\t\t\t\t<\/div>\n\t\t\t\t<section class=\"elementor-section elementor-inner-section elementor-element elementor-element-5073627d elementor-section-boxed elementor-section-height-default elementor-section-height-default\" data-id=\"5073627d\" data-element_type=\"section\">\n\t\t\t\t\t\t<div class=\"elementor-container elementor-column-gap-default\">\n\t\t\t\t\t\t\t<div class=\"elementor-row\">\n\t\t\t\t\t<div class=\"elementor-column elementor-col-50 elementor-inner-column elementor-element elementor-element-70f10b98\" data-id=\"70f10b98\" data-element_type=\"column\">\n\t\t\t<div class=\"elementor-column-wrap elementor-element-populated\">\n\t\t\t\t\t\t\t<div class=\"elementor-widget-wrap\">\n\t\t\t\t\t\t<div class=\"elementor-element elementor-element-f3db0e7 elementor-widget elementor-widget-image\" data-id=\"f3db0e7\" data-element_type=\"widget\" data-widget_type=\"image.default\">\n\t\t\t\t<div class=\"elementor-widget-container\">\n\t\t\t\t\t<div class=\"elementor-image\">\n\t\t\t\t\t\t\t\t\t\t<img width=\"1200\" height=\"718\" src=\"http:\/\/www.kmetijstvo-polanec.si\/wp-content\/uploads\/2019\/10\/TT_4.jpg\" class=\"attachment-full size-full\" alt=\"\" srcset=\"http:\/\/www.kmetijstvo-polanec.si\/wp-content\/uploads\/2019\/10\/TT_4.jpg 1200w, http:\/\/www.kmetijstvo-polanec.si\/wp-content\/uploads\/2019\/10\/TT_4-300x180.jpg 300w, http:\/\/www.kmetijstvo-polanec.si\/wp-content\/uploads\/2019\/10\/TT_4-768x460.jpg 768w, http:\/\/www.kmetijstvo-polanec.si\/wp-content\/uploads\/2019\/10\/TT_4-1024x613.jpg 1024w\" sizes=\"(max-width: 1200px) 100vw, 1200px\" \/>\t\t\t\t\t\t\t\t\t\t\t<\/div>\n\t\t\t\t<\/div>\n\t\t\t\t<\/div>\n\t\t\t\t\t\t<\/div>\n\t\t\t\t\t<\/div>\n\t\t<\/div>\n\t\t\t\t<div class=\"elementor-column elementor-col-50 elementor-inner-column elementor-element elementor-element-1da3fd0a\" data-id=\"1da3fd0a\" data-element_type=\"column\">\n\t\t\t<div class=\"elementor-column-wrap elementor-element-populated\">\n\t\t\t\t\t\t\t<div class=\"elementor-widget-wrap\">\n\t\t\t\t\t\t<div class=\"elementor-element elementor-element-77fef47 animated-slow elementor-invisible elementor-widget elementor-widget-text-editor\" data-id=\"77fef47\" data-element_type=\"widget\" data-settings=\"{&quot;_animation&quot;:&quot;fadeInRight&quot;,&quot;_animation_delay&quot;:300}\" data-widget_type=\"text-editor.default\">\n\t\t\t\t<div class=\"elementor-widget-container\">\n\t\t\t\t\t<div class=\"elementor-text-editor elementor-clearfix\"><p><br \/>Vsi modeli so opremljeni z brezstopenjskim hidrostati\u010dnim pogonom &#8211; detajlom, ki ga po prvi uporabi ne \u017eelite zamenjati. <br \/>Uporaba za Terratrac je skoraj neomejena. Za vzdr\u017eevanje zelenih povr\u0161in, zimsko vzdr\u017eevanje in \u0161tevilna druga opravila so na voljo \u0161tevilni sprednji ali zadnji priklju\u010dki.<\/p><p>Terratrac &#8211; iznajdljiva vrhunska tehnologija, ve\u010dnamenska in dobra nalo\u017eba. 365 dni v letu.<\/p><\/div>\n\t\t\t\t<\/div>\n\t\t\t\t<\/div>\n\t\t\t\t\t\t<\/div>\n\t\t\t\t\t<\/div>\n\t\t<\/div>\n\t\t\t\t\t\t\t\t<\/div>\n\t\t\t\t\t<\/div>\n\t\t<\/section>\n\t\t\t\t<div class=\"elementor-element elementor-element-738f468b animated-slow elementor-invisible elementor-widget elementor-widget-htmega-thumbgallery-addons\" data-id=\"738f468b\" data-element_type=\"widget\" data-settings=\"{&quot;_animation&quot;:&quot;fadeIn&quot;}\" data-widget_type=\"htmega-thumbgallery-addons.default\">\n\t\t\t\t<div class=\"elementor-widget-container\">\n\t\t\t            <div class=\"htmega-sliderarea htmega-thumbnails-style-1\" >\n                <div class=\"htb-row row--5 htb-align-items-center mt--40\">\n\n                                            <div class=\"htb-col-lg-10 htb-col-md-10 htb-col-sm-10\">\n                            <div class=\"ht-thumb-gallery\">\n                                <ul class=\"htmega-thumbgallery-for htmega-arrow-1\" data-settings=\"{&quot;arrows&quot;:true,&quot;arrow_prev_txt&quot;:&quot;&lt;i aria-hidden=\\&quot;true\\&quot; class=\\&quot;fas fa-angle-left\\&quot;&gt;&lt;\\\/i&gt;&quot;,&quot;arrow_next_txt&quot;:&quot;&lt;i aria-hidden=\\&quot;true\\&quot; class=\\&quot;fas fa-angle-right\\&quot;&gt;&lt;\\\/i&gt;&quot;,&quot;dots&quot;:false,&quot;autoplay&quot;:true,&quot;autoplay_speed&quot;:3000,&quot;animation_speed&quot;:300,&quot;pause_on_hover&quot;:true,&quot;center_mode&quot;:false,&quot;center_padding&quot;:0,&quot;display_columns&quot;:1,&quot;scroll_columns&quot;:1,&quot;tablet_width&quot;:750,&quot;tablet_display_columns&quot;:1,&quot;tablet_scroll_columns&quot;:1,&quot;mobile_width&quot;:480,&quot;mobile_display_columns&quot;:1,&quot;mobile_scroll_columns&quot;:1}\">\n                                                                            <li>\n                                            <img width=\"920\" height=\"613\" src=\"http:\/\/www.kmetijstvo-polanec.si\/wp-content\/uploads\/2019\/10\/TT_1-1024x682.jpg\" class=\"attachment-large size-large\" alt=\"\" srcset=\"http:\/\/www.kmetijstvo-polanec.si\/wp-content\/uploads\/2019\/10\/TT_1-1024x682.jpg 1024w, http:\/\/www.kmetijstvo-polanec.si\/wp-content\/uploads\/2019\/10\/TT_1-300x200.jpg 300w, http:\/\/www.kmetijstvo-polanec.si\/wp-content\/uploads\/2019\/10\/TT_1-768x511.jpg 768w, http:\/\/www.kmetijstvo-polanec.si\/wp-content\/uploads\/2019\/10\/TT_1.jpg 1200w\" sizes=\"(max-width: 920px) 100vw, 920px\" \/>                                        <\/li>\n                                                                            <li>\n                                            <img width=\"920\" height=\"613\" src=\"http:\/\/www.kmetijstvo-polanec.si\/wp-content\/uploads\/2019\/10\/TT_2-1024x682.jpg\" class=\"attachment-large size-large\" alt=\"\" srcset=\"http:\/\/www.kmetijstvo-polanec.si\/wp-content\/uploads\/2019\/10\/TT_2-1024x682.jpg 1024w, http:\/\/www.kmetijstvo-polanec.si\/wp-content\/uploads\/2019\/10\/TT_2-300x200.jpg 300w, http:\/\/www.kmetijstvo-polanec.si\/wp-content\/uploads\/2019\/10\/TT_2-768x511.jpg 768w, http:\/\/www.kmetijstvo-polanec.si\/wp-content\/uploads\/2019\/10\/TT_2.jpg 1200w\" sizes=\"(max-width: 920px) 100vw, 920px\" \/>                                        <\/li>\n                                                                            <li>\n                                            <img width=\"920\" height=\"613\" src=\"http:\/\/www.kmetijstvo-polanec.si\/wp-content\/uploads\/2019\/10\/TT_3-1024x682.jpg\" class=\"attachment-large size-large\" alt=\"\" srcset=\"http:\/\/www.kmetijstvo-polanec.si\/wp-content\/uploads\/2019\/10\/TT_3-1024x682.jpg 1024w, http:\/\/www.kmetijstvo-polanec.si\/wp-content\/uploads\/2019\/10\/TT_3-300x200.jpg 300w, http:\/\/www.kmetijstvo-polanec.si\/wp-content\/uploads\/2019\/10\/TT_3-768x511.jpg 768w, http:\/\/www.kmetijstvo-polanec.si\/wp-content\/uploads\/2019\/10\/TT_3.jpg 1200w\" sizes=\"(max-width: 920px) 100vw, 920px\" \/>                                        <\/li>\n                                                                            <li>\n                                            <img width=\"920\" height=\"613\" src=\"http:\/\/www.kmetijstvo-polanec.si\/wp-content\/uploads\/2019\/10\/TT_5-1024x682.jpg\" class=\"attachment-large size-large\" alt=\"\" srcset=\"http:\/\/www.kmetijstvo-polanec.si\/wp-content\/uploads\/2019\/10\/TT_5-1024x682.jpg 1024w, http:\/\/www.kmetijstvo-polanec.si\/wp-content\/uploads\/2019\/10\/TT_5-300x200.jpg 300w, http:\/\/www.kmetijstvo-polanec.si\/wp-content\/uploads\/2019\/10\/TT_5-768x511.jpg 768w, http:\/\/www.kmetijstvo-polanec.si\/wp-content\/uploads\/2019\/10\/TT_5.jpg 1200w\" sizes=\"(max-width: 920px) 100vw, 920px\" \/>                                        <\/li>\n                                                                    <\/ul>\n\n                            <\/div>\n                        <\/div>\n\n                        <div class=\"htb-col-lg-2 htb-col-md-2 htb-col-sm-2\">\n                            <div class=\"htmega-thumbgallery-nav \" data-navsettings=\"{&quot;navarrows&quot;:true,&quot;navarrow_prev_txt&quot;:&quot;&lt;i aria-hidden=\\&quot;true\\&quot; class=\\&quot;fas fa-angle-left\\&quot;&gt;&lt;\\\/i&gt;&quot;,&quot;navarrow_next_txt&quot;:&quot;&lt;i aria-hidden=\\&quot;true\\&quot; class=\\&quot;fas fa-angle-right\\&quot;&gt;&lt;\\\/i&gt;&quot;,&quot;navdots&quot;:false,&quot;navvertical&quot;:true,&quot;navautoplay&quot;:false,&quot;navautoplay_speed&quot;:3000,&quot;navanimation_speed&quot;:300,&quot;navpause_on_hover&quot;:true,&quot;navcenter_mode&quot;:false,&quot;navcenter_padding&quot;:0,&quot;navdisplay_columns&quot;:4,&quot;navscroll_columns&quot;:1,&quot;navtablet_width&quot;:750,&quot;navtablet_display_columns&quot;:1,&quot;navtablet_scroll_columns&quot;:1,&quot;navmobile_width&quot;:480,&quot;navmobile_display_columns&quot;:1,&quot;navmobile_scroll_columns&quot;:1}\" >\n                                                                    <div class=\"small-thumb\">\n                                        <img width=\"920\" height=\"613\" src=\"http:\/\/www.kmetijstvo-polanec.si\/wp-content\/uploads\/2019\/10\/TT_1-1024x682.jpg\" class=\"attachment-large size-large\" alt=\"\" srcset=\"http:\/\/www.kmetijstvo-polanec.si\/wp-content\/uploads\/2019\/10\/TT_1-1024x682.jpg 1024w, http:\/\/www.kmetijstvo-polanec.si\/wp-content\/uploads\/2019\/10\/TT_1-300x200.jpg 300w, http:\/\/www.kmetijstvo-polanec.si\/wp-content\/uploads\/2019\/10\/TT_1-768x511.jpg 768w, http:\/\/www.kmetijstvo-polanec.si\/wp-content\/uploads\/2019\/10\/TT_1.jpg 1200w\" sizes=\"(max-width: 920px) 100vw, 920px\" \/>                                    <\/div>\n                                                                    <div class=\"small-thumb\">\n                                        <img width=\"920\" height=\"613\" src=\"http:\/\/www.kmetijstvo-polanec.si\/wp-content\/uploads\/2019\/10\/TT_2-1024x682.jpg\" class=\"attachment-large size-large\" alt=\"\" srcset=\"http:\/\/www.kmetijstvo-polanec.si\/wp-content\/uploads\/2019\/10\/TT_2-1024x682.jpg 1024w, http:\/\/www.kmetijstvo-polanec.si\/wp-content\/uploads\/2019\/10\/TT_2-300x200.jpg 300w, http:\/\/www.kmetijstvo-polanec.si\/wp-content\/uploads\/2019\/10\/TT_2-768x511.jpg 768w, http:\/\/www.kmetijstvo-polanec.si\/wp-content\/uploads\/2019\/10\/TT_2.jpg 1200w\" sizes=\"(max-width: 920px) 100vw, 920px\" \/>                                    <\/div>\n                                                                    <div class=\"small-thumb\">\n                                        <img width=\"920\" height=\"613\" src=\"http:\/\/www.kmetijstvo-polanec.si\/wp-content\/uploads\/2019\/10\/TT_3-1024x682.jpg\" class=\"attachment-large size-large\" alt=\"\" srcset=\"http:\/\/www.kmetijstvo-polanec.si\/wp-content\/uploads\/2019\/10\/TT_3-1024x682.jpg 1024w, http:\/\/www.kmetijstvo-polanec.si\/wp-content\/uploads\/2019\/10\/TT_3-300x200.jpg 300w, http:\/\/www.kmetijstvo-polanec.si\/wp-content\/uploads\/2019\/10\/TT_3-768x511.jpg 768w, http:\/\/www.kmetijstvo-polanec.si\/wp-content\/uploads\/2019\/10\/TT_3.jpg 1200w\" sizes=\"(max-width: 920px) 100vw, 920px\" \/>                                    <\/div>\n                                                                    <div class=\"small-thumb\">\n                                        <img width=\"920\" height=\"613\" src=\"http:\/\/www.kmetijstvo-polanec.si\/wp-content\/uploads\/2019\/10\/TT_5-1024x682.jpg\" class=\"attachment-large size-large\" alt=\"\" srcset=\"http:\/\/www.kmetijstvo-polanec.si\/wp-content\/uploads\/2019\/10\/TT_5-1024x682.jpg 1024w, http:\/\/www.kmetijstvo-polanec.si\/wp-content\/uploads\/2019\/10\/TT_5-300x200.jpg 300w, http:\/\/www.kmetijstvo-polanec.si\/wp-content\/uploads\/2019\/10\/TT_5-768x511.jpg 768w, http:\/\/www.kmetijstvo-polanec.si\/wp-content\/uploads\/2019\/10\/TT_5.jpg 1200w\" sizes=\"(max-width: 920px) 100vw, 920px\" \/>                                    <\/div>\n                                                            <\/div>\n                        <\/div>\n                    \n                    <!-- End Thumb Gallery -->\n                <\/div>\n            <\/div>\n\n        \t\t<\/div>\n\t\t\t\t<\/div>\n\t\t\t\t\t\t<\/div>\n\t\t\t\t\t<\/div>\n\t\t<\/div>\n\t\t\t\t\t\t\t\t<\/div>\n\t\t\t\t\t<\/div>\n\t\t<\/section>\n\t\t\t\t\t\t<\/div>\n\t\t\t\t\t\t<\/div>\n\t\t\t\t\t<\/div>\n\t\t","protected":false},"excerpt":{"rendered":"<p>PDF Gorski traktorji Aebi Terratrac &#8211; specialist v strmem pobo\u010dju. Terratrac by Aebi je vsestransko opremljen stroj za naklone s sprednjim in zadnjim trito\u010dkovnim hidravli\u010dnim priklju\u010dkom.\u00a0Zaradi lahke, \u0161iroke in nizke<\/p>\n<p class=\"more-link\"><a href=\"http:\/\/www.kmetijstvo-polanec.si\/index.php\/gorski-traktorji\/\" class=\"readmore\">Ve\u010d<svg class=\"icon icon-angle-right\" aria-hidden=\"true\" role=\"img\"> <use href=\"#icon-angle-right\" xlink:href=\"#icon-angle-right\"><\/use> <\/svg><span class=\"screen-reader-text\">Gorski traktorji<\/span><\/a><\/p>\n","protected":false},"author":1,"featured_media":0,"parent":0,"menu_order":0,"comment_status":"closed","ping_status":"closed","template":"elementor_header_footer","meta":[],"_links":{"self":[{"href":"http:\/\/www.kmetijstvo-polanec.si\/index.php\/wp-json\/wp\/v2\/pages\/405"}],"collection":[{"href":"http:\/\/www.kmetijstvo-polanec.si\/index.php\/wp-json\/wp\/v2\/pages"}],"about":[{"href":"http:\/\/www.kmetijstvo-polanec.si\/index.php\/wp-json\/wp\/v2\/types\/page"}],"author":[{"embeddable":true,"href":"http:\/\/www.kmetijstvo-polanec.si\/index.php\/wp-json\/wp\/v2\/users\/1"}],"replies":[{"embeddable":true,"href":"http:\/\/www.kmetijstvo-polanec.si\/index.php\/wp-json\/wp\/v2\/comments?post=405"}],"version-history":[{"count":12,"href":"http:\/\/www.kmetijstvo-polanec.si\/index.php\/wp-json\/wp\/v2\/pages\/405\/revisions"}],"predecessor-version":[{"id":1587,"href":"http:\/\/www.kmetijstvo-polanec.si\/index.php\/wp-json\/wp\/v2\/pages\/405\/revisions\/1587"}],"wp:attachment":[{"href":"http:\/\/www.kmetijstvo-polanec.si\/index.php\/wp-json\/wp\/v2\/media?parent=405"}],"curies":[{"name":"wp","href":"https:\/\/api.w.org\/{rel}","templated":true}]}}