{"id":395,"date":"2019-09-24T20:39:23","date_gmt":"2019-09-24T20:39:23","guid":{"rendered":"http:\/\/www.kmetijstvo-polanec.si\/?page_id=395"},"modified":"2020-02-21T09:15:55","modified_gmt":"2020-02-21T09:15:55","slug":"traktor-serije-9","status":"publish","type":"page","link":"http:\/\/www.kmetijstvo-polanec.si\/index.php\/traktor-serije-9\/","title":{"rendered":"Traktor serije 9"},"content":{"rendered":"\t\t<div data-elementor-type=\"wp-page\" data-elementor-id=\"395\" class=\"elementor elementor-395\" data-elementor-settings=\"[]\">\n\t\t\t\t\t\t<div class=\"elementor-inner\">\n\t\t\t\t\t\t\t<div class=\"elementor-section-wrap\">\n\t\t\t\t\t\t\t<section class=\"elementor-section elementor-top-section elementor-element elementor-element-5686281 elementor-section-boxed elementor-section-height-default elementor-section-height-default\" data-id=\"5686281\" data-element_type=\"section\" data-settings=\"{&quot;background_background&quot;:&quot;classic&quot;}\">\n\t\t\t\t\t\t<div class=\"elementor-container elementor-column-gap-default\">\n\t\t\t\t\t\t\t<div class=\"elementor-row\">\n\t\t\t\t\t<div class=\"elementor-column elementor-col-100 elementor-top-column elementor-element elementor-element-e8fdc0e\" data-id=\"e8fdc0e\" data-element_type=\"column\">\n\t\t\t<div class=\"elementor-column-wrap elementor-element-populated\">\n\t\t\t\t\t\t\t<div class=\"elementor-widget-wrap\">\n\t\t\t\t\t\t<section class=\"elementor-section elementor-inner-section elementor-element elementor-element-ffc38e8 elementor-section-boxed elementor-section-height-default elementor-section-height-default\" data-id=\"ffc38e8\" data-element_type=\"section\">\n\t\t\t\t\t\t<div class=\"elementor-container elementor-column-gap-default\">\n\t\t\t\t\t\t\t<div class=\"elementor-row\">\n\t\t\t\t\t<div class=\"elementor-column elementor-col-100 elementor-inner-column elementor-element elementor-element-9dfb957\" data-id=\"9dfb957\" data-element_type=\"column\">\n\t\t\t<div class=\"elementor-column-wrap elementor-element-populated\">\n\t\t\t\t\t\t\t<div class=\"elementor-widget-wrap\">\n\t\t\t\t\t\t<div class=\"elementor-element elementor-element-94f2768 elementor-hidden-tablet elementor-hidden-phone elementor-widget elementor-widget-spacer\" data-id=\"94f2768\" data-element_type=\"widget\" data-widget_type=\"spacer.default\">\n\t\t\t\t<div class=\"elementor-widget-container\">\n\t\t\t\t\t<div class=\"elementor-spacer\">\n\t\t\t<div class=\"elementor-spacer-inner\"><\/div>\n\t\t<\/div>\n\t\t\t\t<\/div>\n\t\t\t\t<\/div>\n\t\t\t\t\t\t<\/div>\n\t\t\t\t\t<\/div>\n\t\t<\/div>\n\t\t\t\t\t\t\t\t<\/div>\n\t\t\t\t\t<\/div>\n\t\t<\/section>\n\t\t\t\t<section class=\"elementor-section elementor-inner-section elementor-element elementor-element-caaf446 elementor-section-boxed elementor-section-height-default elementor-section-height-default\" data-id=\"caaf446\" data-element_type=\"section\">\n\t\t\t\t\t\t<div class=\"elementor-container elementor-column-gap-default\">\n\t\t\t\t\t\t\t<div class=\"elementor-row\">\n\t\t\t\t\t<div class=\"elementor-column elementor-col-50 elementor-inner-column elementor-element elementor-element-a5ce5f2\" data-id=\"a5ce5f2\" data-element_type=\"column\">\n\t\t\t<div class=\"elementor-column-wrap elementor-element-populated\">\n\t\t\t\t\t\t\t<div class=\"elementor-widget-wrap\">\n\t\t\t\t\t\t<div class=\"elementor-element elementor-element-a0f65cd animated-slow elementor-invisible elementor-widget elementor-widget-image\" data-id=\"a0f65cd\" data-element_type=\"widget\" data-settings=\"{&quot;_animation&quot;:&quot;fadeInLeft&quot;,&quot;_animation_delay&quot;:300}\" data-widget_type=\"image.default\">\n\t\t\t\t<div class=\"elementor-widget-container\">\n\t\t\t\t\t<div class=\"elementor-image\">\n\t\t\t\t\t\t\t<figure class=\"wp-caption\">\n\t\t\t\t\t\t\t\t\t\t\t<a href=\"http:\/\/www.kmetijstvo-polanec.si\/wp-content\/uploads\/2020\/02\/serija-9.pdf\" target=\"_blank\">\n\t\t\t\t\t\t\t<img width=\"768\" height=\"1084\" src=\"http:\/\/www.kmetijstvo-polanec.si\/wp-content\/uploads\/2020\/01\/Seija9-768x1084.png\" class=\"elementor-animation-grow-rotate attachment-medium_large size-medium_large\" alt=\"\" srcset=\"http:\/\/www.kmetijstvo-polanec.si\/wp-content\/uploads\/2020\/01\/Seija9-768x1084.png 768w, http:\/\/www.kmetijstvo-polanec.si\/wp-content\/uploads\/2020\/01\/Seija9-213x300.png 213w, http:\/\/www.kmetijstvo-polanec.si\/wp-content\/uploads\/2020\/01\/Seija9-726x1024.png 726w, http:\/\/www.kmetijstvo-polanec.si\/wp-content\/uploads\/2020\/01\/Seija9-1089x1536.png 1089w, http:\/\/www.kmetijstvo-polanec.si\/wp-content\/uploads\/2020\/01\/Seija9.png 1256w\" sizes=\"(max-width: 768px) 100vw, 768px\" \/>\t\t\t\t\t\t\t\t<\/a>\n\t\t\t\t\t\t\t\t\t\t\t<figcaption class=\"widget-image-caption wp-caption-text\">PDF<\/figcaption>\n\t\t\t\t\t\t\t\t\t\t<\/figure>\n\t\t\t\t\t<\/div>\n\t\t\t\t<\/div>\n\t\t\t\t<\/div>\n\t\t\t\t\t\t<\/div>\n\t\t\t\t\t<\/div>\n\t\t<\/div>\n\t\t\t\t<div class=\"elementor-column elementor-col-50 elementor-inner-column elementor-element elementor-element-55ae4ed\" data-id=\"55ae4ed\" data-element_type=\"column\">\n\t\t\t<div class=\"elementor-column-wrap elementor-element-populated\">\n\t\t\t\t\t\t\t<div class=\"elementor-widget-wrap\">\n\t\t\t\t\t\t<div class=\"elementor-element elementor-element-b418dd5 elementor-widget elementor-widget-heading\" data-id=\"b418dd5\" data-element_type=\"widget\" data-widget_type=\"heading.default\">\n\t\t\t\t<div class=\"elementor-widget-container\">\n\t\t\t<h2 class=\"elementor-heading-title elementor-size-default\">Traktor serije 9<\/h2>\t\t<\/div>\n\t\t\t\t<\/div>\n\t\t\t\t<div class=\"elementor-element elementor-element-91618a6 animated-slow elementor-invisible elementor-widget elementor-widget-text-editor\" data-id=\"91618a6\" data-element_type=\"widget\" data-settings=\"{&quot;_animation&quot;:&quot;fadeInRight&quot;,&quot;_animation_delay&quot;:600}\" data-widget_type=\"text-editor.default\">\n\t\t\t\t<div class=\"elementor-widget-container\">\n\t\t\t\t\t<div class=\"elementor-text-editor elementor-clearfix\"><p>S serijo 9 so in\u017eenirji DEUTZ-FAHR razvili najsodobnej\u0161i, visoko inteligentni traktor z veliko konjskih mo\u010di. Traktor poenostavlja in pospe\u0161uje vsako delo z najve\u010djo enostavnostjo uporabe, avtomatiziranimi rutinskimi funkcijami in najnaprednej\u0161imi tehnologijami.<\/p><p>Vsak sestavni del serije 9 je zelo inovativen in eden najbolj\u0161ih, ki ga ponuja trg. S serijo 9 DEUTZ-FAHR ponuja tri popolnoma usklajene in privla\u010dne velike traktorje, s katerimi kmetje in izvajalci lahko dose\u017eejo najbolj\u0161e rezultate.<\/p><\/div>\n\t\t\t\t<\/div>\n\t\t\t\t<\/div>\n\t\t\t\t<div class=\"elementor-element elementor-element-0577c86 animated-slow elementor-invisible elementor-widget elementor-widget-image\" data-id=\"0577c86\" data-element_type=\"widget\" data-settings=\"{&quot;_animation&quot;:&quot;fadeInRight&quot;}\" data-widget_type=\"image.default\">\n\t\t\t\t<div class=\"elementor-widget-container\">\n\t\t\t\t\t<div class=\"elementor-image\">\n\t\t\t\t\t\t\t\t\t\t<img width=\"547\" height=\"415\" src=\"http:\/\/www.kmetijstvo-polanec.si\/wp-content\/uploads\/2019\/09\/Serie-9_3-1.jpg\" class=\"attachment-large size-large\" alt=\"\" srcset=\"http:\/\/www.kmetijstvo-polanec.si\/wp-content\/uploads\/2019\/09\/Serie-9_3-1.jpg 547w, http:\/\/www.kmetijstvo-polanec.si\/wp-content\/uploads\/2019\/09\/Serie-9_3-1-300x228.jpg 300w\" sizes=\"(max-width: 547px) 100vw, 547px\" \/>\t\t\t\t\t\t\t\t\t\t\t<\/div>\n\t\t\t\t<\/div>\n\t\t\t\t<\/div>\n\t\t\t\t<div class=\"elementor-element elementor-element-1e1dd75 animated-slow elementor-invisible elementor-widget elementor-widget-image\" data-id=\"1e1dd75\" data-element_type=\"widget\" data-settings=\"{&quot;_animation&quot;:&quot;fadeInRight&quot;}\" data-widget_type=\"image.default\">\n\t\t\t\t<div class=\"elementor-widget-container\">\n\t\t\t\t\t<div class=\"elementor-image\">\n\t\t\t\t\t\t\t\t\t\t<img width=\"920\" height=\"252\" src=\"http:\/\/www.kmetijstvo-polanec.si\/wp-content\/uploads\/2019\/09\/Deutz_fahr_logo-1024x280.jpg\" class=\"attachment-large size-large\" alt=\"\" srcset=\"http:\/\/www.kmetijstvo-polanec.si\/wp-content\/uploads\/2019\/09\/Deutz_fahr_logo.jpg 1024w, http:\/\/www.kmetijstvo-polanec.si\/wp-content\/uploads\/2019\/09\/Deutz_fahr_logo-300x82.jpg 300w, http:\/\/www.kmetijstvo-polanec.si\/wp-content\/uploads\/2019\/09\/Deutz_fahr_logo-768x210.jpg 768w\" sizes=\"(max-width: 920px) 100vw, 920px\" \/>\t\t\t\t\t\t\t\t\t\t\t<\/div>\n\t\t\t\t<\/div>\n\t\t\t\t<\/div>\n\t\t\t\t\t\t<\/div>\n\t\t\t\t\t<\/div>\n\t\t<\/div>\n\t\t\t\t\t\t\t\t<\/div>\n\t\t\t\t\t<\/div>\n\t\t<\/section>\n\t\t\t\t<div class=\"elementor-element elementor-element-23bfc2a elementor-widget elementor-widget-spacer\" data-id=\"23bfc2a\" data-element_type=\"widget\" data-widget_type=\"spacer.default\">\n\t\t\t\t<div class=\"elementor-widget-container\">\n\t\t\t\t\t<div class=\"elementor-spacer\">\n\t\t\t<div class=\"elementor-spacer-inner\"><\/div>\n\t\t<\/div>\n\t\t\t\t<\/div>\n\t\t\t\t<\/div>\n\t\t\t\t<div class=\"elementor-element elementor-element-8e98ece gallery-spacing-custom animated-slow elementor-invisible elementor-widget elementor-widget-image-gallery\" data-id=\"8e98ece\" data-element_type=\"widget\" data-settings=\"{&quot;_animation&quot;:&quot;fadeIn&quot;}\" data-widget_type=\"image-gallery.default\">\n\t\t\t\t<div class=\"elementor-widget-container\">\n\t\t\t\t\t<div class=\"elementor-image-gallery\">\n\t\t\t<div id='gallery-1' class='gallery galleryid-395 gallery-columns-2 gallery-size-shutter-up-testimonial'><figure class='gallery-item'>\n\t\t\t<div class='gallery-icon landscape'>\n\t\t\t\t<a data-elementor-open-lightbox=\"yes\" data-elementor-lightbox-slideshow=\"8e98ece\" data-elementor-lightbox-title=\"Serie-9_1\" href='http:\/\/www.kmetijstvo-polanec.si\/wp-content\/uploads\/2019\/09\/Serie-9_1.jpg'><img width=\"640\" height=\"455\" src=\"http:\/\/www.kmetijstvo-polanec.si\/wp-content\/uploads\/2019\/09\/Serie-9_1-640x455.jpg\" class=\"attachment-shutter-up-testimonial size-shutter-up-testimonial\" alt=\"\" srcset=\"http:\/\/www.kmetijstvo-polanec.si\/wp-content\/uploads\/2019\/09\/Serie-9_1.jpg 640w, http:\/\/www.kmetijstvo-polanec.si\/wp-content\/uploads\/2019\/09\/Serie-9_1-300x213.jpg 300w\" sizes=\"(max-width: 640px) 100vw, 640px\" \/><\/a>\n\t\t\t<\/div><\/figure><figure class='gallery-item'>\n\t\t\t<div class='gallery-icon landscape'>\n\t\t\t\t<a data-elementor-open-lightbox=\"yes\" data-elementor-lightbox-slideshow=\"8e98ece\" data-elementor-lightbox-title=\"Serie-9_2\" href='http:\/\/www.kmetijstvo-polanec.si\/wp-content\/uploads\/2019\/09\/Serie-9_2-1.jpg'><img width=\"640\" height=\"455\" src=\"http:\/\/www.kmetijstvo-polanec.si\/wp-content\/uploads\/2019\/09\/Serie-9_2-1-640x455.jpg\" class=\"attachment-shutter-up-testimonial size-shutter-up-testimonial\" alt=\"\" srcset=\"http:\/\/www.kmetijstvo-polanec.si\/wp-content\/uploads\/2019\/09\/Serie-9_2-1.jpg 640w, http:\/\/www.kmetijstvo-polanec.si\/wp-content\/uploads\/2019\/09\/Serie-9_2-1-300x213.jpg 300w\" sizes=\"(max-width: 640px) 100vw, 640px\" \/><\/a>\n\t\t\t<\/div><\/figure>\n\t\t<\/div>\n\t\t<\/div>\n\t\t\t\t<\/div>\n\t\t\t\t<\/div>\n\t\t\t\t\t\t<\/div>\n\t\t\t\t\t<\/div>\n\t\t<\/div>\n\t\t\t\t\t\t\t\t<\/div>\n\t\t\t\t\t<\/div>\n\t\t<\/section>\n\t\t\t\t\t\t<\/div>\n\t\t\t\t\t\t<\/div>\n\t\t\t\t\t<\/div>\n\t\t","protected":false},"excerpt":{"rendered":"<p>PDF Traktor serije 9 S serijo 9 so in\u017eenirji DEUTZ-FAHR razvili najsodobnej\u0161i, visoko inteligentni traktor z veliko konjskih mo\u010di. Traktor poenostavlja in pospe\u0161uje vsako delo z najve\u010djo enostavnostjo uporabe, avtomatiziranimi<\/p>\n<p class=\"more-link\"><a href=\"http:\/\/www.kmetijstvo-polanec.si\/index.php\/traktor-serije-9\/\" class=\"readmore\">Ve\u010d<svg class=\"icon icon-angle-right\" aria-hidden=\"true\" role=\"img\"> <use href=\"#icon-angle-right\" xlink:href=\"#icon-angle-right\"><\/use> <\/svg><span class=\"screen-reader-text\">Traktor serije 9<\/span><\/a><\/p>\n","protected":false},"author":1,"featured_media":0,"parent":0,"menu_order":0,"comment_status":"closed","ping_status":"closed","template":"elementor_header_footer","meta":[],"_links":{"self":[{"href":"http:\/\/www.kmetijstvo-polanec.si\/index.php\/wp-json\/wp\/v2\/pages\/395"}],"collection":[{"href":"http:\/\/www.kmetijstvo-polanec.si\/index.php\/wp-json\/wp\/v2\/pages"}],"about":[{"href":"http:\/\/www.kmetijstvo-polanec.si\/index.php\/wp-json\/wp\/v2\/types\/page"}],"author":[{"embeddable":true,"href":"http:\/\/www.kmetijstvo-polanec.si\/index.php\/wp-json\/wp\/v2\/users\/1"}],"replies":[{"embeddable":true,"href":"http:\/\/www.kmetijstvo-polanec.si\/index.php\/wp-json\/wp\/v2\/comments?post=395"}],"version-history":[{"count":12,"href":"http:\/\/www.kmetijstvo-polanec.si\/index.php\/wp-json\/wp\/v2\/pages\/395\/revisions"}],"predecessor-version":[{"id":1566,"href":"http:\/\/www.kmetijstvo-polanec.si\/index.php\/wp-json\/wp\/v2\/pages\/395\/revisions\/1566"}],"wp:attachment":[{"href":"http:\/\/www.kmetijstvo-polanec.si\/index.php\/wp-json\/wp\/v2\/media?parent=395"}],"curies":[{"name":"wp","href":"https:\/\/api.w.org\/{rel}","templated":true}]}}