{"id":351,"date":"2019-09-24T17:20:02","date_gmt":"2019-09-24T17:20:02","guid":{"rendered":"http:\/\/www.kmetijstvo-polanec.si\/?page_id=351"},"modified":"2020-03-17T13:26:29","modified_gmt":"2020-03-17T13:26:29","slug":"aebi","status":"publish","type":"page","link":"http:\/\/www.kmetijstvo-polanec.si\/index.php\/aebi\/","title":{"rendered":"AEBI"},"content":{"rendered":"\t\t<div data-elementor-type=\"wp-page\" data-elementor-id=\"351\" class=\"elementor elementor-351\" data-elementor-settings=\"[]\">\n\t\t\t\t\t\t<div class=\"elementor-inner\">\n\t\t\t\t\t\t\t<div class=\"elementor-section-wrap\">\n\t\t\t\t\t\t\t<section class=\"elementor-section elementor-top-section elementor-element elementor-element-eba5a9e elementor-section-boxed elementor-section-height-default elementor-section-height-default\" data-id=\"eba5a9e\" data-element_type=\"section\">\n\t\t\t\t\t\t<div class=\"elementor-container elementor-column-gap-default\">\n\t\t\t\t\t\t\t<div class=\"elementor-row\">\n\t\t\t\t\t<div class=\"elementor-column elementor-col-100 elementor-top-column elementor-element elementor-element-e9ef5a7\" data-id=\"e9ef5a7\" data-element_type=\"column\">\n\t\t\t<div class=\"elementor-column-wrap elementor-element-populated\">\n\t\t\t\t\t\t\t<div class=\"elementor-widget-wrap\">\n\t\t\t\t\t\t<div class=\"elementor-element elementor-element-b0c5143 elementor-widget elementor-widget-htmega-imagegrid-addons\" data-id=\"b0c5143\" data-element_type=\"widget\" data-widget_type=\"htmega-imagegrid-addons.default\">\n\t\t\t\t<div class=\"elementor-widget-container\">\n\t\t\t            <div class=\"htmega-gridimage-area htmega-image-gridstyle-2\" >\n                <div class=\"htb-row\">\n                                                <div class=\"htb-col-md-12 htb-col-sm-6 htb-col-12\">\n                                <div class=\"htmega-singleimage-grid htmega-singleimage-gridstyle-2\" >\n                                    <div class=\"thumb\">\n                                        <a href=\"http:\/\/www.kmetijstvo-polanec.si\/index.php\/elektricna-vozila\/\"><img width=\"768\" height=\"508\" src=\"http:\/\/www.kmetijstvo-polanec.si\/wp-content\/uploads\/2019\/09\/EC_5-768x508.jpg\" class=\"attachment-medium_large size-medium_large\" alt=\"\" srcset=\"http:\/\/www.kmetijstvo-polanec.si\/wp-content\/uploads\/2019\/09\/EC_5-768x508.jpg 768w, http:\/\/www.kmetijstvo-polanec.si\/wp-content\/uploads\/2019\/09\/EC_5-300x199.jpg 300w, http:\/\/www.kmetijstvo-polanec.si\/wp-content\/uploads\/2019\/09\/EC_5-1024x678.jpg 1024w, http:\/\/www.kmetijstvo-polanec.si\/wp-content\/uploads\/2019\/09\/EC_5.jpg 1200w\" sizes=\"(max-width: 768px) 100vw, 768px\" \/><\/a>                                    <\/div>\n                                                                            <div class=\"image-grid-content\">\n                                            <div class=\"hover-action\">\n                                                <h2>Elektri\u010dna vozila<\/h2><a class=\"read-btn\" href=\"http:\/\/www.kmetijstvo-polanec.si\/index.php\/elektricna-vozila\/\">Preberi ve\u010d<\/a>                                            <\/div>\n                                        <\/div>\n                                                                    <\/div>\n                            <\/div>\n\n                                        <\/div>\n            <\/div>\n\n        \t\t<\/div>\n\t\t\t\t<\/div>\n\t\t\t\t<div class=\"elementor-element elementor-element-b1ea7ef elementor-widget elementor-widget-htmega-imagegrid-addons\" data-id=\"b1ea7ef\" data-element_type=\"widget\" data-widget_type=\"htmega-imagegrid-addons.default\">\n\t\t\t\t<div class=\"elementor-widget-container\">\n\t\t\t            <div class=\"htmega-gridimage-area htmega-image-gridstyle-2\" >\n                <div class=\"htb-row\">\n                                                <div class=\"htb-col-md-4 htb-col-sm-6 htb-col-12\">\n                                <div class=\"htmega-singleimage-grid htmega-singleimage-gridstyle-2\" >\n                                    <div class=\"thumb\">\n                                        <a href=\"http:\/\/www.kmetijstvo-polanec.si\/index.php\/gorske-kosilnice\/\"><img width=\"640\" height=\"480\" src=\"http:\/\/www.kmetijstvo-polanec.si\/wp-content\/uploads\/2019\/09\/CC110_1-640x480.jpg\" class=\"attachment-post-thumbnail size-post-thumbnail\" alt=\"\" srcset=\"http:\/\/www.kmetijstvo-polanec.si\/wp-content\/uploads\/2019\/09\/CC110_1-640x480.jpg 640w, http:\/\/www.kmetijstvo-polanec.si\/wp-content\/uploads\/2019\/09\/CC110_1-300x225.jpg 300w, http:\/\/www.kmetijstvo-polanec.si\/wp-content\/uploads\/2019\/09\/CC110_1-768x576.jpg 768w, http:\/\/www.kmetijstvo-polanec.si\/wp-content\/uploads\/2019\/09\/CC110_1.jpg 800w\" sizes=\"(max-width: 640px) 100vw, 640px\" \/><\/a>                                    <\/div>\n                                                                            <div class=\"image-grid-content\">\n                                            <div class=\"hover-action\">\n                                                <h2>Gorske kosilnice<\/h2><a class=\"read-btn\" href=\"http:\/\/www.kmetijstvo-polanec.si\/index.php\/gorske-kosilnice\/\">Preberi ve\u010d<\/a>                                            <\/div>\n                                        <\/div>\n                                                                    <\/div>\n                            <\/div>\n\n                                                    <div class=\"htb-col-md-4 htb-col-sm-6 htb-col-12\">\n                                <div class=\"htmega-singleimage-grid htmega-singleimage-gridstyle-2\" >\n                                    <div class=\"thumb\">\n                                        <a href=\"http:\/\/www.kmetijstvo-polanec.si\/index.php\/gorski-traktorji\/\"><img width=\"640\" height=\"480\" src=\"http:\/\/www.kmetijstvo-polanec.si\/wp-content\/uploads\/2019\/09\/TT_5-640x480.jpg\" class=\"attachment-post-thumbnail size-post-thumbnail\" alt=\"\" \/><\/a>                                    <\/div>\n                                                                            <div class=\"image-grid-content\">\n                                            <div class=\"hover-action\">\n                                                <h2>Gorski traktorji<\/h2><a class=\"read-btn\" href=\"http:\/\/www.kmetijstvo-polanec.si\/index.php\/gorski-traktorji\/\">Preberi ve\u010d<\/a>                                            <\/div>\n                                        <\/div>\n                                                                    <\/div>\n                            <\/div>\n\n                                                    <div class=\"htb-col-md-4 htb-col-sm-6 htb-col-12\">\n                                <div class=\"htmega-singleimage-grid htmega-singleimage-gridstyle-2\" >\n                                    <div class=\"thumb\">\n                                        <a href=\"http:\/\/www.kmetijstvo-polanec.si\/index.php\/transporterji\/\"><img width=\"640\" height=\"480\" src=\"http:\/\/www.kmetijstvo-polanec.si\/wp-content\/uploads\/2019\/09\/Transporter_3-640x480.jpg\" class=\"attachment-post-thumbnail size-post-thumbnail\" alt=\"\" \/><\/a>                                    <\/div>\n                                                                            <div class=\"image-grid-content\">\n                                            <div class=\"hover-action\">\n                                                <h2>Transporterji<\/h2><a class=\"read-btn\" href=\"http:\/\/www.kmetijstvo-polanec.si\/index.php\/transporterji\/\">Preberi ve\u010d<\/a>                                            <\/div>\n                                        <\/div>\n                                                                    <\/div>\n                            <\/div>\n\n                                        <\/div>\n            <\/div>\n\n        \t\t<\/div>\n\t\t\t\t<\/div>\n\t\t\t\t\t\t<\/div>\n\t\t\t\t\t<\/div>\n\t\t<\/div>\n\t\t\t\t\t\t\t\t<\/div>\n\t\t\t\t\t<\/div>\n\t\t<\/section>\n\t\t\t\t\t\t<\/div>\n\t\t\t\t\t\t<\/div>\n\t\t\t\t\t<\/div>\n\t\t","protected":false},"excerpt":{"rendered":"<p>Elektri\u010dna vozila Preberi ve\u010d Gorske kosilnice Preberi ve\u010d Gorski traktorji Preberi ve\u010d Transporterji Preberi ve\u010d<\/p>\n","protected":false},"author":1,"featured_media":0,"parent":0,"menu_order":0,"comment_status":"closed","ping_status":"closed","template":"elementor_header_footer","meta":[],"_links":{"self":[{"href":"http:\/\/www.kmetijstvo-polanec.si\/index.php\/wp-json\/wp\/v2\/pages\/351"}],"collection":[{"href":"http:\/\/www.kmetijstvo-polanec.si\/index.php\/wp-json\/wp\/v2\/pages"}],"about":[{"href":"http:\/\/www.kmetijstvo-polanec.si\/index.php\/wp-json\/wp\/v2\/types\/page"}],"author":[{"embeddable":true,"href":"http:\/\/www.kmetijstvo-polanec.si\/index.php\/wp-json\/wp\/v2\/users\/1"}],"replies":[{"embeddable":true,"href":"http:\/\/www.kmetijstvo-polanec.si\/index.php\/wp-json\/wp\/v2\/comments?post=351"}],"version-history":[{"count":17,"href":"http:\/\/www.kmetijstvo-polanec.si\/index.php\/wp-json\/wp\/v2\/pages\/351\/revisions"}],"predecessor-version":[{"id":2098,"href":"http:\/\/www.kmetijstvo-polanec.si\/index.php\/wp-json\/wp\/v2\/pages\/351\/revisions\/2098"}],"wp:attachment":[{"href":"http:\/\/www.kmetijstvo-polanec.si\/index.php\/wp-json\/wp\/v2\/media?parent=351"}],"curies":[{"name":"wp","href":"https:\/\/api.w.org\/{rel}","templated":true}]}}