{"id":349,"date":"2019-09-24T17:19:43","date_gmt":"2019-09-24T17:19:43","guid":{"rendered":"http:\/\/www.kmetijstvo-polanec.si\/?page_id=349"},"modified":"2020-03-17T13:24:34","modified_gmt":"2020-03-17T13:24:34","slug":"deutz-fahr","status":"publish","type":"page","link":"http:\/\/www.kmetijstvo-polanec.si\/index.php\/deutz-fahr\/","title":{"rendered":"Deutz Fahr"},"content":{"rendered":"\t\t<div data-elementor-type=\"wp-page\" data-elementor-id=\"349\" class=\"elementor elementor-349\" data-elementor-settings=\"[]\">\n\t\t\t\t\t\t<div class=\"elementor-inner\">\n\t\t\t\t\t\t\t<div class=\"elementor-section-wrap\">\n\t\t\t\t\t\t\t<section class=\"elementor-section elementor-top-section elementor-element elementor-element-22fae59 elementor-section-boxed elementor-section-height-default elementor-section-height-default\" data-id=\"22fae59\" data-element_type=\"section\">\n\t\t\t\t\t\t<div class=\"elementor-container elementor-column-gap-default\">\n\t\t\t\t\t\t\t<div class=\"elementor-row\">\n\t\t\t\t\t<div class=\"elementor-column elementor-col-100 elementor-top-column elementor-element elementor-element-e94d6f9\" data-id=\"e94d6f9\" data-element_type=\"column\">\n\t\t\t<div class=\"elementor-column-wrap elementor-element-populated\">\n\t\t\t\t\t\t\t<div class=\"elementor-widget-wrap\">\n\t\t\t\t\t\t<div class=\"elementor-element elementor-element-91a3648 animated-slow elementor-invisible elementor-widget elementor-widget-image\" data-id=\"91a3648\" data-element_type=\"widget\" data-settings=\"{&quot;_animation&quot;:&quot;fadeIn&quot;}\" data-widget_type=\"image.default\">\n\t\t\t\t<div class=\"elementor-widget-container\">\n\t\t\t\t\t<div class=\"elementor-image\">\n\t\t\t\t\t\t\t\t\t\t<img width=\"920\" height=\"252\" src=\"http:\/\/www.kmetijstvo-polanec.si\/wp-content\/uploads\/2019\/09\/Deutz_fahr_logo-1024x280.jpg\" class=\"attachment-large size-large\" alt=\"\" srcset=\"http:\/\/www.kmetijstvo-polanec.si\/wp-content\/uploads\/2019\/09\/Deutz_fahr_logo.jpg 1024w, http:\/\/www.kmetijstvo-polanec.si\/wp-content\/uploads\/2019\/09\/Deutz_fahr_logo-300x82.jpg 300w, http:\/\/www.kmetijstvo-polanec.si\/wp-content\/uploads\/2019\/09\/Deutz_fahr_logo-768x210.jpg 768w\" sizes=\"(max-width: 920px) 100vw, 920px\" \/>\t\t\t\t\t\t\t\t\t\t\t<\/div>\n\t\t\t\t<\/div>\n\t\t\t\t<\/div>\n\t\t\t\t<div class=\"elementor-element elementor-element-9e1e591 elementor-widget elementor-widget-spacer\" data-id=\"9e1e591\" data-element_type=\"widget\" data-widget_type=\"spacer.default\">\n\t\t\t\t<div class=\"elementor-widget-container\">\n\t\t\t\t\t<div class=\"elementor-spacer\">\n\t\t\t<div class=\"elementor-spacer-inner\"><\/div>\n\t\t<\/div>\n\t\t\t\t<\/div>\n\t\t\t\t<\/div>\n\t\t\t\t\t\t<\/div>\n\t\t\t\t\t<\/div>\n\t\t<\/div>\n\t\t\t\t\t\t\t\t<\/div>\n\t\t\t\t\t<\/div>\n\t\t<\/section>\n\t\t\t\t<section class=\"elementor-section elementor-top-section elementor-element elementor-element-5aebdbf animated-slow elementor-section-boxed elementor-section-height-default elementor-section-height-default elementor-invisible\" data-id=\"5aebdbf\" data-element_type=\"section\" data-settings=\"{&quot;animation&quot;:&quot;fadeIn&quot;,&quot;animation_delay&quot;:400}\">\n\t\t\t\t\t\t<div class=\"elementor-container elementor-column-gap-default\">\n\t\t\t\t\t\t\t<div class=\"elementor-row\">\n\t\t\t\t\t<div class=\"elementor-column elementor-col-100 elementor-top-column elementor-element elementor-element-f2fa8be\" data-id=\"f2fa8be\" data-element_type=\"column\">\n\t\t\t<div class=\"elementor-column-wrap elementor-element-populated\">\n\t\t\t\t\t\t\t<div class=\"elementor-widget-wrap\">\n\t\t\t\t\t\t<div class=\"elementor-element elementor-element-628f97b elementor-widget elementor-widget-htmega-imagegrid-addons\" data-id=\"628f97b\" data-element_type=\"widget\" data-widget_type=\"htmega-imagegrid-addons.default\">\n\t\t\t\t<div class=\"elementor-widget-container\">\n\t\t\t            <div class=\"htmega-gridimage-area htmega-image-gridstyle-2\" >\n                <div class=\"htb-row\">\n                                                <div class=\"htb-col-md-4 htb-col-sm-6 htb-col-12\">\n                                <div class=\"htmega-singleimage-grid htmega-singleimage-gridstyle-2\" >\n                                    <div class=\"thumb\">\n                                        <a href=\"http:\/\/www.kmetijstvo-polanec.si\/index.php\/traktor-serije-4\/\"><img width=\"640\" height=\"480\" src=\"http:\/\/www.kmetijstvo-polanec.si\/wp-content\/uploads\/2019\/09\/4E_4-640x480.jpg\" class=\"attachment-post-thumbnail size-post-thumbnail\" alt=\"\" \/><\/a>                                    <\/div>\n                                                                            <div class=\"image-grid-content\">\n                                            <div class=\"hover-action\">\n                                                <h2>Traktor serije 4<\/h2><a class=\"read-btn\" href=\"http:\/\/www.kmetijstvo-polanec.si\/index.php\/traktor-serije-4\/\">Preberi ve\u010d<\/a>                                            <\/div>\n                                        <\/div>\n                                                                    <\/div>\n                            <\/div>\n\n                                                    <div class=\"htb-col-md-4 htb-col-sm-6 htb-col-12\">\n                                <div class=\"htmega-singleimage-grid htmega-singleimage-gridstyle-2\" >\n                                    <div class=\"thumb\">\n                                        <a href=\"http:\/\/www.kmetijstvo-polanec.si\/index.php\/traktor-serije-5\/\"><img width=\"640\" height=\"480\" src=\"http:\/\/www.kmetijstvo-polanec.si\/wp-content\/uploads\/2019\/09\/5D_3-640x480.jpg\" class=\"attachment-post-thumbnail size-post-thumbnail\" alt=\"\" \/><\/a>                                    <\/div>\n                                                                            <div class=\"image-grid-content\">\n                                            <div class=\"hover-action\">\n                                                <h2>Traktor serije 5<\/h2><a class=\"read-btn\" href=\"http:\/\/www.kmetijstvo-polanec.si\/index.php\/traktor-serije-5\/\">Preberi ve\u010d<\/a>                                            <\/div>\n                                        <\/div>\n                                                                    <\/div>\n                            <\/div>\n\n                                                    <div class=\"htb-col-md-4 htb-col-sm-6 htb-col-12\">\n                                <div class=\"htmega-singleimage-grid htmega-singleimage-gridstyle-2\" >\n                                    <div class=\"thumb\">\n                                        <a href=\"http:\/\/www.kmetijstvo-polanec.si\/index.php\/traktor-serije-7\/\"><img width=\"640\" height=\"480\" src=\"http:\/\/www.kmetijstvo-polanec.si\/wp-content\/uploads\/2019\/09\/6_2-1-640x480.jpg\" class=\"attachment-post-thumbnail size-post-thumbnail\" alt=\"\" \/><\/a>                                    <\/div>\n                                                                            <div class=\"image-grid-content\">\n                                            <div class=\"hover-action\">\n                                                <h2>Traktor serije 6<\/h2><a class=\"read-btn\" href=\"http:\/\/www.kmetijstvo-polanec.si\/index.php\/traktor-serije-7\/\">Preberi ve\u010d<\/a>                                            <\/div>\n                                        <\/div>\n                                                                    <\/div>\n                            <\/div>\n\n                                        <\/div>\n            <\/div>\n\n        \t\t<\/div>\n\t\t\t\t<\/div>\n\t\t\t\t<div class=\"elementor-element elementor-element-8ec56da elementor-widget elementor-widget-htmega-imagegrid-addons\" data-id=\"8ec56da\" data-element_type=\"widget\" data-widget_type=\"htmega-imagegrid-addons.default\">\n\t\t\t\t<div class=\"elementor-widget-container\">\n\t\t\t            <div class=\"htmega-gridimage-area htmega-image-gridstyle-2\" >\n                <div class=\"htb-row\">\n                                                <div class=\"htb-col-md-6 htb-col-sm-6 htb-col-12\">\n                                <div class=\"htmega-singleimage-grid htmega-singleimage-gridstyle-2\" >\n                                    <div class=\"thumb\">\n                                        <a href=\"http:\/\/www.kmetijstvo-polanec.si\/index.php\/traktor-serije-7\/\"><img width=\"640\" height=\"455\" src=\"http:\/\/www.kmetijstvo-polanec.si\/wp-content\/uploads\/2019\/09\/serie-7_3-640x455.jpg\" class=\"attachment-post-thumbnail size-post-thumbnail\" alt=\"\" srcset=\"http:\/\/www.kmetijstvo-polanec.si\/wp-content\/uploads\/2019\/09\/serie-7_3.jpg 640w, http:\/\/www.kmetijstvo-polanec.si\/wp-content\/uploads\/2019\/09\/serie-7_3-300x213.jpg 300w\" sizes=\"(max-width: 640px) 100vw, 640px\" \/><\/a>                                    <\/div>\n                                                                            <div class=\"image-grid-content\">\n                                            <div class=\"hover-action\">\n                                                <h2>Traktor serije 7<\/h2><a class=\"read-btn\" href=\"http:\/\/www.kmetijstvo-polanec.si\/index.php\/traktor-serije-7\/\">Preberi ve\u010d<\/a>                                            <\/div>\n                                        <\/div>\n                                                                    <\/div>\n                            <\/div>\n\n                                                    <div class=\"htb-col-md-6 htb-col-sm-6 htb-col-12\">\n                                <div class=\"htmega-singleimage-grid htmega-singleimage-gridstyle-2\" >\n                                    <div class=\"thumb\">\n                                        <a href=\"http:\/\/www.kmetijstvo-polanec.si\/index.php\/traktor-serije-9\/\"><img width=\"640\" height=\"455\" src=\"http:\/\/www.kmetijstvo-polanec.si\/wp-content\/uploads\/2019\/09\/Serie-9_2-1-640x455.jpg\" class=\"attachment-post-thumbnail size-post-thumbnail\" alt=\"\" srcset=\"http:\/\/www.kmetijstvo-polanec.si\/wp-content\/uploads\/2019\/09\/Serie-9_2-1.jpg 640w, http:\/\/www.kmetijstvo-polanec.si\/wp-content\/uploads\/2019\/09\/Serie-9_2-1-300x213.jpg 300w\" sizes=\"(max-width: 640px) 100vw, 640px\" \/><\/a>                                    <\/div>\n                                                                            <div class=\"image-grid-content\">\n                                            <div class=\"hover-action\">\n                                                <h2>Traktor serije 9<\/h2><a class=\"read-btn\" href=\"http:\/\/www.kmetijstvo-polanec.si\/index.php\/traktor-serije-9\/\">Preberi ve\u010d<\/a>                                            <\/div>\n                                        <\/div>\n                                                                    <\/div>\n                            <\/div>\n\n                                        <\/div>\n            <\/div>\n\n        \t\t<\/div>\n\t\t\t\t<\/div>\n\t\t\t\t<div class=\"elementor-element elementor-element-9994daa elementor-widget elementor-widget-htmega-imagegrid-addons\" data-id=\"9994daa\" data-element_type=\"widget\" data-widget_type=\"htmega-imagegrid-addons.default\">\n\t\t\t\t<div class=\"elementor-widget-container\">\n\t\t\t            <div class=\"htmega-gridimage-area htmega-image-gridstyle-2\" >\n                <div class=\"htb-row\">\n                                                <div class=\"htb-col-md-12 htb-col-sm-6 htb-col-12\">\n                                <div class=\"htmega-singleimage-grid htmega-singleimage-gridstyle-2\" >\n                                    <div class=\"thumb\">\n                                        <a href=\"http:\/\/www.kmetijstvo-polanec.si\/index.php\/balirke\/\"><img width=\"920\" height=\"422\" src=\"http:\/\/www.kmetijstvo-polanec.si\/wp-content\/uploads\/2019\/09\/BigMaster-1024x470.jpg\" class=\"attachment-large size-large\" alt=\"\" srcset=\"http:\/\/www.kmetijstvo-polanec.si\/wp-content\/uploads\/2019\/09\/BigMaster.jpg 1024w, http:\/\/www.kmetijstvo-polanec.si\/wp-content\/uploads\/2019\/09\/BigMaster-300x138.jpg 300w, http:\/\/www.kmetijstvo-polanec.si\/wp-content\/uploads\/2019\/09\/BigMaster-768x353.jpg 768w\" sizes=\"(max-width: 920px) 100vw, 920px\" \/><\/a>                                    <\/div>\n                                                                            <div class=\"image-grid-content\">\n                                            <div class=\"hover-action\">\n                                                <h2>Balirke<\/h2><a class=\"read-btn\" href=\"http:\/\/www.kmetijstvo-polanec.si\/index.php\/balirke\/\">Preberi ve\u010d<\/a>                                            <\/div>\n                                        <\/div>\n                                                                    <\/div>\n                            <\/div>\n\n                                        <\/div>\n            <\/div>\n\n        \t\t<\/div>\n\t\t\t\t<\/div>\n\t\t\t\t\t\t<\/div>\n\t\t\t\t\t<\/div>\n\t\t<\/div>\n\t\t\t\t\t\t\t\t<\/div>\n\t\t\t\t\t<\/div>\n\t\t<\/section>\n\t\t\t\t\t\t<\/div>\n\t\t\t\t\t\t<\/div>\n\t\t\t\t\t<\/div>\n\t\t","protected":false},"excerpt":{"rendered":"<p>Traktor serije 4 Preberi ve\u010d Traktor serije 5 Preberi ve\u010d Traktor serije 6 Preberi ve\u010d Traktor serije 7 Preberi ve\u010d Traktor serije 9 Preberi ve\u010d Balirke Preberi ve\u010d<\/p>\n","protected":false},"author":1,"featured_media":0,"parent":0,"menu_order":0,"comment_status":"closed","ping_status":"closed","template":"elementor_header_footer","meta":[],"_links":{"self":[{"href":"http:\/\/www.kmetijstvo-polanec.si\/index.php\/wp-json\/wp\/v2\/pages\/349"}],"collection":[{"href":"http:\/\/www.kmetijstvo-polanec.si\/index.php\/wp-json\/wp\/v2\/pages"}],"about":[{"href":"http:\/\/www.kmetijstvo-polanec.si\/index.php\/wp-json\/wp\/v2\/types\/page"}],"author":[{"embeddable":true,"href":"http:\/\/www.kmetijstvo-polanec.si\/index.php\/wp-json\/wp\/v2\/users\/1"}],"replies":[{"embeddable":true,"href":"http:\/\/www.kmetijstvo-polanec.si\/index.php\/wp-json\/wp\/v2\/comments?post=349"}],"version-history":[{"count":30,"href":"http:\/\/www.kmetijstvo-polanec.si\/index.php\/wp-json\/wp\/v2\/pages\/349\/revisions"}],"predecessor-version":[{"id":2097,"href":"http:\/\/www.kmetijstvo-polanec.si\/index.php\/wp-json\/wp\/v2\/pages\/349\/revisions\/2097"}],"wp:attachment":[{"href":"http:\/\/www.kmetijstvo-polanec.si\/index.php\/wp-json\/wp\/v2\/media?parent=349"}],"curies":[{"name":"wp","href":"https:\/\/api.w.org\/{rel}","templated":true}]}}