{"id":1953,"date":"2020-03-08T17:20:52","date_gmt":"2020-03-08T17:20:52","guid":{"rendered":"http:\/\/www.kmetijstvo-polanec.si\/?page_id=1953"},"modified":"2020-03-17T11:45:52","modified_gmt":"2020-03-17T11:45:52","slug":"monosem-sejalnice","status":"publish","type":"page","link":"http:\/\/www.kmetijstvo-polanec.si\/index.php\/monosem-sejalnice\/","title":{"rendered":"Monosem sejalnice"},"content":{"rendered":"\t\t<div data-elementor-type=\"wp-page\" data-elementor-id=\"1953\" class=\"elementor elementor-1953\" data-elementor-settings=\"[]\">\n\t\t\t\t\t\t<div class=\"elementor-inner\">\n\t\t\t\t\t\t\t<div class=\"elementor-section-wrap\">\n\t\t\t\t\t\t\t<section class=\"elementor-section elementor-top-section elementor-element elementor-element-8016b02 elementor-section-boxed elementor-section-height-default elementor-section-height-default\" data-id=\"8016b02\" data-element_type=\"section\">\n\t\t\t\t\t\t<div class=\"elementor-container elementor-column-gap-default\">\n\t\t\t\t\t\t\t<div class=\"elementor-row\">\n\t\t\t\t\t<div class=\"elementor-column elementor-col-100 elementor-top-column elementor-element elementor-element-882668f\" data-id=\"882668f\" data-element_type=\"column\">\n\t\t\t<div class=\"elementor-column-wrap elementor-element-populated\">\n\t\t\t\t\t\t\t<div class=\"elementor-widget-wrap\">\n\t\t\t\t\t\t<section class=\"elementor-section elementor-inner-section elementor-element elementor-element-23e8b23 elementor-section-boxed elementor-section-height-default elementor-section-height-default\" data-id=\"23e8b23\" data-element_type=\"section\">\n\t\t\t\t\t\t<div class=\"elementor-container elementor-column-gap-default\">\n\t\t\t\t\t\t\t<div class=\"elementor-row\">\n\t\t\t\t\t<div class=\"elementor-column elementor-col-100 elementor-inner-column elementor-element elementor-element-f5e79a9\" data-id=\"f5e79a9\" data-element_type=\"column\">\n\t\t\t<div class=\"elementor-column-wrap elementor-element-populated\">\n\t\t\t\t\t\t\t<div class=\"elementor-widget-wrap\">\n\t\t\t\t\t\t<div class=\"elementor-element elementor-element-a6db9f6 elementor-widget elementor-widget-spacer\" data-id=\"a6db9f6\" data-element_type=\"widget\" data-widget_type=\"spacer.default\">\n\t\t\t\t<div class=\"elementor-widget-container\">\n\t\t\t\t\t<div class=\"elementor-spacer\">\n\t\t\t<div class=\"elementor-spacer-inner\"><\/div>\n\t\t<\/div>\n\t\t\t\t<\/div>\n\t\t\t\t<\/div>\n\t\t\t\t<div class=\"elementor-element elementor-element-6d47cd0 animated-slow elementor-invisible elementor-widget elementor-widget-heading\" data-id=\"6d47cd0\" data-element_type=\"widget\" data-settings=\"{&quot;_animation&quot;:&quot;fadeInRight&quot;}\" data-widget_type=\"heading.default\">\n\t\t\t\t<div class=\"elementor-widget-container\">\n\t\t\t<h2 class=\"elementor-heading-title elementor-size-default\">MONOSEM sejalnice\n<\/h2>\t\t<\/div>\n\t\t\t\t<\/div>\n\t\t\t\t<div class=\"elementor-element elementor-element-ca71d79 animated-slow elementor-invisible elementor-widget elementor-widget-text-editor\" data-id=\"ca71d79\" data-element_type=\"widget\" data-settings=\"{&quot;_animation&quot;:&quot;fadeInRight&quot;,&quot;_animation_delay&quot;:300}\" data-widget_type=\"text-editor.default\">\n\t\t\t\t<div class=\"elementor-widget-container\">\n\t\t\t\t\t<div class=\"elementor-text-editor elementor-clearfix\"><p>Vodilni proizvajalec sejalnic za \u0161irokoredne kulture, kot so koruza, soja, bu\u010de\u2026 na trgu EU. <br \/>Sejalnice odlikuje visoka kakovost in vzdr\u017eljivost ter\u00a0 bogata paleta opreme in izbor produktov<\/p><p>Za ve\u010d informacij se obrnite na nas ali obi\u0161\u010dite uradno stran proizvajalca MONOSEM <strong>(<a href=\"http:\/\/www.monosem.com\">http:\/\/www.monosem.com<\/a>)<\/strong><\/p><\/div>\n\t\t\t\t<\/div>\n\t\t\t\t<\/div>\n\t\t\t\t\t\t<\/div>\n\t\t\t\t\t<\/div>\n\t\t<\/div>\n\t\t\t\t\t\t\t\t<\/div>\n\t\t\t\t\t<\/div>\n\t\t<\/section>\n\t\t\t\t<section class=\"elementor-section elementor-inner-section elementor-element elementor-element-8c325b0 elementor-section-boxed elementor-section-height-default elementor-section-height-default\" data-id=\"8c325b0\" data-element_type=\"section\">\n\t\t\t\t\t\t<div class=\"elementor-container elementor-column-gap-default\">\n\t\t\t\t\t\t\t<div class=\"elementor-row\">\n\t\t\t\t\t<div class=\"elementor-column elementor-col-25 elementor-inner-column elementor-element elementor-element-ef92578\" data-id=\"ef92578\" data-element_type=\"column\">\n\t\t\t<div class=\"elementor-column-wrap elementor-element-populated\">\n\t\t\t\t\t\t\t<div class=\"elementor-widget-wrap\">\n\t\t\t\t\t\t<div class=\"elementor-element elementor-element-d65c814 animated-slow elementor-invisible elementor-widget elementor-widget-image\" data-id=\"d65c814\" data-element_type=\"widget\" data-settings=\"{&quot;_animation&quot;:&quot;fadeInUp&quot;,&quot;_animation_delay&quot;:600}\" data-widget_type=\"image.default\">\n\t\t\t\t<div class=\"elementor-widget-container\">\n\t\t\t\t\t<div class=\"elementor-image\">\n\t\t\t\t\t\t\t<figure class=\"wp-caption\">\n\t\t\t\t\t\t\t\t\t\t\t<a href=\"http:\/\/www.kmetijstvo-polanec.si\/wp-content\/uploads\/2020\/03\/NC_Prospekt_2008.pdf\" target=\"_blank\">\n\t\t\t\t\t\t\t<img width=\"1198\" height=\"1666\" src=\"http:\/\/www.kmetijstvo-polanec.si\/wp-content\/uploads\/2020\/03\/Screenshot-2020-03-08-at-18.33.30.png\" class=\"elementor-animation-grow-rotate attachment-full size-full\" alt=\"NC\" srcset=\"http:\/\/www.kmetijstvo-polanec.si\/wp-content\/uploads\/2020\/03\/Screenshot-2020-03-08-at-18.33.30.png 1198w, http:\/\/www.kmetijstvo-polanec.si\/wp-content\/uploads\/2020\/03\/Screenshot-2020-03-08-at-18.33.30-216x300.png 216w, http:\/\/www.kmetijstvo-polanec.si\/wp-content\/uploads\/2020\/03\/Screenshot-2020-03-08-at-18.33.30-736x1024.png 736w, http:\/\/www.kmetijstvo-polanec.si\/wp-content\/uploads\/2020\/03\/Screenshot-2020-03-08-at-18.33.30-768x1068.png 768w, http:\/\/www.kmetijstvo-polanec.si\/wp-content\/uploads\/2020\/03\/Screenshot-2020-03-08-at-18.33.30-1105x1536.png 1105w\" sizes=\"(max-width: 1198px) 100vw, 1198px\" \/>\t\t\t\t\t\t\t\t<\/a>\n\t\t\t\t\t\t\t\t\t\t\t<figcaption class=\"widget-image-caption wp-caption-text\">NC sejalnica - PDF<\/figcaption>\n\t\t\t\t\t\t\t\t\t\t<\/figure>\n\t\t\t\t\t<\/div>\n\t\t\t\t<\/div>\n\t\t\t\t<\/div>\n\t\t\t\t\t\t<\/div>\n\t\t\t\t\t<\/div>\n\t\t<\/div>\n\t\t\t\t<div class=\"elementor-column elementor-col-25 elementor-inner-column elementor-element elementor-element-4ae0aa9\" data-id=\"4ae0aa9\" data-element_type=\"column\">\n\t\t\t<div class=\"elementor-column-wrap elementor-element-populated\">\n\t\t\t\t\t\t\t<div class=\"elementor-widget-wrap\">\n\t\t\t\t\t\t<div class=\"elementor-element elementor-element-11632ee animated-slow elementor-invisible elementor-widget elementor-widget-image\" data-id=\"11632ee\" data-element_type=\"widget\" data-settings=\"{&quot;_animation&quot;:&quot;fadeInDown&quot;,&quot;_animation_delay&quot;:600}\" data-widget_type=\"image.default\">\n\t\t\t\t<div class=\"elementor-widget-container\">\n\t\t\t\t\t<div class=\"elementor-image\">\n\t\t\t\t\t\t\t<figure class=\"wp-caption\">\n\t\t\t\t\t\t\t\t\t\t\t<a href=\"http:\/\/www.kmetijstvo-polanec.si\/wp-content\/uploads\/2020\/03\/NG_PLUS_4_Prospekt_2014.pdf\" target=\"_blank\">\n\t\t\t\t\t\t\t<img width=\"1198\" height=\"1666\" src=\"http:\/\/www.kmetijstvo-polanec.si\/wp-content\/uploads\/2020\/03\/Screenshot-2020-03-08-at-18.36.06.png\" class=\"elementor-animation-grow-rotate attachment-full size-full\" alt=\"NG plus\" srcset=\"http:\/\/www.kmetijstvo-polanec.si\/wp-content\/uploads\/2020\/03\/Screenshot-2020-03-08-at-18.36.06.png 1198w, http:\/\/www.kmetijstvo-polanec.si\/wp-content\/uploads\/2020\/03\/Screenshot-2020-03-08-at-18.36.06-216x300.png 216w, http:\/\/www.kmetijstvo-polanec.si\/wp-content\/uploads\/2020\/03\/Screenshot-2020-03-08-at-18.36.06-736x1024.png 736w, http:\/\/www.kmetijstvo-polanec.si\/wp-content\/uploads\/2020\/03\/Screenshot-2020-03-08-at-18.36.06-768x1068.png 768w, http:\/\/www.kmetijstvo-polanec.si\/wp-content\/uploads\/2020\/03\/Screenshot-2020-03-08-at-18.36.06-1105x1536.png 1105w\" sizes=\"(max-width: 1198px) 100vw, 1198px\" \/>\t\t\t\t\t\t\t\t<\/a>\n\t\t\t\t\t\t\t\t\t\t\t<figcaption class=\"widget-image-caption wp-caption-text\">NG plus 4 - PDF<\/figcaption>\n\t\t\t\t\t\t\t\t\t\t<\/figure>\n\t\t\t\t\t<\/div>\n\t\t\t\t<\/div>\n\t\t\t\t<\/div>\n\t\t\t\t\t\t<\/div>\n\t\t\t\t\t<\/div>\n\t\t<\/div>\n\t\t\t\t<div class=\"elementor-column elementor-col-25 elementor-inner-column elementor-element elementor-element-24fed72\" data-id=\"24fed72\" data-element_type=\"column\">\n\t\t\t<div class=\"elementor-column-wrap elementor-element-populated\">\n\t\t\t\t\t\t\t<div class=\"elementor-widget-wrap\">\n\t\t\t\t\t\t<div class=\"elementor-element elementor-element-4d521ea animated-slow elementor-invisible elementor-widget elementor-widget-image\" data-id=\"4d521ea\" data-element_type=\"widget\" data-settings=\"{&quot;_animation&quot;:&quot;fadeInUp&quot;,&quot;_animation_delay&quot;:600}\" data-widget_type=\"image.default\">\n\t\t\t\t<div class=\"elementor-widget-container\">\n\t\t\t\t\t<div class=\"elementor-image\">\n\t\t\t\t\t\t\t<figure class=\"wp-caption\">\n\t\t\t\t\t\t\t\t\t\t\t<a href=\"http:\/\/www.kmetijstvo-polanec.si\/wp-content\/uploads\/2020\/03\/NG_Plus_M_2014.pdf\" target=\"_blank\">\n\t\t\t\t\t\t\t<img width=\"1198\" height=\"1666\" src=\"http:\/\/www.kmetijstvo-polanec.si\/wp-content\/uploads\/2020\/03\/Screenshot-2020-03-08-at-18.37.40.png\" class=\"elementor-animation-grow-rotate attachment-full size-full\" alt=\"\" srcset=\"http:\/\/www.kmetijstvo-polanec.si\/wp-content\/uploads\/2020\/03\/Screenshot-2020-03-08-at-18.37.40.png 1198w, http:\/\/www.kmetijstvo-polanec.si\/wp-content\/uploads\/2020\/03\/Screenshot-2020-03-08-at-18.37.40-216x300.png 216w, http:\/\/www.kmetijstvo-polanec.si\/wp-content\/uploads\/2020\/03\/Screenshot-2020-03-08-at-18.37.40-736x1024.png 736w, http:\/\/www.kmetijstvo-polanec.si\/wp-content\/uploads\/2020\/03\/Screenshot-2020-03-08-at-18.37.40-768x1068.png 768w, http:\/\/www.kmetijstvo-polanec.si\/wp-content\/uploads\/2020\/03\/Screenshot-2020-03-08-at-18.37.40-1105x1536.png 1105w\" sizes=\"(max-width: 1198px) 100vw, 1198px\" \/>\t\t\t\t\t\t\t\t<\/a>\n\t\t\t\t\t\t\t\t\t\t\t<figcaption class=\"widget-image-caption wp-caption-text\">NG plus M - PDF<\/figcaption>\n\t\t\t\t\t\t\t\t\t\t<\/figure>\n\t\t\t\t\t<\/div>\n\t\t\t\t<\/div>\n\t\t\t\t<\/div>\n\t\t\t\t\t\t<\/div>\n\t\t\t\t\t<\/div>\n\t\t<\/div>\n\t\t\t\t<div class=\"elementor-column elementor-col-25 elementor-inner-column elementor-element elementor-element-6151e78\" data-id=\"6151e78\" data-element_type=\"column\">\n\t\t\t<div class=\"elementor-column-wrap elementor-element-populated\">\n\t\t\t\t\t\t\t<div class=\"elementor-widget-wrap\">\n\t\t\t\t\t\t<div class=\"elementor-element elementor-element-4a38b34 animated-slow elementor-invisible elementor-widget elementor-widget-image\" data-id=\"4a38b34\" data-element_type=\"widget\" data-settings=\"{&quot;_animation&quot;:&quot;fadeInDown&quot;,&quot;_animation_delay&quot;:600}\" data-widget_type=\"image.default\">\n\t\t\t\t<div class=\"elementor-widget-container\">\n\t\t\t\t\t<div class=\"elementor-image\">\n\t\t\t\t\t\t\t<figure class=\"wp-caption\">\n\t\t\t\t\t\t\t\t\t\t\t<a href=\"http:\/\/www.kmetijstvo-polanec.si\/wp-content\/uploads\/2020\/03\/NX_2_Prospekt_2012.pdf\" target=\"_blank\">\n\t\t\t\t\t\t\t<img width=\"1198\" height=\"1666\" src=\"http:\/\/www.kmetijstvo-polanec.si\/wp-content\/uploads\/2020\/03\/Screenshot-2020-03-08-at-19.03.56.png\" class=\"elementor-animation-grow-rotate attachment-full size-full\" alt=\"\" srcset=\"http:\/\/www.kmetijstvo-polanec.si\/wp-content\/uploads\/2020\/03\/Screenshot-2020-03-08-at-19.03.56.png 1198w, http:\/\/www.kmetijstvo-polanec.si\/wp-content\/uploads\/2020\/03\/Screenshot-2020-03-08-at-19.03.56-216x300.png 216w, http:\/\/www.kmetijstvo-polanec.si\/wp-content\/uploads\/2020\/03\/Screenshot-2020-03-08-at-19.03.56-736x1024.png 736w, http:\/\/www.kmetijstvo-polanec.si\/wp-content\/uploads\/2020\/03\/Screenshot-2020-03-08-at-19.03.56-768x1068.png 768w, http:\/\/www.kmetijstvo-polanec.si\/wp-content\/uploads\/2020\/03\/Screenshot-2020-03-08-at-19.03.56-1105x1536.png 1105w\" sizes=\"(max-width: 1198px) 100vw, 1198px\" \/>\t\t\t\t\t\t\t\t<\/a>\n\t\t\t\t\t\t\t\t\t\t\t<figcaption class=\"widget-image-caption wp-caption-text\">NX 2 - PDF<\/figcaption>\n\t\t\t\t\t\t\t\t\t\t<\/figure>\n\t\t\t\t\t<\/div>\n\t\t\t\t<\/div>\n\t\t\t\t<\/div>\n\t\t\t\t\t\t<\/div>\n\t\t\t\t\t<\/div>\n\t\t<\/div>\n\t\t\t\t\t\t\t\t<\/div>\n\t\t\t\t\t<\/div>\n\t\t<\/section>\n\t\t\t\t\t\t<\/div>\n\t\t\t\t\t<\/div>\n\t\t<\/div>\n\t\t\t\t\t\t\t\t<\/div>\n\t\t\t\t\t<\/div>\n\t\t<\/section>\n\t\t\t\t<section class=\"elementor-section elementor-top-section elementor-element elementor-element-bcf1aa1 elementor-section-boxed elementor-section-height-default elementor-section-height-default\" data-id=\"bcf1aa1\" data-element_type=\"section\">\n\t\t\t\t\t\t<div class=\"elementor-container elementor-column-gap-default\">\n\t\t\t\t\t\t\t<div class=\"elementor-row\">\n\t\t\t\t\t<div class=\"elementor-column elementor-col-100 elementor-top-column elementor-element elementor-element-f494787\" data-id=\"f494787\" data-element_type=\"column\">\n\t\t\t<div class=\"elementor-column-wrap elementor-element-populated\">\n\t\t\t\t\t\t\t<div class=\"elementor-widget-wrap\">\n\t\t\t\t\t\t<div class=\"elementor-element elementor-element-2f6c2c9 elementor-skin-slideshow animated-slow elementor-aspect-ratio-169 elementor-arrows-yes elementor-invisible elementor-widget elementor-widget-media-carousel\" data-id=\"2f6c2c9\" data-element_type=\"widget\" data-settings=\"{&quot;skin&quot;:&quot;slideshow&quot;,&quot;space_between&quot;:{&quot;unit&quot;:&quot;px&quot;,&quot;size&quot;:3,&quot;sizes&quot;:[]},&quot;_animation&quot;:&quot;fadeInLeft&quot;,&quot;space_between_mobile&quot;:{&quot;unit&quot;:&quot;px&quot;,&quot;size&quot;:4,&quot;sizes&quot;:[]},&quot;effect&quot;:&quot;slide&quot;,&quot;show_arrows&quot;:&quot;yes&quot;,&quot;speed&quot;:500,&quot;autoplay&quot;:&quot;yes&quot;,&quot;autoplay_speed&quot;:5000,&quot;loop&quot;:&quot;yes&quot;,&quot;pause_on_hover&quot;:&quot;yes&quot;,&quot;pause_on_interaction&quot;:&quot;yes&quot;,&quot;space_between_tablet&quot;:{&quot;unit&quot;:&quot;px&quot;,&quot;size&quot;:10,&quot;sizes&quot;:[]}}\" data-widget_type=\"media-carousel.default\">\n\t\t\t\t<div class=\"elementor-widget-container\">\n\t\t\t\t\t<div class=\"elementor-swiper\">\n\t\t\t<div class=\"elementor-main-swiper swiper-container\">\n\t\t\t\t<div class=\"swiper-wrapper\">\n\t\t\t\t\t\t\t\t\t\t\t<div class=\"swiper-slide\">\n\t\t\t\t\t\t\t\t\t<div class=\"elementor-carousel-image\" style=\"background-image: url(http:\/\/www.kmetijstvo-polanec.si\/wp-content\/uploads\/2020\/03\/NG_plus_4_Element.jpg)\">\n\t\t\t\t\t<\/div>\n\t\t\t\t\t\t\t\t<\/div>\n\t\t\t\t\t\t\t\t\t\t\t<div class=\"swiper-slide\">\n\t\t\t\t\t\t\t\t\t<div class=\"elementor-carousel-image\" style=\"background-image: url(http:\/\/www.kmetijstvo-polanec.si\/wp-content\/uploads\/2020\/03\/NX_2_Element.jpg)\">\n\t\t\t\t\t<\/div>\n\t\t\t\t\t\t\t\t<\/div>\n\t\t\t\t\t\t\t\t\t\t\t<div class=\"swiper-slide\">\n\t\t\t\t\t\t\t\t\t<div class=\"elementor-carousel-image\" style=\"background-image: url(http:\/\/www.kmetijstvo-polanec.si\/wp-content\/uploads\/2020\/03\/NG_Plus_ME_Element.jpg)\">\n\t\t\t\t\t<\/div>\n\t\t\t\t\t\t\t\t<\/div>\n\t\t\t\t\t\t\t\t\t\t\t<div class=\"swiper-slide\">\n\t\t\t\t\t\t\t\t\t<div class=\"elementor-carousel-image\" style=\"background-image: url(http:\/\/www.kmetijstvo-polanec.si\/wp-content\/uploads\/2020\/03\/NG_plus_M_Element.jpg)\">\n\t\t\t\t\t<\/div>\n\t\t\t\t\t\t\t\t<\/div>\n\t\t\t\t\t\t\t\t\t\t\t<div class=\"swiper-slide\">\n\t\t\t\t\t\t\t\t\t<div class=\"elementor-carousel-image\" style=\"background-image: url(http:\/\/www.kmetijstvo-polanec.si\/wp-content\/uploads\/2020\/03\/Monosem_NX_2.jpg)\">\n\t\t\t\t\t<\/div>\n\t\t\t\t\t\t\t\t<\/div>\n\t\t\t\t\t\t\t\t\t\t\t<div class=\"swiper-slide\">\n\t\t\t\t\t\t\t\t\t<div class=\"elementor-carousel-image\" style=\"background-image: url(http:\/\/www.kmetijstvo-polanec.si\/wp-content\/uploads\/2020\/03\/Monosem_NG_Plus_4.jpg)\">\n\t\t\t\t\t<\/div>\n\t\t\t\t\t\t\t\t<\/div>\n\t\t\t\t\t\t\t\t\t\t\t<div class=\"swiper-slide\">\n\t\t\t\t\t\t\t\t\t<div class=\"elementor-carousel-image\" style=\"background-image: url(http:\/\/www.kmetijstvo-polanec.si\/wp-content\/uploads\/2020\/03\/Monosem_NC_Classic.png)\">\n\t\t\t\t\t<\/div>\n\t\t\t\t\t\t\t\t<\/div>\n\t\t\t\t\t\t\t\t\t<\/div>\n\t\t\t\t\t\t\t\t\t\t\t\t\t\t\t\t\t\t\t\t<div class=\"elementor-swiper-button elementor-swiper-button-prev\">\n\t\t\t\t\t\t\t<i class=\"eicon-chevron-left\" aria-hidden=\"true\"><\/i>\n\t\t\t\t\t\t\t<span class=\"elementor-screen-only\">Previous<\/span>\n\t\t\t\t\t\t<\/div>\n\t\t\t\t\t\t<div class=\"elementor-swiper-button elementor-swiper-button-next\">\n\t\t\t\t\t\t\t<i class=\"eicon-chevron-right\" aria-hidden=\"true\"><\/i>\n\t\t\t\t\t\t\t<span class=\"elementor-screen-only\">Next<\/span>\n\t\t\t\t\t\t<\/div>\n\t\t\t\t\t\t\t\t\t\t\t\t<\/div>\n\t\t<\/div>\n\t\t\t\t<div class=\"elementor-swiper\">\n\t\t\t<div class=\"elementor-thumbnails-swiper swiper-container\">\n\t\t\t\t<div class=\"swiper-wrapper\">\n\t\t\t\t\t\t\t\t\t\t\t<div class=\"swiper-slide\">\n\t\t\t\t\t\t\t\t\t<div class=\"elementor-fit-aspect-ratio elementor-carousel-image\" style=\"background-image: url(http:\/\/www.kmetijstvo-polanec.si\/wp-content\/uploads\/2020\/03\/NG_plus_4_Element.jpg)\">\n\t\t\t\t\t<\/div>\n\t\t\t\t\t\t\t\t<\/div>\n\t\t\t\t\t\t\t\t\t\t\t<div class=\"swiper-slide\">\n\t\t\t\t\t\t\t\t\t<div class=\"elementor-fit-aspect-ratio elementor-carousel-image\" style=\"background-image: url(http:\/\/www.kmetijstvo-polanec.si\/wp-content\/uploads\/2020\/03\/NX_2_Element.jpg)\">\n\t\t\t\t\t<\/div>\n\t\t\t\t\t\t\t\t<\/div>\n\t\t\t\t\t\t\t\t\t\t\t<div class=\"swiper-slide\">\n\t\t\t\t\t\t\t\t\t<div class=\"elementor-fit-aspect-ratio elementor-carousel-image\" style=\"background-image: url(http:\/\/www.kmetijstvo-polanec.si\/wp-content\/uploads\/2020\/03\/NG_Plus_ME_Element.jpg)\">\n\t\t\t\t\t<\/div>\n\t\t\t\t\t\t\t\t<\/div>\n\t\t\t\t\t\t\t\t\t\t\t<div class=\"swiper-slide\">\n\t\t\t\t\t\t\t\t\t<div class=\"elementor-fit-aspect-ratio elementor-carousel-image\" style=\"background-image: url(http:\/\/www.kmetijstvo-polanec.si\/wp-content\/uploads\/2020\/03\/NG_plus_M_Element.jpg)\">\n\t\t\t\t\t<\/div>\n\t\t\t\t\t\t\t\t<\/div>\n\t\t\t\t\t\t\t\t\t\t\t<div class=\"swiper-slide\">\n\t\t\t\t\t\t\t\t\t<div class=\"elementor-fit-aspect-ratio elementor-carousel-image\" style=\"background-image: url(http:\/\/www.kmetijstvo-polanec.si\/wp-content\/uploads\/2020\/03\/Monosem_NX_2.jpg)\">\n\t\t\t\t\t<\/div>\n\t\t\t\t\t\t\t\t<\/div>\n\t\t\t\t\t\t\t\t\t\t\t<div class=\"swiper-slide\">\n\t\t\t\t\t\t\t\t\t<div class=\"elementor-fit-aspect-ratio elementor-carousel-image\" style=\"background-image: url(http:\/\/www.kmetijstvo-polanec.si\/wp-content\/uploads\/2020\/03\/Monosem_NG_Plus_4.jpg)\">\n\t\t\t\t\t<\/div>\n\t\t\t\t\t\t\t\t<\/div>\n\t\t\t\t\t\t\t\t\t\t\t<div class=\"swiper-slide\">\n\t\t\t\t\t\t\t\t\t<div class=\"elementor-fit-aspect-ratio elementor-carousel-image\" style=\"background-image: url(http:\/\/www.kmetijstvo-polanec.si\/wp-content\/uploads\/2020\/03\/Monosem_NC_Classic.png)\">\n\t\t\t\t\t<\/div>\n\t\t\t\t\t\t\t\t<\/div>\n\t\t\t\t\t\t\t\t\t<\/div>\n\t\t\t\t\t\t\t\t\t\t\t\t\t\t\t\t\t\t\t\t\t<\/div>\n\t\t<\/div>\n\t\t\t\t<\/div>\n\t\t\t\t<\/div>\n\t\t\t\t\t\t<\/div>\n\t\t\t\t\t<\/div>\n\t\t<\/div>\n\t\t\t\t\t\t\t\t<\/div>\n\t\t\t\t\t<\/div>\n\t\t<\/section>\n\t\t\t\t\t\t<\/div>\n\t\t\t\t\t\t<\/div>\n\t\t\t\t\t<\/div>\n\t\t","protected":false},"excerpt":{"rendered":"<p>MONOSEM sejalnice Vodilni proizvajalec sejalnic za \u0161irokoredne kulture, kot so koruza, soja, bu\u010de\u2026 na trgu EU. Sejalnice odlikuje visoka kakovost in vzdr\u017eljivost ter\u00a0 bogata paleta opreme in izbor produktov Za<\/p>\n<p class=\"more-link\"><a href=\"http:\/\/www.kmetijstvo-polanec.si\/index.php\/monosem-sejalnice\/\" class=\"readmore\">Ve\u010d<svg class=\"icon icon-angle-right\" aria-hidden=\"true\" role=\"img\"> <use href=\"#icon-angle-right\" xlink:href=\"#icon-angle-right\"><\/use> <\/svg><span class=\"screen-reader-text\">Monosem sejalnice<\/span><\/a><\/p>\n","protected":false},"author":1,"featured_media":0,"parent":0,"menu_order":0,"comment_status":"closed","ping_status":"closed","template":"elementor_header_footer","meta":[],"_links":{"self":[{"href":"http:\/\/www.kmetijstvo-polanec.si\/index.php\/wp-json\/wp\/v2\/pages\/1953"}],"collection":[{"href":"http:\/\/www.kmetijstvo-polanec.si\/index.php\/wp-json\/wp\/v2\/pages"}],"about":[{"href":"http:\/\/www.kmetijstvo-polanec.si\/index.php\/wp-json\/wp\/v2\/types\/page"}],"author":[{"embeddable":true,"href":"http:\/\/www.kmetijstvo-polanec.si\/index.php\/wp-json\/wp\/v2\/users\/1"}],"replies":[{"embeddable":true,"href":"http:\/\/www.kmetijstvo-polanec.si\/index.php\/wp-json\/wp\/v2\/comments?post=1953"}],"version-history":[{"count":10,"href":"http:\/\/www.kmetijstvo-polanec.si\/index.php\/wp-json\/wp\/v2\/pages\/1953\/revisions"}],"predecessor-version":[{"id":2054,"href":"http:\/\/www.kmetijstvo-polanec.si\/index.php\/wp-json\/wp\/v2\/pages\/1953\/revisions\/2054"}],"wp:attachment":[{"href":"http:\/\/www.kmetijstvo-polanec.si\/index.php\/wp-json\/wp\/v2\/media?parent=1953"}],"curies":[{"name":"wp","href":"https:\/\/api.w.org\/{rel}","templated":true}]}}