{"id":1743,"date":"2020-03-04T13:31:09","date_gmt":"2020-03-04T13:31:09","guid":{"rendered":"http:\/\/www.kmetijstvo-polanec.si\/?page_id=1743"},"modified":"2020-03-17T14:46:19","modified_gmt":"2020-03-17T14:46:19","slug":"eurospand","status":"publish","type":"page","link":"http:\/\/www.kmetijstvo-polanec.si\/index.php\/eurospand\/","title":{"rendered":"Eurospand"},"content":{"rendered":"\t\t<div data-elementor-type=\"wp-page\" data-elementor-id=\"1743\" class=\"elementor elementor-1743\" data-elementor-settings=\"[]\">\n\t\t\t\t\t\t<div class=\"elementor-inner\">\n\t\t\t\t\t\t\t<div class=\"elementor-section-wrap\">\n\t\t\t\t\t\t\t<section class=\"elementor-section elementor-top-section elementor-element elementor-element-28e707c elementor-section-boxed elementor-section-height-default elementor-section-height-default\" data-id=\"28e707c\" data-element_type=\"section\">\n\t\t\t\t\t\t<div class=\"elementor-container elementor-column-gap-default\">\n\t\t\t\t\t\t\t<div class=\"elementor-row\">\n\t\t\t\t\t<div class=\"elementor-column elementor-col-100 elementor-top-column elementor-element elementor-element-ed72f86\" data-id=\"ed72f86\" data-element_type=\"column\">\n\t\t\t<div class=\"elementor-column-wrap elementor-element-populated\">\n\t\t\t\t\t\t\t<div class=\"elementor-widget-wrap\">\n\t\t\t\t\t\t<div class=\"elementor-element elementor-element-4443183 animated-slow elementor-invisible elementor-widget elementor-widget-image\" data-id=\"4443183\" data-element_type=\"widget\" data-settings=\"{&quot;_animation&quot;:&quot;fadeInLeft&quot;}\" data-widget_type=\"image.default\">\n\t\t\t\t<div class=\"elementor-widget-container\">\n\t\t\t\t\t<div class=\"elementor-image\">\n\t\t\t\t\t\t\t\t\t\t<img width=\"400\" height=\"200\" src=\"http:\/\/www.kmetijstvo-polanec.si\/wp-content\/uploads\/2020\/03\/201-40_400.png\" class=\"attachment-large size-large\" alt=\"eurospand logo\" srcset=\"http:\/\/www.kmetijstvo-polanec.si\/wp-content\/uploads\/2020\/03\/201-40_400.png 400w, http:\/\/www.kmetijstvo-polanec.si\/wp-content\/uploads\/2020\/03\/201-40_400-300x150.png 300w\" sizes=\"(max-width: 400px) 100vw, 400px\" \/>\t\t\t\t\t\t\t\t\t\t\t<\/div>\n\t\t\t\t<\/div>\n\t\t\t\t<\/div>\n\t\t\t\t<section class=\"elementor-section elementor-inner-section elementor-element elementor-element-a5fe6b8 elementor-section-boxed elementor-section-height-default elementor-section-height-default\" data-id=\"a5fe6b8\" data-element_type=\"section\">\n\t\t\t\t\t\t<div class=\"elementor-container elementor-column-gap-default\">\n\t\t\t\t\t\t\t<div class=\"elementor-row\">\n\t\t\t\t\t<div class=\"elementor-column elementor-col-50 elementor-inner-column elementor-element elementor-element-7fdcee2\" data-id=\"7fdcee2\" data-element_type=\"column\">\n\t\t\t<div class=\"elementor-column-wrap elementor-element-populated\">\n\t\t\t\t\t\t\t<div class=\"elementor-widget-wrap\">\n\t\t\t\t\t\t<div class=\"elementor-element elementor-element-760d336 animated-slow elementor-invisible elementor-widget elementor-widget-heading\" data-id=\"760d336\" data-element_type=\"widget\" data-settings=\"{&quot;_animation&quot;:&quot;fadeInRight&quot;}\" data-widget_type=\"heading.default\">\n\t\t\t\t<div class=\"elementor-widget-container\">\n\t\t\t<h2 class=\"elementor-heading-title elementor-size-default\">Trosilci mineralnih gnojil\n<\/h2>\t\t<\/div>\n\t\t\t\t<\/div>\n\t\t\t\t<div class=\"elementor-element elementor-element-43064c4 animated-slow elementor-invisible elementor-widget elementor-widget-text-editor\" data-id=\"43064c4\" data-element_type=\"widget\" data-settings=\"{&quot;_animation&quot;:&quot;fadeInRight&quot;,&quot;_animation_delay&quot;:300}\" data-widget_type=\"text-editor.default\">\n\t\t\t\t<div class=\"elementor-widget-container\">\n\t\t\t\t\t<div class=\"elementor-text-editor elementor-clearfix\"><p>Italijanski proizvajalec trosilcev mineralnih gnojil nudi bogato paleto modelov. Trosilniki so primerni tako za manj\u0161e kmetovalce, kot profesionalne kmetije z potrebami po ve\u010djih kapacitetat.<br \/>Na voljo so specialni modeli za zimski slu\u017ebo, za sadjarsko vinogradni\u0161ke kmetije in tudi zahtevnje\u0161i z elektroniko in tehnico.<\/p><p>Na voljo so izvedbe od 200L do 3000L <br \/>Ve\u010d informacij najdete v naslednjih bro\u0161urah\u00a0Aali pa se obrnite na na\u0161 naslov da za va\u0161e potrebno poi\u0161\u010demo primeren stroj.<\/p><\/div>\n\t\t\t\t<\/div>\n\t\t\t\t<\/div>\n\t\t\t\t<div class=\"elementor-element elementor-element-656e6cc animated-slow elementor-invisible elementor-widget elementor-widget-image\" data-id=\"656e6cc\" data-element_type=\"widget\" data-settings=\"{&quot;_animation&quot;:&quot;fadeInLeft&quot;,&quot;_animation_delay&quot;:600}\" data-widget_type=\"image.default\">\n\t\t\t\t<div class=\"elementor-widget-container\">\n\t\t\t\t\t<div class=\"elementor-image\">\n\t\t\t\t\t\t\t<figure class=\"wp-caption\">\n\t\t\t\t\t\t\t\t\t\t\t<a href=\"http:\/\/www.kmetijstvo-polanec.si\/wp-content\/uploads\/2020\/03\/eurospand_2018_17-en.pdf\" target=\"_blank\">\n\t\t\t\t\t\t\t<img width=\"920\" height=\"645\" src=\"http:\/\/www.kmetijstvo-polanec.si\/wp-content\/uploads\/2020\/03\/Screenshot-2020-03-04-at-20.58.37-1024x718.png\" class=\"elementor-animation-grow-rotate attachment-large size-large\" alt=\"\" srcset=\"http:\/\/www.kmetijstvo-polanec.si\/wp-content\/uploads\/2020\/03\/Screenshot-2020-03-04-at-20.58.37-1024x718.png 1024w, http:\/\/www.kmetijstvo-polanec.si\/wp-content\/uploads\/2020\/03\/Screenshot-2020-03-04-at-20.58.37-300x210.png 300w, http:\/\/www.kmetijstvo-polanec.si\/wp-content\/uploads\/2020\/03\/Screenshot-2020-03-04-at-20.58.37-768x538.png 768w, http:\/\/www.kmetijstvo-polanec.si\/wp-content\/uploads\/2020\/03\/Screenshot-2020-03-04-at-20.58.37-1536x1077.png 1536w, http:\/\/www.kmetijstvo-polanec.si\/wp-content\/uploads\/2020\/03\/Screenshot-2020-03-04-at-20.58.37-2048x1436.png 2048w\" sizes=\"(max-width: 920px) 100vw, 920px\" \/>\t\t\t\t\t\t\t\t<\/a>\n\t\t\t\t\t\t\t\t\t\t\t<figcaption class=\"widget-image-caption wp-caption-text\">PDF<\/figcaption>\n\t\t\t\t\t\t\t\t\t\t<\/figure>\n\t\t\t\t\t<\/div>\n\t\t\t\t<\/div>\n\t\t\t\t<\/div>\n\t\t\t\t\t\t<\/div>\n\t\t\t\t\t<\/div>\n\t\t<\/div>\n\t\t\t\t<div class=\"elementor-column elementor-col-50 elementor-inner-column elementor-element elementor-element-4446dd0\" data-id=\"4446dd0\" data-element_type=\"column\">\n\t\t\t<div class=\"elementor-column-wrap elementor-element-populated\">\n\t\t\t\t\t\t\t<div class=\"elementor-widget-wrap\">\n\t\t\t\t\t\t<div class=\"elementor-element elementor-element-b23f857 animated-slow elementor-invisible elementor-widget elementor-widget-image\" data-id=\"b23f857\" data-element_type=\"widget\" data-settings=\"{&quot;_animation&quot;:&quot;fadeInRight&quot;,&quot;_animation_delay&quot;:600}\" data-widget_type=\"image.default\">\n\t\t\t\t<div class=\"elementor-widget-container\">\n\t\t\t\t\t<div class=\"elementor-image\">\n\t\t\t\t\t\t\t<figure class=\"wp-caption\">\n\t\t\t\t\t\t\t\t\t\t\t<a href=\"http:\/\/www.kmetijstvo-polanec.si\/wp-content\/uploads\/2020\/03\/crono_elettra_w_en.pdf\" target=\"_blank\">\n\t\t\t\t\t\t\t<img width=\"742\" height=\"1024\" src=\"http:\/\/www.kmetijstvo-polanec.si\/wp-content\/uploads\/2020\/03\/Screenshot-2020-03-04-at-20.58.20-742x1024.png\" class=\"elementor-animation-grow-rotate attachment-large size-large\" alt=\"\" srcset=\"http:\/\/www.kmetijstvo-polanec.si\/wp-content\/uploads\/2020\/03\/Screenshot-2020-03-04-at-20.58.20-742x1024.png 742w, http:\/\/www.kmetijstvo-polanec.si\/wp-content\/uploads\/2020\/03\/Screenshot-2020-03-04-at-20.58.20-217x300.png 217w, http:\/\/www.kmetijstvo-polanec.si\/wp-content\/uploads\/2020\/03\/Screenshot-2020-03-04-at-20.58.20-768x1060.png 768w, http:\/\/www.kmetijstvo-polanec.si\/wp-content\/uploads\/2020\/03\/Screenshot-2020-03-04-at-20.58.20-1113x1536.png 1113w, http:\/\/www.kmetijstvo-polanec.si\/wp-content\/uploads\/2020\/03\/Screenshot-2020-03-04-at-20.58.20.png 1200w\" sizes=\"(max-width: 742px) 100vw, 742px\" \/>\t\t\t\t\t\t\t\t<\/a>\n\t\t\t\t\t\t\t\t\t\t\t<figcaption class=\"widget-image-caption wp-caption-text\">PDF<\/figcaption>\n\t\t\t\t\t\t\t\t\t\t<\/figure>\n\t\t\t\t\t<\/div>\n\t\t\t\t<\/div>\n\t\t\t\t<\/div>\n\t\t\t\t\t\t<\/div>\n\t\t\t\t\t<\/div>\n\t\t<\/div>\n\t\t\t\t\t\t\t\t<\/div>\n\t\t\t\t\t<\/div>\n\t\t<\/section>\n\t\t\t\t<div class=\"elementor-element elementor-element-a6c56cb elementor-skin-slideshow elementor-aspect-ratio-169 animated-slow elementor-arrows-yes elementor-invisible elementor-widget elementor-widget-media-carousel\" data-id=\"a6c56cb\" data-element_type=\"widget\" data-settings=\"{&quot;skin&quot;:&quot;slideshow&quot;,&quot;space_between&quot;:{&quot;unit&quot;:&quot;px&quot;,&quot;size&quot;:3,&quot;sizes&quot;:[]},&quot;_animation&quot;:&quot;fadeInLeft&quot;,&quot;effect&quot;:&quot;slide&quot;,&quot;show_arrows&quot;:&quot;yes&quot;,&quot;speed&quot;:500,&quot;autoplay&quot;:&quot;yes&quot;,&quot;autoplay_speed&quot;:5000,&quot;loop&quot;:&quot;yes&quot;,&quot;pause_on_hover&quot;:&quot;yes&quot;,&quot;pause_on_interaction&quot;:&quot;yes&quot;,&quot;space_between_tablet&quot;:{&quot;unit&quot;:&quot;px&quot;,&quot;size&quot;:10,&quot;sizes&quot;:[]},&quot;space_between_mobile&quot;:{&quot;unit&quot;:&quot;px&quot;,&quot;size&quot;:10,&quot;sizes&quot;:[]}}\" data-widget_type=\"media-carousel.default\">\n\t\t\t\t<div class=\"elementor-widget-container\">\n\t\t\t\t\t<div class=\"elementor-swiper\">\n\t\t\t<div class=\"elementor-main-swiper swiper-container\">\n\t\t\t\t<div class=\"swiper-wrapper\">\n\t\t\t\t\t\t\t\t\t\t\t<div class=\"swiper-slide\">\n\t\t\t\t\t\t\t\t\t<div class=\"elementor-carousel-image\" style=\"background-image: url(http:\/\/www.kmetijstvo-polanec.si\/wp-content\/uploads\/2020\/03\/CRONO-1164x720-1-1024x633.jpg)\">\n\t\t\t\t\t<\/div>\n\t\t\t\t\t\t\t\t<\/div>\n\t\t\t\t\t\t\t\t\t\t\t<div class=\"swiper-slide\">\n\t\t\t\t\t\t\t\t\t<div class=\"elementor-carousel-image\" style=\"background-image: url(http:\/\/www.kmetijstvo-polanec.si\/wp-content\/uploads\/2020\/03\/DSC_0057-2362x1565-1-1024x678-1.jpg)\">\n\t\t\t\t\t<\/div>\n\t\t\t\t\t\t\t\t<\/div>\n\t\t\t\t\t\t\t\t\t\t\t<div class=\"swiper-slide\">\n\t\t\t\t\t\t\t\t\t<div class=\"elementor-carousel-image\" style=\"background-image: url(http:\/\/www.kmetijstvo-polanec.si\/wp-content\/uploads\/2020\/03\/electronic-with-weighing-system-fertilizer-spreader-1024x683.jpg)\">\n\t\t\t\t\t<\/div>\n\t\t\t\t\t\t\t\t<\/div>\n\t\t\t\t\t\t\t\t\t\t\t<div class=\"swiper-slide\">\n\t\t\t\t\t\t\t\t\t<div class=\"elementor-carousel-image\" style=\"background-image: url(http:\/\/www.kmetijstvo-polanec.si\/wp-content\/uploads\/2020\/03\/Elettra-in-campo3-1-1024x660.jpg)\">\n\t\t\t\t\t<\/div>\n\t\t\t\t\t\t\t\t<\/div>\n\t\t\t\t\t\t\t\t\t\t\t<div class=\"swiper-slide\">\n\t\t\t\t\t\t\t\t\t<div class=\"elementor-carousel-image\" style=\"background-image: url(http:\/\/www.kmetijstvo-polanec.si\/wp-content\/uploads\/2020\/03\/Elettra-inox-1500x999-1-1024x682.jpg)\">\n\t\t\t\t\t<\/div>\n\t\t\t\t\t\t\t\t<\/div>\n\t\t\t\t\t\t\t\t\t\t\t<div class=\"swiper-slide\">\n\t\t\t\t\t\t\t\t\t<div class=\"elementor-carousel-image\" style=\"background-image: url(http:\/\/www.kmetijstvo-polanec.si\/wp-content\/uploads\/2020\/03\/IMGP4215-1.jpg)\">\n\t\t\t\t\t<\/div>\n\t\t\t\t\t\t\t\t<\/div>\n\t\t\t\t\t\t\t\t\t\t\t<div class=\"swiper-slide\">\n\t\t\t\t\t\t\t\t\t<div class=\"elementor-carousel-image\" style=\"background-image: url(http:\/\/www.kmetijstvo-polanec.si\/wp-content\/uploads\/2020\/03\/immagine-principale-DAVID-web.jpg)\">\n\t\t\t\t\t<\/div>\n\t\t\t\t\t\t\t\t<\/div>\n\t\t\t\t\t\t\t\t\t\t\t<div class=\"swiper-slide\">\n\t\t\t\t\t\t\t\t\t<div class=\"elementor-carousel-image\" style=\"background-image: url(http:\/\/www.kmetijstvo-polanec.si\/wp-content\/uploads\/2020\/03\/jolly18-BN-1024x803.jpg)\">\n\t\t\t\t\t<\/div>\n\t\t\t\t\t\t\t\t<\/div>\n\t\t\t\t\t\t\t\t\t\t\t<div class=\"swiper-slide\">\n\t\t\t\t\t\t\t\t\t<div class=\"elementor-carousel-image\" style=\"background-image: url(http:\/\/www.kmetijstvo-polanec.si\/wp-content\/uploads\/2020\/03\/jolly18-BN1.jpg)\">\n\t\t\t\t\t<\/div>\n\t\t\t\t\t\t\t\t<\/div>\n\t\t\t\t\t\t\t\t\t<\/div>\n\t\t\t\t\t\t\t\t\t\t\t\t\t\t\t\t\t\t\t\t<div class=\"elementor-swiper-button elementor-swiper-button-prev\">\n\t\t\t\t\t\t\t<i class=\"eicon-chevron-left\" aria-hidden=\"true\"><\/i>\n\t\t\t\t\t\t\t<span class=\"elementor-screen-only\">Previous<\/span>\n\t\t\t\t\t\t<\/div>\n\t\t\t\t\t\t<div class=\"elementor-swiper-button elementor-swiper-button-next\">\n\t\t\t\t\t\t\t<i class=\"eicon-chevron-right\" aria-hidden=\"true\"><\/i>\n\t\t\t\t\t\t\t<span class=\"elementor-screen-only\">Next<\/span>\n\t\t\t\t\t\t<\/div>\n\t\t\t\t\t\t\t\t\t\t\t\t<\/div>\n\t\t<\/div>\n\t\t\t\t<div class=\"elementor-swiper\">\n\t\t\t<div class=\"elementor-thumbnails-swiper swiper-container\">\n\t\t\t\t<div class=\"swiper-wrapper\">\n\t\t\t\t\t\t\t\t\t\t\t<div class=\"swiper-slide\">\n\t\t\t\t\t\t\t\t\t<div class=\"elementor-fit-aspect-ratio elementor-carousel-image\" style=\"background-image: url(http:\/\/www.kmetijstvo-polanec.si\/wp-content\/uploads\/2020\/03\/CRONO-1164x720-1-1024x633.jpg)\">\n\t\t\t\t\t<\/div>\n\t\t\t\t\t\t\t\t<\/div>\n\t\t\t\t\t\t\t\t\t\t\t<div class=\"swiper-slide\">\n\t\t\t\t\t\t\t\t\t<div class=\"elementor-fit-aspect-ratio elementor-carousel-image\" style=\"background-image: url(http:\/\/www.kmetijstvo-polanec.si\/wp-content\/uploads\/2020\/03\/DSC_0057-2362x1565-1-1024x678-1.jpg)\">\n\t\t\t\t\t<\/div>\n\t\t\t\t\t\t\t\t<\/div>\n\t\t\t\t\t\t\t\t\t\t\t<div class=\"swiper-slide\">\n\t\t\t\t\t\t\t\t\t<div class=\"elementor-fit-aspect-ratio elementor-carousel-image\" style=\"background-image: url(http:\/\/www.kmetijstvo-polanec.si\/wp-content\/uploads\/2020\/03\/electronic-with-weighing-system-fertilizer-spreader-1024x683.jpg)\">\n\t\t\t\t\t<\/div>\n\t\t\t\t\t\t\t\t<\/div>\n\t\t\t\t\t\t\t\t\t\t\t<div class=\"swiper-slide\">\n\t\t\t\t\t\t\t\t\t<div class=\"elementor-fit-aspect-ratio elementor-carousel-image\" style=\"background-image: url(http:\/\/www.kmetijstvo-polanec.si\/wp-content\/uploads\/2020\/03\/Elettra-in-campo3-1-1024x660.jpg)\">\n\t\t\t\t\t<\/div>\n\t\t\t\t\t\t\t\t<\/div>\n\t\t\t\t\t\t\t\t\t\t\t<div class=\"swiper-slide\">\n\t\t\t\t\t\t\t\t\t<div class=\"elementor-fit-aspect-ratio elementor-carousel-image\" style=\"background-image: url(http:\/\/www.kmetijstvo-polanec.si\/wp-content\/uploads\/2020\/03\/Elettra-inox-1500x999-1-1024x682.jpg)\">\n\t\t\t\t\t<\/div>\n\t\t\t\t\t\t\t\t<\/div>\n\t\t\t\t\t\t\t\t\t\t\t<div class=\"swiper-slide\">\n\t\t\t\t\t\t\t\t\t<div class=\"elementor-fit-aspect-ratio elementor-carousel-image\" style=\"background-image: url(http:\/\/www.kmetijstvo-polanec.si\/wp-content\/uploads\/2020\/03\/IMGP4215-1.jpg)\">\n\t\t\t\t\t<\/div>\n\t\t\t\t\t\t\t\t<\/div>\n\t\t\t\t\t\t\t\t\t\t\t<div class=\"swiper-slide\">\n\t\t\t\t\t\t\t\t\t<div class=\"elementor-fit-aspect-ratio elementor-carousel-image\" style=\"background-image: url(http:\/\/www.kmetijstvo-polanec.si\/wp-content\/uploads\/2020\/03\/immagine-principale-DAVID-web.jpg)\">\n\t\t\t\t\t<\/div>\n\t\t\t\t\t\t\t\t<\/div>\n\t\t\t\t\t\t\t\t\t\t\t<div class=\"swiper-slide\">\n\t\t\t\t\t\t\t\t\t<div class=\"elementor-fit-aspect-ratio elementor-carousel-image\" style=\"background-image: url(http:\/\/www.kmetijstvo-polanec.si\/wp-content\/uploads\/2020\/03\/jolly18-BN-1024x803.jpg)\">\n\t\t\t\t\t<\/div>\n\t\t\t\t\t\t\t\t<\/div>\n\t\t\t\t\t\t\t\t\t\t\t<div class=\"swiper-slide\">\n\t\t\t\t\t\t\t\t\t<div class=\"elementor-fit-aspect-ratio elementor-carousel-image\" style=\"background-image: url(http:\/\/www.kmetijstvo-polanec.si\/wp-content\/uploads\/2020\/03\/jolly18-BN1.jpg)\">\n\t\t\t\t\t<\/div>\n\t\t\t\t\t\t\t\t<\/div>\n\t\t\t\t\t\t\t\t\t<\/div>\n\t\t\t\t\t\t\t\t\t\t\t\t\t\t\t\t\t\t\t\t\t<\/div>\n\t\t<\/div>\n\t\t\t\t<\/div>\n\t\t\t\t<\/div>\n\t\t\t\t\t\t<\/div>\n\t\t\t\t\t<\/div>\n\t\t<\/div>\n\t\t\t\t\t\t\t\t<\/div>\n\t\t\t\t\t<\/div>\n\t\t<\/section>\n\t\t\t\t\t\t<\/div>\n\t\t\t\t\t\t<\/div>\n\t\t\t\t\t<\/div>\n\t\t","protected":false},"excerpt":{"rendered":"<p>Trosilci mineralnih gnojil Italijanski proizvajalec trosilcev mineralnih gnojil nudi bogato paleto modelov. Trosilniki so primerni tako za manj\u0161e kmetovalce, kot profesionalne kmetije z potrebami po ve\u010djih kapacitetat.Na voljo so specialni<\/p>\n<p class=\"more-link\"><a href=\"http:\/\/www.kmetijstvo-polanec.si\/index.php\/eurospand\/\" class=\"readmore\">Ve\u010d<svg class=\"icon icon-angle-right\" aria-hidden=\"true\" role=\"img\"> <use href=\"#icon-angle-right\" xlink:href=\"#icon-angle-right\"><\/use> <\/svg><span class=\"screen-reader-text\">Eurospand<\/span><\/a><\/p>\n","protected":false},"author":1,"featured_media":0,"parent":0,"menu_order":0,"comment_status":"closed","ping_status":"closed","template":"elementor_header_footer","meta":[],"_links":{"self":[{"href":"http:\/\/www.kmetijstvo-polanec.si\/index.php\/wp-json\/wp\/v2\/pages\/1743"}],"collection":[{"href":"http:\/\/www.kmetijstvo-polanec.si\/index.php\/wp-json\/wp\/v2\/pages"}],"about":[{"href":"http:\/\/www.kmetijstvo-polanec.si\/index.php\/wp-json\/wp\/v2\/types\/page"}],"author":[{"embeddable":true,"href":"http:\/\/www.kmetijstvo-polanec.si\/index.php\/wp-json\/wp\/v2\/users\/1"}],"replies":[{"embeddable":true,"href":"http:\/\/www.kmetijstvo-polanec.si\/index.php\/wp-json\/wp\/v2\/comments?post=1743"}],"version-history":[{"count":11,"href":"http:\/\/www.kmetijstvo-polanec.si\/index.php\/wp-json\/wp\/v2\/pages\/1743\/revisions"}],"predecessor-version":[{"id":2118,"href":"http:\/\/www.kmetijstvo-polanec.si\/index.php\/wp-json\/wp\/v2\/pages\/1743\/revisions\/2118"}],"wp:attachment":[{"href":"http:\/\/www.kmetijstvo-polanec.si\/index.php\/wp-json\/wp\/v2\/media?parent=1743"}],"curies":[{"name":"wp","href":"https:\/\/api.w.org\/{rel}","templated":true}]}}