{"id":1177,"date":"2019-11-05T10:45:51","date_gmt":"2019-11-05T10:45:51","guid":{"rendered":"http:\/\/www.kmetijstvo-polanec.si\/?page_id=1177"},"modified":"2020-03-17T14:38:25","modified_gmt":"2020-03-17T14:38:25","slug":"gozdarski-program","status":"publish","type":"page","link":"http:\/\/www.kmetijstvo-polanec.si\/index.php\/gozdarski-program\/","title":{"rendered":"Gozdarski program"},"content":{"rendered":"\t\t<div data-elementor-type=\"wp-page\" data-elementor-id=\"1177\" class=\"elementor elementor-1177\" data-elementor-settings=\"[]\">\n\t\t\t\t\t\t<div class=\"elementor-inner\">\n\t\t\t\t\t\t\t<div class=\"elementor-section-wrap\">\n\t\t\t\t\t\t\t<section class=\"elementor-section elementor-top-section elementor-element elementor-element-bea5634 elementor-section-boxed elementor-section-height-default elementor-section-height-default\" data-id=\"bea5634\" data-element_type=\"section\" data-settings=\"{&quot;background_background&quot;:&quot;classic&quot;}\">\n\t\t\t\t\t\t<div class=\"elementor-container elementor-column-gap-default\">\n\t\t\t\t\t\t\t<div class=\"elementor-row\">\n\t\t\t\t\t<div class=\"elementor-column elementor-col-100 elementor-top-column elementor-element elementor-element-82d9404\" data-id=\"82d9404\" data-element_type=\"column\">\n\t\t\t<div class=\"elementor-column-wrap elementor-element-populated\">\n\t\t\t\t\t\t\t<div class=\"elementor-widget-wrap\">\n\t\t\t\t\t\t<div class=\"elementor-element elementor-element-e8ed87d elementor-widget elementor-widget-spacer\" data-id=\"e8ed87d\" data-element_type=\"widget\" data-widget_type=\"spacer.default\">\n\t\t\t\t<div class=\"elementor-widget-container\">\n\t\t\t\t\t<div class=\"elementor-spacer\">\n\t\t\t<div class=\"elementor-spacer-inner\"><\/div>\n\t\t<\/div>\n\t\t\t\t<\/div>\n\t\t\t\t<\/div>\n\t\t\t\t<div class=\"elementor-element elementor-element-ba14800 elementor-widget elementor-widget-htmega-imagegrid-addons\" data-id=\"ba14800\" data-element_type=\"widget\" data-widget_type=\"htmega-imagegrid-addons.default\">\n\t\t\t\t<div class=\"elementor-widget-container\">\n\t\t\t            <div class=\"htmega-gridimage-area htmega-image-gridstyle-2\" >\n                <div class=\"htb-row\">\n                                                <div class=\"htb-col-md-6 htb-col-sm-6 htb-col-12\">\n                                <div class=\"htmega-singleimage-grid htmega-singleimage-gridstyle-2\" >\n                                    <div class=\"thumb\">\n                                        <a href=\"http:\/\/www.kmetijstvo-polanec.si\/index.php\/krpan\/\"><img width=\"920\" height=\"788\" src=\"http:\/\/www.kmetijstvo-polanec.si\/wp-content\/uploads\/2020\/03\/gozdarski-vitel-4SI-sprednja-copy-1024x877.png\" class=\"attachment-large size-large\" alt=\"\" srcset=\"http:\/\/www.kmetijstvo-polanec.si\/wp-content\/uploads\/2020\/03\/gozdarski-vitel-4SI-sprednja-copy-1024x877.png 1024w, http:\/\/www.kmetijstvo-polanec.si\/wp-content\/uploads\/2020\/03\/gozdarski-vitel-4SI-sprednja-copy-300x257.png 300w, http:\/\/www.kmetijstvo-polanec.si\/wp-content\/uploads\/2020\/03\/gozdarski-vitel-4SI-sprednja-copy-768x658.png 768w, http:\/\/www.kmetijstvo-polanec.si\/wp-content\/uploads\/2020\/03\/gozdarski-vitel-4SI-sprednja-copy.png 1118w\" sizes=\"(max-width: 920px) 100vw, 920px\" \/><\/a>                                    <\/div>\n                                                                            <div class=\"image-grid-content\">\n                                            <div class=\"hover-action\">\n                                                <h2>Krpan<\/h2><a class=\"read-btn\" href=\"http:\/\/www.kmetijstvo-polanec.si\/index.php\/krpan\/\">Preberi ve\u010d<\/a>                                            <\/div>\n                                        <\/div>\n                                                                    <\/div>\n                            <\/div>\n\n                                                    <div class=\"htb-col-md-6 htb-col-sm-6 htb-col-12\">\n                                <div class=\"htmega-singleimage-grid htmega-singleimage-gridstyle-2\" >\n                                    <div class=\"thumb\">\n                                        <a href=\"http:\/\/www.kmetijstvo-polanec.si\/index.php\/uniforest\/\"><img width=\"604\" height=\"474\" src=\"http:\/\/www.kmetijstvo-polanec.si\/wp-content\/uploads\/2020\/03\/Uniforest-RCA1.png\" class=\"attachment-large size-large\" alt=\"\" srcset=\"http:\/\/www.kmetijstvo-polanec.si\/wp-content\/uploads\/2020\/03\/Uniforest-RCA1.png 604w, http:\/\/www.kmetijstvo-polanec.si\/wp-content\/uploads\/2020\/03\/Uniforest-RCA1-300x235.png 300w\" sizes=\"(max-width: 604px) 100vw, 604px\" \/><\/a>                                    <\/div>\n                                                                            <div class=\"image-grid-content\">\n                                            <div class=\"hover-action\">\n                                                <h2>Uniforest<\/h2><a class=\"read-btn\" href=\"http:\/\/www.kmetijstvo-polanec.si\/index.php\/uniforest\/\">Preberi ve\u010d<\/a>                                            <\/div>\n                                        <\/div>\n                                                                    <\/div>\n                            <\/div>\n\n                                        <\/div>\n            <\/div>\n\n        \t\t<\/div>\n\t\t\t\t<\/div>\n\t\t\t\t<div class=\"elementor-element elementor-element-181d4fe elementor-widget elementor-widget-htmega-imagegrid-addons\" data-id=\"181d4fe\" data-element_type=\"widget\" data-widget_type=\"htmega-imagegrid-addons.default\">\n\t\t\t\t<div class=\"elementor-widget-container\">\n\t\t\t            <div class=\"htmega-gridimage-area htmega-image-gridstyle-2\" >\n                <div class=\"htb-row\">\n                                                <div class=\"htb-col-md-12 htb-col-sm-6 htb-col-12\">\n                                <div class=\"htmega-singleimage-grid htmega-singleimage-gridstyle-2\" >\n                                    <div class=\"thumb\">\n                                        <a href=\"http:\/\/www.kmetijstvo-polanec.si\/index.php\/tajfun\/\"><img width=\"768\" height=\"408\" src=\"http:\/\/www.kmetijstvo-polanec.si\/wp-content\/uploads\/2020\/03\/Tajfun-rca-4-768x408.png\" class=\"attachment-medium_large size-medium_large\" alt=\"\" srcset=\"http:\/\/www.kmetijstvo-polanec.si\/wp-content\/uploads\/2020\/03\/Tajfun-rca-4-768x408.png 768w, http:\/\/www.kmetijstvo-polanec.si\/wp-content\/uploads\/2020\/03\/Tajfun-rca-4-300x159.png 300w, http:\/\/www.kmetijstvo-polanec.si\/wp-content\/uploads\/2020\/03\/Tajfun-rca-4.png 907w\" sizes=\"(max-width: 768px) 100vw, 768px\" \/><\/a>                                    <\/div>\n                                                                            <div class=\"image-grid-content\">\n                                            <div class=\"hover-action\">\n                                                <h2>TAJFUN<\/h2><a class=\"read-btn\" href=\"http:\/\/www.kmetijstvo-polanec.si\/index.php\/tajfun\/\">Preberi ve\u010d<\/a>                                            <\/div>\n                                        <\/div>\n                                                                    <\/div>\n                            <\/div>\n\n                                        <\/div>\n            <\/div>\n\n        \t\t<\/div>\n\t\t\t\t<\/div>\n\t\t\t\t<div class=\"elementor-element elementor-element-270192b elementor-widget elementor-widget-spacer\" data-id=\"270192b\" data-element_type=\"widget\" data-widget_type=\"spacer.default\">\n\t\t\t\t<div class=\"elementor-widget-container\">\n\t\t\t\t\t<div class=\"elementor-spacer\">\n\t\t\t<div class=\"elementor-spacer-inner\"><\/div>\n\t\t<\/div>\n\t\t\t\t<\/div>\n\t\t\t\t<\/div>\n\t\t\t\t\t\t<\/div>\n\t\t\t\t\t<\/div>\n\t\t<\/div>\n\t\t\t\t\t\t\t\t<\/div>\n\t\t\t\t\t<\/div>\n\t\t<\/section>\n\t\t\t\t\t\t<\/div>\n\t\t\t\t\t\t<\/div>\n\t\t\t\t\t<\/div>\n\t\t","protected":false},"excerpt":{"rendered":"<p>Krpan Preberi ve\u010d Uniforest Preberi ve\u010d TAJFUN Preberi ve\u010d<\/p>\n","protected":false},"author":1,"featured_media":0,"parent":0,"menu_order":0,"comment_status":"closed","ping_status":"closed","template":"elementor_header_footer","meta":[],"_links":{"self":[{"href":"http:\/\/www.kmetijstvo-polanec.si\/index.php\/wp-json\/wp\/v2\/pages\/1177"}],"collection":[{"href":"http:\/\/www.kmetijstvo-polanec.si\/index.php\/wp-json\/wp\/v2\/pages"}],"about":[{"href":"http:\/\/www.kmetijstvo-polanec.si\/index.php\/wp-json\/wp\/v2\/types\/page"}],"author":[{"embeddable":true,"href":"http:\/\/www.kmetijstvo-polanec.si\/index.php\/wp-json\/wp\/v2\/users\/1"}],"replies":[{"embeddable":true,"href":"http:\/\/www.kmetijstvo-polanec.si\/index.php\/wp-json\/wp\/v2\/comments?post=1177"}],"version-history":[{"count":21,"href":"http:\/\/www.kmetijstvo-polanec.si\/index.php\/wp-json\/wp\/v2\/pages\/1177\/revisions"}],"predecessor-version":[{"id":2115,"href":"http:\/\/www.kmetijstvo-polanec.si\/index.php\/wp-json\/wp\/v2\/pages\/1177\/revisions\/2115"}],"wp:attachment":[{"href":"http:\/\/www.kmetijstvo-polanec.si\/index.php\/wp-json\/wp\/v2\/media?parent=1177"}],"curies":[{"name":"wp","href":"https:\/\/api.w.org\/{rel}","templated":true}]}}