{"id":1005,"date":"2019-10-24T18:06:56","date_gmt":"2019-10-24T18:06:56","guid":{"rendered":"http:\/\/www.kmetijstvo-polanec.si\/?page_id=1005"},"modified":"2020-02-21T09:38:11","modified_gmt":"2020-02-21T09:38:11","slug":"serija-agri-air","status":"publish","type":"page","link":"http:\/\/www.kmetijstvo-polanec.si\/index.php\/serija-agri-air\/","title":{"rendered":"Serija Agri AIR"},"content":{"rendered":"\t\t<div data-elementor-type=\"wp-page\" data-elementor-id=\"1005\" class=\"elementor elementor-1005\" data-elementor-settings=\"[]\">\n\t\t\t\t\t\t<div class=\"elementor-inner\">\n\t\t\t\t\t\t\t<div class=\"elementor-section-wrap\">\n\t\t\t\t\t\t\t<section class=\"elementor-section elementor-top-section elementor-element elementor-element-136319af elementor-section-boxed elementor-section-height-default elementor-section-height-default\" data-id=\"136319af\" data-element_type=\"section\" data-settings=\"{&quot;background_background&quot;:&quot;classic&quot;}\">\n\t\t\t\t\t\t<div class=\"elementor-container elementor-column-gap-default\">\n\t\t\t\t\t\t\t<div class=\"elementor-row\">\n\t\t\t\t\t<div class=\"elementor-column elementor-col-100 elementor-top-column elementor-element elementor-element-2d554d3b\" data-id=\"2d554d3b\" data-element_type=\"column\">\n\t\t\t<div class=\"elementor-column-wrap elementor-element-populated\">\n\t\t\t\t\t\t\t<div class=\"elementor-widget-wrap\">\n\t\t\t\t\t\t<div class=\"elementor-element elementor-element-445529b1 elementor-hidden-tablet elementor-hidden-phone elementor-widget elementor-widget-spacer\" data-id=\"445529b1\" data-element_type=\"widget\" data-widget_type=\"spacer.default\">\n\t\t\t\t<div class=\"elementor-widget-container\">\n\t\t\t\t\t<div class=\"elementor-spacer\">\n\t\t\t<div class=\"elementor-spacer-inner\"><\/div>\n\t\t<\/div>\n\t\t\t\t<\/div>\n\t\t\t\t<\/div>\n\t\t\t\t<section class=\"elementor-section elementor-inner-section elementor-element elementor-element-1b61fc32 elementor-section-boxed elementor-section-height-default elementor-section-height-default\" data-id=\"1b61fc32\" data-element_type=\"section\">\n\t\t\t\t\t\t<div class=\"elementor-container elementor-column-gap-default\">\n\t\t\t\t\t\t\t<div class=\"elementor-row\">\n\t\t\t\t\t<div class=\"elementor-column elementor-col-50 elementor-inner-column elementor-element elementor-element-fc661e3\" data-id=\"fc661e3\" data-element_type=\"column\">\n\t\t\t<div class=\"elementor-column-wrap elementor-element-populated\">\n\t\t\t\t\t\t\t<div class=\"elementor-widget-wrap\">\n\t\t\t\t\t\t<div class=\"elementor-element elementor-element-cd74b20 animated-slow elementor-invisible elementor-widget elementor-widget-image\" data-id=\"cd74b20\" data-element_type=\"widget\" data-settings=\"{&quot;_animation&quot;:&quot;fadeInLeft&quot;,&quot;_animation_delay&quot;:600}\" data-widget_type=\"image.default\">\n\t\t\t\t<div class=\"elementor-widget-container\">\n\t\t\t\t\t<div class=\"elementor-image\">\n\t\t\t\t\t\t\t<figure class=\"wp-caption\">\n\t\t\t\t\t\t\t\t\t\t\t<a href=\"http:\/\/www.kmetijstvo-polanec.si\/wp-content\/uploads\/2020\/02\/Agri_Air_01-2015_EN-WEB.pdf\" target=\"_blank\">\n\t\t\t\t\t\t\t<img width=\"740\" height=\"1024\" src=\"http:\/\/www.kmetijstvo-polanec.si\/wp-content\/uploads\/2020\/02\/Agri_air-740x1024.png\" class=\"elementor-animation-grow-rotate attachment-large size-large\" alt=\"\" srcset=\"http:\/\/www.kmetijstvo-polanec.si\/wp-content\/uploads\/2020\/02\/Agri_air-740x1024.png 740w, http:\/\/www.kmetijstvo-polanec.si\/wp-content\/uploads\/2020\/02\/Agri_air-217x300.png 217w, http:\/\/www.kmetijstvo-polanec.si\/wp-content\/uploads\/2020\/02\/Agri_air-768x1063.png 768w, http:\/\/www.kmetijstvo-polanec.si\/wp-content\/uploads\/2020\/02\/Agri_air-1109x1536.png 1109w, http:\/\/www.kmetijstvo-polanec.si\/wp-content\/uploads\/2020\/02\/Agri_air.png 1196w\" sizes=\"(max-width: 740px) 100vw, 740px\" \/>\t\t\t\t\t\t\t\t<\/a>\n\t\t\t\t\t\t\t\t\t\t\t<figcaption class=\"widget-image-caption wp-caption-text\">PDF<\/figcaption>\n\t\t\t\t\t\t\t\t\t\t<\/figure>\n\t\t\t\t\t<\/div>\n\t\t\t\t<\/div>\n\t\t\t\t<\/div>\n\t\t\t\t\t\t<\/div>\n\t\t\t\t\t<\/div>\n\t\t<\/div>\n\t\t\t\t<div class=\"elementor-column elementor-col-50 elementor-inner-column elementor-element elementor-element-1a92c8fa\" data-id=\"1a92c8fa\" data-element_type=\"column\">\n\t\t\t<div class=\"elementor-column-wrap elementor-element-populated\">\n\t\t\t\t\t\t\t<div class=\"elementor-widget-wrap\">\n\t\t\t\t\t\t<div class=\"elementor-element elementor-element-7e98a808 animated-slow elementor-invisible elementor-widget elementor-widget-heading\" data-id=\"7e98a808\" data-element_type=\"widget\" data-settings=\"{&quot;_animation&quot;:&quot;fadeInRight&quot;}\" data-widget_type=\"heading.default\">\n\t\t\t\t<div class=\"elementor-widget-container\">\n\t\t\t<h2 class=\"elementor-heading-title elementor-size-default\">Serija Agri AIR<\/h2>\t\t<\/div>\n\t\t\t\t<\/div>\n\t\t\t\t<div class=\"elementor-element elementor-element-380f40dc animated-slow elementor-invisible elementor-widget elementor-widget-text-editor\" data-id=\"380f40dc\" data-element_type=\"widget\" data-settings=\"{&quot;_animation&quot;:&quot;fadeInRight&quot;,&quot;_animation_delay&quot;:300}\" data-widget_type=\"text-editor.default\">\n\t\t\t\t<div class=\"elementor-widget-container\">\n\t\t\t\t\t<div class=\"elementor-text-editor elementor-clearfix\"><p>Agri Air je kot nala\u0161\u010d za manj\u0161e pa\u0161nike na pobo\u010djih ali z valovitim terenom.<\/p><p>Izjemno stabilen in vodljiv, ima Agri Air pnevmatski rezervoar, ki seme usmeri neposredno v odmi\u010dno kolo sejalnega telesa. Menjava vrste semena in ponovna kalibracija se opravi\u00a0 kot bi trenil z o\u010desom. Stroj je dovr\u0161en v detajlnih in vabljiv na pogled.<\/p><p>Na voljo je veliko dodatne opreme ter gladek ali packer valj ter delovna \u0161irina od 2,47 ter v izvedbi Agri TWIN do 5,7 m.<\/p><\/div>\n\t\t\t\t<\/div>\n\t\t\t\t<\/div>\n\t\t\t\t<div class=\"elementor-element elementor-element-26497d5 elementor-widget elementor-widget-image\" data-id=\"26497d5\" data-element_type=\"widget\" data-widget_type=\"image.default\">\n\t\t\t\t<div class=\"elementor-widget-container\">\n\t\t\t\t\t<div class=\"elementor-image\">\n\t\t\t\t\t\t\t\t\t\t<img width=\"700\" height=\"377\" src=\"http:\/\/www.kmetijstvo-polanec.si\/wp-content\/uploads\/2019\/10\/vredo.png\" class=\"attachment-large size-large\" alt=\"\" srcset=\"http:\/\/www.kmetijstvo-polanec.si\/wp-content\/uploads\/2019\/10\/vredo.png 700w, http:\/\/www.kmetijstvo-polanec.si\/wp-content\/uploads\/2019\/10\/vredo-300x162.png 300w\" sizes=\"(max-width: 700px) 100vw, 700px\" \/>\t\t\t\t\t\t\t\t\t\t\t<\/div>\n\t\t\t\t<\/div>\n\t\t\t\t<\/div>\n\t\t\t\t\t\t<\/div>\n\t\t\t\t\t<\/div>\n\t\t<\/div>\n\t\t\t\t\t\t\t\t<\/div>\n\t\t\t\t\t<\/div>\n\t\t<\/section>\n\t\t\t\t<div class=\"elementor-element elementor-element-7c2b94fc animated-slow elementor-invisible elementor-widget elementor-widget-htmega-thumbgallery-addons\" data-id=\"7c2b94fc\" data-element_type=\"widget\" data-settings=\"{&quot;_animation&quot;:&quot;fadeIn&quot;}\" data-widget_type=\"htmega-thumbgallery-addons.default\">\n\t\t\t\t<div class=\"elementor-widget-container\">\n\t\t\t            <div class=\"htmega-sliderarea htmega-thumbnails-style-1\" >\n                <div class=\"htb-row row--5 htb-align-items-center mt--40\">\n\n                                            <div class=\"htb-col-lg-10 htb-col-md-10 htb-col-sm-10\">\n                            <div class=\"ht-thumb-gallery\">\n                                <ul class=\"htmega-thumbgallery-for htmega-arrow-1\" data-settings=\"{&quot;arrows&quot;:true,&quot;arrow_prev_txt&quot;:&quot;&lt;i aria-hidden=\\&quot;true\\&quot; class=\\&quot;fas fa-angle-left\\&quot;&gt;&lt;\\\/i&gt;&quot;,&quot;arrow_next_txt&quot;:&quot;&lt;i aria-hidden=\\&quot;true\\&quot; class=\\&quot;fas fa-angle-right\\&quot;&gt;&lt;\\\/i&gt;&quot;,&quot;dots&quot;:false,&quot;autoplay&quot;:true,&quot;autoplay_speed&quot;:3000,&quot;animation_speed&quot;:300,&quot;pause_on_hover&quot;:true,&quot;center_mode&quot;:false,&quot;center_padding&quot;:0,&quot;display_columns&quot;:1,&quot;scroll_columns&quot;:1,&quot;tablet_width&quot;:750,&quot;tablet_display_columns&quot;:1,&quot;tablet_scroll_columns&quot;:1,&quot;mobile_width&quot;:480,&quot;mobile_display_columns&quot;:1,&quot;mobile_scroll_columns&quot;:1}\">\n                                                                            <li>\n                                            <img width=\"774\" height=\"500\" src=\"http:\/\/www.kmetijstvo-polanec.si\/wp-content\/uploads\/2019\/10\/Agri_AIR_10-1.jpg\" class=\"attachment-large size-large\" alt=\"\" srcset=\"http:\/\/www.kmetijstvo-polanec.si\/wp-content\/uploads\/2019\/10\/Agri_AIR_10-1.jpg 774w, http:\/\/www.kmetijstvo-polanec.si\/wp-content\/uploads\/2019\/10\/Agri_AIR_10-1-300x194.jpg 300w, http:\/\/www.kmetijstvo-polanec.si\/wp-content\/uploads\/2019\/10\/Agri_AIR_10-1-768x496.jpg 768w\" sizes=\"(max-width: 774px) 100vw, 774px\" \/>                                        <\/li>\n                                                                            <li>\n                                            <img width=\"750\" height=\"500\" src=\"http:\/\/www.kmetijstvo-polanec.si\/wp-content\/uploads\/2019\/10\/Agri_AIR_9.jpg\" class=\"attachment-large size-large\" alt=\"\" srcset=\"http:\/\/www.kmetijstvo-polanec.si\/wp-content\/uploads\/2019\/10\/Agri_AIR_9.jpg 750w, http:\/\/www.kmetijstvo-polanec.si\/wp-content\/uploads\/2019\/10\/Agri_AIR_9-300x200.jpg 300w\" sizes=\"(max-width: 750px) 100vw, 750px\" \/>                                        <\/li>\n                                                                            <li>\n                                            <img width=\"889\" height=\"500\" src=\"http:\/\/www.kmetijstvo-polanec.si\/wp-content\/uploads\/2019\/10\/Agri_AIR_8.jpg\" class=\"attachment-large size-large\" alt=\"\" srcset=\"http:\/\/www.kmetijstvo-polanec.si\/wp-content\/uploads\/2019\/10\/Agri_AIR_8.jpg 889w, http:\/\/www.kmetijstvo-polanec.si\/wp-content\/uploads\/2019\/10\/Agri_AIR_8-300x169.jpg 300w, http:\/\/www.kmetijstvo-polanec.si\/wp-content\/uploads\/2019\/10\/Agri_AIR_8-768x432.jpg 768w\" sizes=\"(max-width: 889px) 100vw, 889px\" \/>                                        <\/li>\n                                                                            <li>\n                                            <img width=\"750\" height=\"500\" src=\"http:\/\/www.kmetijstvo-polanec.si\/wp-content\/uploads\/2019\/10\/Agri_AIR_7-1.jpg\" class=\"attachment-large size-large\" alt=\"\" srcset=\"http:\/\/www.kmetijstvo-polanec.si\/wp-content\/uploads\/2019\/10\/Agri_AIR_7-1.jpg 750w, http:\/\/www.kmetijstvo-polanec.si\/wp-content\/uploads\/2019\/10\/Agri_AIR_7-1-300x200.jpg 300w\" sizes=\"(max-width: 750px) 100vw, 750px\" \/>                                        <\/li>\n                                                                            <li>\n                                            <img width=\"750\" height=\"500\" src=\"http:\/\/www.kmetijstvo-polanec.si\/wp-content\/uploads\/2019\/10\/Agri_AIR_5.jpg\" class=\"attachment-large size-large\" alt=\"\" srcset=\"http:\/\/www.kmetijstvo-polanec.si\/wp-content\/uploads\/2019\/10\/Agri_AIR_5.jpg 750w, http:\/\/www.kmetijstvo-polanec.si\/wp-content\/uploads\/2019\/10\/Agri_AIR_5-300x200.jpg 300w\" sizes=\"(max-width: 750px) 100vw, 750px\" \/>                                        <\/li>\n                                                                            <li>\n                                            <img width=\"750\" height=\"500\" src=\"http:\/\/www.kmetijstvo-polanec.si\/wp-content\/uploads\/2019\/10\/Agri_AIR_6.jpg\" class=\"attachment-large size-large\" alt=\"\" srcset=\"http:\/\/www.kmetijstvo-polanec.si\/wp-content\/uploads\/2019\/10\/Agri_AIR_6.jpg 750w, http:\/\/www.kmetijstvo-polanec.si\/wp-content\/uploads\/2019\/10\/Agri_AIR_6-300x200.jpg 300w\" sizes=\"(max-width: 750px) 100vw, 750px\" \/>                                        <\/li>\n                                                                            <li>\n                                            <img width=\"667\" height=\"500\" src=\"http:\/\/www.kmetijstvo-polanec.si\/wp-content\/uploads\/2019\/10\/Agri_AIR_3.jpg\" class=\"attachment-large size-large\" alt=\"\" srcset=\"http:\/\/www.kmetijstvo-polanec.si\/wp-content\/uploads\/2019\/10\/Agri_AIR_3.jpg 667w, http:\/\/www.kmetijstvo-polanec.si\/wp-content\/uploads\/2019\/10\/Agri_AIR_3-300x225.jpg 300w, http:\/\/www.kmetijstvo-polanec.si\/wp-content\/uploads\/2019\/10\/Agri_AIR_3-640x480.jpg 640w\" sizes=\"(max-width: 667px) 100vw, 667px\" \/>                                        <\/li>\n                                                                            <li>\n                                            <img width=\"667\" height=\"500\" src=\"http:\/\/www.kmetijstvo-polanec.si\/wp-content\/uploads\/2019\/10\/Agri_AIR_1.jpg\" class=\"attachment-large size-large\" alt=\"\" srcset=\"http:\/\/www.kmetijstvo-polanec.si\/wp-content\/uploads\/2019\/10\/Agri_AIR_1.jpg 667w, http:\/\/www.kmetijstvo-polanec.si\/wp-content\/uploads\/2019\/10\/Agri_AIR_1-300x225.jpg 300w, http:\/\/www.kmetijstvo-polanec.si\/wp-content\/uploads\/2019\/10\/Agri_AIR_1-640x480.jpg 640w\" sizes=\"(max-width: 667px) 100vw, 667px\" \/>                                        <\/li>\n                                                                    <\/ul>\n\n                            <\/div>\n                        <\/div>\n\n                        <div class=\"htb-col-lg-2 htb-col-md-2 htb-col-sm-2\">\n                            <div class=\"htmega-thumbgallery-nav \" data-navsettings=\"{&quot;navarrows&quot;:true,&quot;navarrow_prev_txt&quot;:&quot;&lt;i aria-hidden=\\&quot;true\\&quot; class=\\&quot;fas fa-angle-left\\&quot;&gt;&lt;\\\/i&gt;&quot;,&quot;navarrow_next_txt&quot;:&quot;&lt;i aria-hidden=\\&quot;true\\&quot; class=\\&quot;fas fa-angle-right\\&quot;&gt;&lt;\\\/i&gt;&quot;,&quot;navdots&quot;:false,&quot;navvertical&quot;:true,&quot;navautoplay&quot;:false,&quot;navautoplay_speed&quot;:3000,&quot;navanimation_speed&quot;:300,&quot;navpause_on_hover&quot;:true,&quot;navcenter_mode&quot;:false,&quot;navcenter_padding&quot;:0,&quot;navdisplay_columns&quot;:4,&quot;navscroll_columns&quot;:1,&quot;navtablet_width&quot;:750,&quot;navtablet_display_columns&quot;:1,&quot;navtablet_scroll_columns&quot;:1,&quot;navmobile_width&quot;:480,&quot;navmobile_display_columns&quot;:1,&quot;navmobile_scroll_columns&quot;:1}\" >\n                                                                    <div class=\"small-thumb\">\n                                        <img width=\"774\" height=\"500\" src=\"http:\/\/www.kmetijstvo-polanec.si\/wp-content\/uploads\/2019\/10\/Agri_AIR_10-1.jpg\" class=\"attachment-large size-large\" alt=\"\" srcset=\"http:\/\/www.kmetijstvo-polanec.si\/wp-content\/uploads\/2019\/10\/Agri_AIR_10-1.jpg 774w, http:\/\/www.kmetijstvo-polanec.si\/wp-content\/uploads\/2019\/10\/Agri_AIR_10-1-300x194.jpg 300w, http:\/\/www.kmetijstvo-polanec.si\/wp-content\/uploads\/2019\/10\/Agri_AIR_10-1-768x496.jpg 768w\" sizes=\"(max-width: 774px) 100vw, 774px\" \/>                                    <\/div>\n                                                                    <div class=\"small-thumb\">\n                                        <img width=\"750\" height=\"500\" src=\"http:\/\/www.kmetijstvo-polanec.si\/wp-content\/uploads\/2019\/10\/Agri_AIR_9.jpg\" class=\"attachment-large size-large\" alt=\"\" srcset=\"http:\/\/www.kmetijstvo-polanec.si\/wp-content\/uploads\/2019\/10\/Agri_AIR_9.jpg 750w, http:\/\/www.kmetijstvo-polanec.si\/wp-content\/uploads\/2019\/10\/Agri_AIR_9-300x200.jpg 300w\" sizes=\"(max-width: 750px) 100vw, 750px\" \/>                                    <\/div>\n                                                                    <div class=\"small-thumb\">\n                                        <img width=\"889\" height=\"500\" src=\"http:\/\/www.kmetijstvo-polanec.si\/wp-content\/uploads\/2019\/10\/Agri_AIR_8.jpg\" class=\"attachment-large size-large\" alt=\"\" srcset=\"http:\/\/www.kmetijstvo-polanec.si\/wp-content\/uploads\/2019\/10\/Agri_AIR_8.jpg 889w, http:\/\/www.kmetijstvo-polanec.si\/wp-content\/uploads\/2019\/10\/Agri_AIR_8-300x169.jpg 300w, http:\/\/www.kmetijstvo-polanec.si\/wp-content\/uploads\/2019\/10\/Agri_AIR_8-768x432.jpg 768w\" sizes=\"(max-width: 889px) 100vw, 889px\" \/>                                    <\/div>\n                                                                    <div class=\"small-thumb\">\n                                        <img width=\"750\" height=\"500\" src=\"http:\/\/www.kmetijstvo-polanec.si\/wp-content\/uploads\/2019\/10\/Agri_AIR_7-1.jpg\" class=\"attachment-large size-large\" alt=\"\" srcset=\"http:\/\/www.kmetijstvo-polanec.si\/wp-content\/uploads\/2019\/10\/Agri_AIR_7-1.jpg 750w, http:\/\/www.kmetijstvo-polanec.si\/wp-content\/uploads\/2019\/10\/Agri_AIR_7-1-300x200.jpg 300w\" sizes=\"(max-width: 750px) 100vw, 750px\" \/>                                    <\/div>\n                                                                    <div class=\"small-thumb\">\n                                        <img width=\"750\" height=\"500\" src=\"http:\/\/www.kmetijstvo-polanec.si\/wp-content\/uploads\/2019\/10\/Agri_AIR_5.jpg\" class=\"attachment-large size-large\" alt=\"\" srcset=\"http:\/\/www.kmetijstvo-polanec.si\/wp-content\/uploads\/2019\/10\/Agri_AIR_5.jpg 750w, http:\/\/www.kmetijstvo-polanec.si\/wp-content\/uploads\/2019\/10\/Agri_AIR_5-300x200.jpg 300w\" sizes=\"(max-width: 750px) 100vw, 750px\" \/>                                    <\/div>\n                                                                    <div class=\"small-thumb\">\n                                        <img width=\"750\" height=\"500\" src=\"http:\/\/www.kmetijstvo-polanec.si\/wp-content\/uploads\/2019\/10\/Agri_AIR_6.jpg\" class=\"attachment-large size-large\" alt=\"\" srcset=\"http:\/\/www.kmetijstvo-polanec.si\/wp-content\/uploads\/2019\/10\/Agri_AIR_6.jpg 750w, http:\/\/www.kmetijstvo-polanec.si\/wp-content\/uploads\/2019\/10\/Agri_AIR_6-300x200.jpg 300w\" sizes=\"(max-width: 750px) 100vw, 750px\" \/>                                    <\/div>\n                                                                    <div class=\"small-thumb\">\n                                        <img width=\"667\" height=\"500\" src=\"http:\/\/www.kmetijstvo-polanec.si\/wp-content\/uploads\/2019\/10\/Agri_AIR_3.jpg\" class=\"attachment-large size-large\" alt=\"\" srcset=\"http:\/\/www.kmetijstvo-polanec.si\/wp-content\/uploads\/2019\/10\/Agri_AIR_3.jpg 667w, http:\/\/www.kmetijstvo-polanec.si\/wp-content\/uploads\/2019\/10\/Agri_AIR_3-300x225.jpg 300w, http:\/\/www.kmetijstvo-polanec.si\/wp-content\/uploads\/2019\/10\/Agri_AIR_3-640x480.jpg 640w\" sizes=\"(max-width: 667px) 100vw, 667px\" \/>                                    <\/div>\n                                                                    <div class=\"small-thumb\">\n                                        <img width=\"667\" height=\"500\" src=\"http:\/\/www.kmetijstvo-polanec.si\/wp-content\/uploads\/2019\/10\/Agri_AIR_1.jpg\" class=\"attachment-large size-large\" alt=\"\" srcset=\"http:\/\/www.kmetijstvo-polanec.si\/wp-content\/uploads\/2019\/10\/Agri_AIR_1.jpg 667w, http:\/\/www.kmetijstvo-polanec.si\/wp-content\/uploads\/2019\/10\/Agri_AIR_1-300x225.jpg 300w, http:\/\/www.kmetijstvo-polanec.si\/wp-content\/uploads\/2019\/10\/Agri_AIR_1-640x480.jpg 640w\" sizes=\"(max-width: 667px) 100vw, 667px\" \/>                                    <\/div>\n                                                            <\/div>\n                        <\/div>\n                    \n                    <!-- End Thumb Gallery -->\n                <\/div>\n            <\/div>\n\n        \t\t<\/div>\n\t\t\t\t<\/div>\n\t\t\t\t\t\t<\/div>\n\t\t\t\t\t<\/div>\n\t\t<\/div>\n\t\t\t\t\t\t\t\t<\/div>\n\t\t\t\t\t<\/div>\n\t\t<\/section>\n\t\t\t\t\t\t<\/div>\n\t\t\t\t\t\t<\/div>\n\t\t\t\t\t<\/div>\n\t\t","protected":false},"excerpt":{"rendered":"<p>PDF Serija Agri AIR Agri Air je kot nala\u0161\u010d za manj\u0161e pa\u0161nike na pobo\u010djih ali z valovitim terenom. Izjemno stabilen in vodljiv, ima Agri Air pnevmatski rezervoar, ki seme usmeri<\/p>\n<p class=\"more-link\"><a href=\"http:\/\/www.kmetijstvo-polanec.si\/index.php\/serija-agri-air\/\" class=\"readmore\">Ve\u010d<svg class=\"icon icon-angle-right\" aria-hidden=\"true\" role=\"img\"> <use href=\"#icon-angle-right\" xlink:href=\"#icon-angle-right\"><\/use> <\/svg><span class=\"screen-reader-text\">Serija Agri AIR<\/span><\/a><\/p>\n","protected":false},"author":1,"featured_media":0,"parent":0,"menu_order":0,"comment_status":"closed","ping_status":"closed","template":"elementor_header_footer","meta":[],"_links":{"self":[{"href":"http:\/\/www.kmetijstvo-polanec.si\/index.php\/wp-json\/wp\/v2\/pages\/1005"}],"collection":[{"href":"http:\/\/www.kmetijstvo-polanec.si\/index.php\/wp-json\/wp\/v2\/pages"}],"about":[{"href":"http:\/\/www.kmetijstvo-polanec.si\/index.php\/wp-json\/wp\/v2\/types\/page"}],"author":[{"embeddable":true,"href":"http:\/\/www.kmetijstvo-polanec.si\/index.php\/wp-json\/wp\/v2\/users\/1"}],"replies":[{"embeddable":true,"href":"http:\/\/www.kmetijstvo-polanec.si\/index.php\/wp-json\/wp\/v2\/comments?post=1005"}],"version-history":[{"count":7,"href":"http:\/\/www.kmetijstvo-polanec.si\/index.php\/wp-json\/wp\/v2\/pages\/1005\/revisions"}],"predecessor-version":[{"id":1605,"href":"http:\/\/www.kmetijstvo-polanec.si\/index.php\/wp-json\/wp\/v2\/pages\/1005\/revisions\/1605"}],"wp:attachment":[{"href":"http:\/\/www.kmetijstvo-polanec.si\/index.php\/wp-json\/wp\/v2\/media?parent=1005"}],"curies":[{"name":"wp","href":"https:\/\/api.w.org\/{rel}","templated":true}]}}